{"id":1038,"date":"2026-02-24T15:53:43","date_gmt":"2026-02-24T14:53:43","guid":{"rendered":"https:\/\/timabelou.thuglifenforce2.ovh\/?page_id=1038"},"modified":"2026-03-13T16:42:01","modified_gmt":"2026-03-13T15:42:01","slug":"collection-giulia","status":"publish","type":"page","link":"https:\/\/timabelou.thuglifenforce2.ovh\/index.php\/collection-giulia\/","title":{"rendered":"Collection Giulia"},"content":{"rendered":"\t\t<div data-elementor-type=\"wp-page\" data-elementor-id=\"1038\" class=\"elementor elementor-1038\" data-elementor-post-type=\"page\">\n\t\t\t\t<div class=\"elementor-element elementor-element-58386189 e-flex e-con-boxed e-con e-parent\" data-id=\"58386189\" data-element_type=\"container\" data-e-type=\"container\" data-settings=\"{&quot;background_background&quot;:&quot;classic&quot;}\">\n\t\t\t\t\t<div class=\"e-con-inner\">\n\t\t<div class=\"elementor-element elementor-element-4bbfa0e6 e-con-full e-flex e-con e-child\" data-id=\"4bbfa0e6\" data-element_type=\"container\" data-e-type=\"container\">\n\t\t\t\t<div class=\"elementor-element elementor-element-4d6cbdeb elementor-widget elementor-widget-heading\" data-id=\"4d6cbdeb\" data-element_type=\"widget\" data-e-type=\"widget\" data-widget_type=\"heading.default\">\n\t\t\t\t\t<h2 class=\"elementor-heading-title elementor-size-default\">Collection R\u00eave d\u2019Amour\n<\/h2>\t\t\t\t<\/div>\n\t\t\t\t<div class=\"elementor-element elementor-element-20835afb elementor-widget elementor-widget-text-editor\" data-id=\"20835afb\" data-element_type=\"widget\" data-e-type=\"widget\" data-widget_type=\"text-editor.default\">\n\t\t\t\t\t\t\t\t\t<p data-start=\"798\" data-end=\"845\">Une collection audacieuse au caract\u00e8re affirm\u00e9<\/p><p data-start=\"847\" data-end=\"872\">\u00a0<\/p>\t\t\t\t\t\t\t\t<\/div>\n\t\t\t\t<\/div>\n\t\t\t\t\t<\/div>\n\t\t\t\t<\/div>\n\t\t<div class=\"elementor-element elementor-element-7d584a3b e-flex e-con-boxed e-con e-parent\" data-id=\"7d584a3b\" data-element_type=\"container\" data-e-type=\"container\">\n\t\t\t\t\t<div class=\"e-con-inner\">\n\t\t\t\t<div class=\"elementor-element elementor-element-223f23ca elementor-widget elementor-widget-spacer\" data-id=\"223f23ca\" data-element_type=\"widget\" data-e-type=\"widget\" data-widget_type=\"spacer.default\">\n\t\t\t\t\t\t\t<div class=\"elementor-spacer\">\n\t\t\t<div class=\"elementor-spacer-inner\"><\/div>\n\t\t<\/div>\n\t\t\t\t\t\t<\/div>\n\t\t\t\t\t<\/div>\n\t\t\t\t<\/div>\n\t\t<div class=\"elementor-element elementor-element-7f1c7e53 e-flex e-con-boxed e-con e-parent\" data-id=\"7f1c7e53\" data-element_type=\"container\" data-e-type=\"container\">\n\t\t\t\t\t<div class=\"e-con-inner\">\n\t\t\t\t<div class=\"elementor-element elementor-element-42fffcbf elementor-widget__width-initial elementor-widget elementor-widget-text-editor\" data-id=\"42fffcbf\" data-element_type=\"widget\" data-e-type=\"widget\" data-widget_type=\"text-editor.default\">\n\t\t\t\t\t\t\t\t\t<p data-start=\"255\" data-end=\"553\">La collection R\u00eave d\u2019Amour propose des robes douces et romantiques pleines de l\u00e9g\u00e8ret\u00e9.<br data-start=\"2045\" data-end=\"2048\" \/>Les tissus fluides apportent confort et \u00e9l\u00e9gance \u00e0 chaque mouvement.<br data-start=\"2116\" data-end=\"2119\" \/>Les broderies et la dentelle ajoutent une touche d\u00e9licate et f\u00e9minine.<br data-start=\"2189\" data-end=\"2192\" \/>Chaque mod\u00e8le est con\u00e7u pour mettre en valeur la mari\u00e9e avec simplicit\u00e9.<br data-start=\"2264\" data-end=\"2267\" \/>Une collection parfaite pour un mariage rempli d\u2019\u00e9motion.<\/p>\t\t\t\t\t\t\t\t<\/div>\n\t\t\t\t\t<\/div>\n\t\t\t\t<\/div>\n\t\t<div class=\"elementor-element elementor-element-71b76b5 e-flex e-con-boxed e-con e-parent\" data-id=\"71b76b5\" data-element_type=\"container\" data-e-type=\"container\">\n\t\t\t\t\t<div class=\"e-con-inner\">\n\t\t\t\t<div class=\"elementor-element elementor-element-9f9c43d elementor-widget elementor-widget-spacer\" data-id=\"9f9c43d\" data-element_type=\"widget\" data-e-type=\"widget\" data-widget_type=\"spacer.default\">\n\t\t\t\t\t\t\t<div class=\"elementor-spacer\">\n\t\t\t<div class=\"elementor-spacer-inner\"><\/div>\n\t\t<\/div>\n\t\t\t\t\t\t<\/div>\n\t\t\t\t\t<\/div>\n\t\t\t\t<\/div>\n\t\t<div class=\"elementor-element elementor-element-414875a9 collection-gallery e-flex e-con-boxed e-con e-parent\" data-id=\"414875a9\" data-element_type=\"container\" data-e-type=\"container\">\n\t\t\t\t\t<div class=\"e-con-inner\">\n\t\t<div class=\"elementor-element elementor-element-7313dd35 e-con-full collection-card e-flex e-con e-child\" data-id=\"7313dd35\" data-element_type=\"container\" data-e-type=\"container\" data-settings=\"{&quot;background_background&quot;:&quot;classic&quot;}\">\n\t\t<a class=\"elementor-element elementor-element-56656b59 e-con-full collection-content e-flex e-con e-child\" data-id=\"56656b59\" data-element_type=\"container\" data-e-type=\"container\" href=\"https:\/\/timabelou.thuglifenforce2.ovh\/index.php\/produit\/ilan\/\">\n\t\t\t\t<div class=\"elementor-element elementor-element-1662b45 collection-title elementor-widget elementor-widget-heading\" data-id=\"1662b45\" data-element_type=\"widget\" data-e-type=\"widget\" data-widget_type=\"heading.default\">\n\t\t\t\t\t<h2 class=\"elementor-heading-title elementor-size-default\">Ilan<\/h2>\t\t\t\t<\/div>\n\t\t\t\t<\/a>\n\t\t\t\t<\/div>\n\t\t<div class=\"elementor-element elementor-element-36c8a682 e-con-full collection-card e-flex e-con e-child\" data-id=\"36c8a682\" data-element_type=\"container\" data-e-type=\"container\" data-settings=\"{&quot;background_background&quot;:&quot;classic&quot;}\">\n\t\t<a class=\"elementor-element elementor-element-6a7f486e e-con-full collection-content e-flex e-con e-child\" data-id=\"6a7f486e\" data-element_type=\"container\" data-e-type=\"container\" href=\"https:\/\/timabelou.thuglifenforce2.ovh\/index.php\/produit\/loma\/\">\n\t\t\t\t<div class=\"elementor-element elementor-element-1f6228a collection-title elementor-widget elementor-widget-heading\" data-id=\"1f6228a\" data-element_type=\"widget\" data-e-type=\"widget\" data-widget_type=\"heading.default\">\n\t\t\t\t\t<h2 class=\"elementor-heading-title elementor-size-default\">Loma<\/h2>\t\t\t\t<\/div>\n\t\t\t\t<\/a>\n\t\t\t\t<\/div>\n\t\t<div class=\"elementor-element elementor-element-e165740 e-con-full collection-card e-flex e-con e-child\" data-id=\"e165740\" data-element_type=\"container\" data-e-type=\"container\" data-settings=\"{&quot;background_background&quot;:&quot;classic&quot;}\">\n\t\t<a class=\"elementor-element elementor-element-57ef2dc8 e-con-full collection-content e-flex e-con e-child\" data-id=\"57ef2dc8\" data-element_type=\"container\" data-e-type=\"container\" href=\"https:\/\/timabelou.thuglifenforce2.ovh\/index.php\/produit\/luca\/\">\n\t\t\t\t<div class=\"elementor-element elementor-element-46dbd7b4 collection-title elementor-widget elementor-widget-heading\" data-id=\"46dbd7b4\" data-element_type=\"widget\" data-e-type=\"widget\" data-widget_type=\"heading.default\">\n\t\t\t\t\t<h2 class=\"elementor-heading-title elementor-size-default\">Luca<\/h2>\t\t\t\t<\/div>\n\t\t\t\t<\/a>\n\t\t\t\t<\/div>\n\t\t<div class=\"elementor-element elementor-element-7b46e7f6 e-con-full collection-card e-flex e-con e-child\" data-id=\"7b46e7f6\" data-element_type=\"container\" data-e-type=\"container\" data-settings=\"{&quot;background_background&quot;:&quot;classic&quot;}\">\n\t\t<a class=\"elementor-element elementor-element-132a37be e-con-full collection-content e-flex e-con e-child\" data-id=\"132a37be\" data-element_type=\"container\" data-e-type=\"container\" href=\"https:\/\/timabelou.thuglifenforce2.ovh\/index.php\/produit\/milan\/\">\n\t\t\t\t<div class=\"elementor-element elementor-element-6b1a888 collection-title elementor-widget elementor-widget-heading\" data-id=\"6b1a888\" data-element_type=\"widget\" data-e-type=\"widget\" data-widget_type=\"heading.default\">\n\t\t\t\t\t<h2 class=\"elementor-heading-title elementor-size-default\">Milan<\/h2>\t\t\t\t<\/div>\n\t\t\t\t<\/a>\n\t\t\t\t<\/div>\n\t\t<div class=\"elementor-element elementor-element-5629f407 e-con-full collection-card e-flex e-con e-child\" data-id=\"5629f407\" data-element_type=\"container\" data-e-type=\"container\" data-settings=\"{&quot;background_background&quot;:&quot;classic&quot;}\">\n\t\t<a class=\"elementor-element elementor-element-1339b8e7 e-con-full collection-content e-flex e-con e-child\" data-id=\"1339b8e7\" data-element_type=\"container\" data-e-type=\"container\" href=\"https:\/\/timabelou.thuglifenforce2.ovh\/index.php\/produit\/yanis\/\">\n\t\t\t\t<div class=\"elementor-element elementor-element-63f27b55 collection-title elementor-widget elementor-widget-heading\" data-id=\"63f27b55\" data-element_type=\"widget\" data-e-type=\"widget\" data-widget_type=\"heading.default\">\n\t\t\t\t\t<h2 class=\"elementor-heading-title elementor-size-default\">Yanis<\/h2>\t\t\t\t<\/div>\n\t\t\t\t<\/a>\n\t\t\t\t<\/div>\n\t\t\t\t\t<\/div>\n\t\t\t\t<\/div>\n\t\t\t\t<\/div>\n\t\t","protected":false},"excerpt":{"rendered":"<p>Collection R\u00eave d\u2019Amour Une collection audacieuse au caract\u00e8re affirm\u00e9 \u00a0 La collection R\u00eave d\u2019Amour propose des robes douces et romantiques pleines de l\u00e9g\u00e8ret\u00e9.Les tissus fluides apportent confort et \u00e9l\u00e9gance \u00e0 chaque mouvement.Les broderies et la dentelle ajoutent une touche d\u00e9licate et f\u00e9minine.Chaque mod\u00e8le est con\u00e7u pour mettre en valeur la mari\u00e9e avec simplicit\u00e9.Une collection parfaite [&hellip;]<\/p>\n","protected":false},"author":1,"featured_media":0,"parent":0,"menu_order":0,"comment_status":"closed","ping_status":"closed","template":"","meta":{"footnotes":""},"class_list":["post-1038","page","type-page","status-publish","hentry"],"jetpack_sharing_enabled":true,"_links":{"self":[{"href":"https:\/\/timabelou.thuglifenforce2.ovh\/index.php\/wp-json\/wp\/v2\/pages\/1038","targetHints":{"allow":["GET"]}}],"collection":[{"href":"https:\/\/timabelou.thuglifenforce2.ovh\/index.php\/wp-json\/wp\/v2\/pages"}],"about":[{"href":"https:\/\/timabelou.thuglifenforce2.ovh\/index.php\/wp-json\/wp\/v2\/types\/page"}],"author":[{"embeddable":true,"href":"https:\/\/timabelou.thuglifenforce2.ovh\/index.php\/wp-json\/wp\/v2\/users\/1"}],"replies":[{"embeddable":true,"href":"https:\/\/timabelou.thuglifenforce2.ovh\/index.php\/wp-json\/wp\/v2\/comments?post=1038"}],"version-history":[{"count":34,"href":"https:\/\/timabelou.thuglifenforce2.ovh\/index.php\/wp-json\/wp\/v2\/pages\/1038\/revisions"}],"predecessor-version":[{"id":2536,"href":"https:\/\/timabelou.thuglifenforce2.ovh\/index.php\/wp-json\/wp\/v2\/pages\/1038\/revisions\/2536"}],"wp:attachment":[{"href":"https:\/\/timabelou.thuglifenforce2.ovh\/index.php\/wp-json\/wp\/v2\/media?parent=1038"}],"curies":[{"name":"wp","href":"https:\/\/api.w.org\/{rel}","templated":true}]}}