{"id":1047,"date":"2026-02-24T16:25:33","date_gmt":"2026-02-24T15:25:33","guid":{"rendered":"https:\/\/timabelou.thuglifenforce2.ovh\/?page_id=1047"},"modified":"2026-03-13T16:07:07","modified_gmt":"2026-03-13T15:07:07","slug":"collection-amaia","status":"publish","type":"page","link":"https:\/\/timabelou.thuglifenforce2.ovh\/index.php\/collection-amaia\/","title":{"rendered":"Collection Amaia"},"content":{"rendered":"\t\t<div data-elementor-type=\"wp-page\" data-elementor-id=\"1047\" class=\"elementor elementor-1047\" data-elementor-post-type=\"page\">\n\t\t\t\t<div class=\"elementor-element elementor-element-5f6eaeb7 e-flex e-con-boxed e-con e-parent\" data-id=\"5f6eaeb7\" data-element_type=\"container\" data-e-type=\"container\" data-settings=\"{&quot;background_background&quot;:&quot;classic&quot;}\">\n\t\t\t\t\t<div class=\"e-con-inner\">\n\t\t<div class=\"elementor-element elementor-element-7726e5a e-con-full e-flex e-con e-child\" data-id=\"7726e5a\" data-element_type=\"container\" data-e-type=\"container\">\n\t\t\t\t<div class=\"elementor-element elementor-element-70bce300 elementor-widget elementor-widget-heading\" data-id=\"70bce300\" data-element_type=\"widget\" data-e-type=\"widget\" data-widget_type=\"heading.default\">\n\t\t\t\t\t<h2 class=\"elementor-heading-title elementor-size-default\">Collection Jardin Secret\n<\/h2>\t\t\t\t<\/div>\n\t\t\t\t<div class=\"elementor-element elementor-element-3954fadb elementor-widget elementor-widget-text-editor\" data-id=\"3954fadb\" data-element_type=\"widget\" data-e-type=\"widget\" data-widget_type=\"text-editor.default\">\n\t\t\t\t\t\t\t\t\t<p data-start=\"365\" data-end=\"447\">Inspir\u00e9e par la libert\u00e9 et le mouvement<\/p>\t\t\t\t\t\t\t\t<\/div>\n\t\t\t\t<\/div>\n\t\t\t\t\t<\/div>\n\t\t\t\t<\/div>\n\t\t<div class=\"elementor-element elementor-element-7bf76e75 e-flex e-con-boxed e-con e-parent\" data-id=\"7bf76e75\" data-element_type=\"container\" data-e-type=\"container\">\n\t\t\t\t\t<div class=\"e-con-inner\">\n\t\t\t\t<div class=\"elementor-element elementor-element-5c7b807e elementor-widget elementor-widget-spacer\" data-id=\"5c7b807e\" data-element_type=\"widget\" data-e-type=\"widget\" data-widget_type=\"spacer.default\">\n\t\t\t\t\t\t\t<div class=\"elementor-spacer\">\n\t\t\t<div class=\"elementor-spacer-inner\"><\/div>\n\t\t<\/div>\n\t\t\t\t\t\t<\/div>\n\t\t\t\t\t<\/div>\n\t\t\t\t<\/div>\n\t\t<div class=\"elementor-element elementor-element-7b3b1426 e-flex e-con-boxed e-con e-parent\" data-id=\"7b3b1426\" data-element_type=\"container\" data-e-type=\"container\">\n\t\t\t\t\t<div class=\"e-con-inner\">\n\t\t\t\t<div class=\"elementor-element elementor-element-3ba257fb elementor-widget__width-initial elementor-widget elementor-widget-text-editor\" data-id=\"3ba257fb\" data-element_type=\"widget\" data-e-type=\"widget\" data-widget_type=\"text-editor.default\">\n\t\t\t\t\t\t\t\t\t<p>La collection Jardin Secret s\u2019inspire de la nature et des mariages romantiques en plein air.<br data-start=\"1224\" data-end=\"1227\" \/>Les robes sont fluides, l\u00e9g\u00e8res et orn\u00e9es de dentelles aux motifs floraux.<br data-start=\"1301\" data-end=\"1304\" \/>Chaque mod\u00e8le apporte douceur et mouvement \u00e0 la silhouette.<br data-start=\"1363\" data-end=\"1366\" \/>Les coupes sont confortables tout en restant tr\u00e8s f\u00e9minines.<br data-start=\"1426\" data-end=\"1429\" \/>Une collection id\u00e9ale pour un mariage boh\u00e8me et naturel.<\/p>\t\t\t\t\t\t\t\t<\/div>\n\t\t\t\t\t<\/div>\n\t\t\t\t<\/div>\n\t\t<div class=\"elementor-element elementor-element-adb1eb5 e-flex e-con-boxed e-con e-parent\" data-id=\"adb1eb5\" data-element_type=\"container\" data-e-type=\"container\">\n\t\t\t\t\t<div class=\"e-con-inner\">\n\t\t\t\t<div class=\"elementor-element elementor-element-7b42f03 elementor-widget elementor-widget-spacer\" data-id=\"7b42f03\" data-element_type=\"widget\" data-e-type=\"widget\" data-widget_type=\"spacer.default\">\n\t\t\t\t\t\t\t<div class=\"elementor-spacer\">\n\t\t\t<div class=\"elementor-spacer-inner\"><\/div>\n\t\t<\/div>\n\t\t\t\t\t\t<\/div>\n\t\t\t\t\t<\/div>\n\t\t\t\t<\/div>\n\t\t<div class=\"elementor-element elementor-element-65f50bbe collection-gallery e-flex e-con-boxed e-con e-parent\" data-id=\"65f50bbe\" data-element_type=\"container\" data-e-type=\"container\">\n\t\t\t\t\t<div class=\"e-con-inner\">\n\t\t<div class=\"elementor-element elementor-element-645657ed e-con-full collection-card e-flex e-con e-child\" data-id=\"645657ed\" data-element_type=\"container\" data-e-type=\"container\" data-settings=\"{&quot;background_background&quot;:&quot;classic&quot;}\">\n\t\t<a class=\"elementor-element elementor-element-400348de e-con-full collection-content e-flex e-con e-child\" data-id=\"400348de\" data-element_type=\"container\" data-e-type=\"container\" href=\"https:\/\/timabelou.thuglifenforce2.ovh\/index.php\/produit\/alba\/\">\n\t\t\t\t<div class=\"elementor-element elementor-element-ef1a1c4 collection-title elementor-widget elementor-widget-heading\" data-id=\"ef1a1c4\" data-element_type=\"widget\" data-e-type=\"widget\" data-widget_type=\"heading.default\">\n\t\t\t\t\t<h2 class=\"elementor-heading-title elementor-size-default\">Alba<\/h2>\t\t\t\t<\/div>\n\t\t\t\t<\/a>\n\t\t\t\t<\/div>\n\t\t<div class=\"elementor-element elementor-element-5c39391 e-con-full collection-card e-flex e-con e-child\" data-id=\"5c39391\" data-element_type=\"container\" data-e-type=\"container\" data-settings=\"{&quot;background_background&quot;:&quot;classic&quot;}\">\n\t\t<a class=\"elementor-element elementor-element-6719eb01 e-con-full collection-content e-flex e-con e-child\" data-id=\"6719eb01\" data-element_type=\"container\" data-e-type=\"container\" href=\"https:\/\/timabelou.thuglifenforce2.ovh\/index.php\/produit\/elisa\/\">\n\t\t\t\t<div class=\"elementor-element elementor-element-528a4b53 collection-title elementor-widget elementor-widget-heading\" data-id=\"528a4b53\" data-element_type=\"widget\" data-e-type=\"widget\" data-widget_type=\"heading.default\">\n\t\t\t\t\t<h2 class=\"elementor-heading-title elementor-size-default\">Elisa<\/h2>\t\t\t\t<\/div>\n\t\t\t\t<\/a>\n\t\t\t\t<\/div>\n\t\t<div class=\"elementor-element elementor-element-64d35641 e-con-full collection-card e-flex e-con e-child\" data-id=\"64d35641\" data-element_type=\"container\" data-e-type=\"container\" data-settings=\"{&quot;background_background&quot;:&quot;classic&quot;}\">\n\t\t<a class=\"elementor-element elementor-element-45a8fdf e-con-full collection-content e-flex e-con e-child\" data-id=\"45a8fdf\" data-element_type=\"container\" data-e-type=\"container\" href=\"https:\/\/timabelou.thuglifenforce2.ovh\/index.php\/produit\/lelina\/\">\n\t\t\t\t<div class=\"elementor-element elementor-element-74ccb257 collection-title elementor-widget elementor-widget-heading\" data-id=\"74ccb257\" data-element_type=\"widget\" data-e-type=\"widget\" data-widget_type=\"heading.default\">\n\t\t\t\t\t<h2 class=\"elementor-heading-title elementor-size-default\">L\u00e9lina<\/h2>\t\t\t\t<\/div>\n\t\t\t\t<\/a>\n\t\t\t\t<\/div>\n\t\t<div class=\"elementor-element elementor-element-2c6fa195 e-con-full collection-card e-flex e-con e-child\" data-id=\"2c6fa195\" data-element_type=\"container\" data-e-type=\"container\" data-settings=\"{&quot;background_background&quot;:&quot;classic&quot;}\">\n\t\t<a class=\"elementor-element elementor-element-2bcd601e e-con-full collection-content e-flex e-con e-child\" data-id=\"2bcd601e\" data-element_type=\"container\" data-e-type=\"container\" href=\"https:\/\/timabelou.thuglifenforce2.ovh\/index.php\/produit\/margot\/\">\n\t\t\t\t<div class=\"elementor-element elementor-element-37f4bc31 collection-title elementor-widget elementor-widget-heading\" data-id=\"37f4bc31\" data-element_type=\"widget\" data-e-type=\"widget\" data-widget_type=\"heading.default\">\n\t\t\t\t\t<h2 class=\"elementor-heading-title elementor-size-default\">Margot<\/h2>\t\t\t\t<\/div>\n\t\t\t\t<\/a>\n\t\t\t\t<\/div>\n\t\t<div class=\"elementor-element elementor-element-2ee9858 e-con-full collection-card e-flex e-con e-child\" data-id=\"2ee9858\" data-element_type=\"container\" data-e-type=\"container\" data-settings=\"{&quot;background_background&quot;:&quot;classic&quot;}\">\n\t\t<a class=\"elementor-element elementor-element-70f38ccc e-con-full collection-content e-flex e-con e-child\" data-id=\"70f38ccc\" data-element_type=\"container\" data-e-type=\"container\" href=\"https:\/\/timabelou.thuglifenforce2.ovh\/index.php\/produit\/peggy\/\">\n\t\t\t\t<div class=\"elementor-element elementor-element-5ea0e0f5 collection-title elementor-widget elementor-widget-heading\" data-id=\"5ea0e0f5\" data-element_type=\"widget\" data-e-type=\"widget\" data-widget_type=\"heading.default\">\n\t\t\t\t\t<h2 class=\"elementor-heading-title elementor-size-default\">Peggy<\/h2>\t\t\t\t<\/div>\n\t\t\t\t<\/a>\n\t\t\t\t<\/div>\n\t\t\t\t\t<\/div>\n\t\t\t\t<\/div>\n\t\t\t\t<\/div>\n\t\t","protected":false},"excerpt":{"rendered":"<p>Collection Jardin Secret Inspir\u00e9e par la libert\u00e9 et le mouvement La collection Jardin Secret s\u2019inspire de la nature et des mariages romantiques en plein air.Les robes sont fluides, l\u00e9g\u00e8res et orn\u00e9es de dentelles aux motifs floraux.Chaque mod\u00e8le apporte douceur et mouvement \u00e0 la silhouette.Les coupes sont confortables tout en restant tr\u00e8s f\u00e9minines.Une collection id\u00e9ale pour [&hellip;]<\/p>\n","protected":false},"author":1,"featured_media":0,"parent":0,"menu_order":0,"comment_status":"closed","ping_status":"closed","template":"","meta":{"footnotes":""},"class_list":["post-1047","page","type-page","status-publish","hentry"],"jetpack_sharing_enabled":true,"_links":{"self":[{"href":"https:\/\/timabelou.thuglifenforce2.ovh\/index.php\/wp-json\/wp\/v2\/pages\/1047","targetHints":{"allow":["GET"]}}],"collection":[{"href":"https:\/\/timabelou.thuglifenforce2.ovh\/index.php\/wp-json\/wp\/v2\/pages"}],"about":[{"href":"https:\/\/timabelou.thuglifenforce2.ovh\/index.php\/wp-json\/wp\/v2\/types\/page"}],"author":[{"embeddable":true,"href":"https:\/\/timabelou.thuglifenforce2.ovh\/index.php\/wp-json\/wp\/v2\/users\/1"}],"replies":[{"embeddable":true,"href":"https:\/\/timabelou.thuglifenforce2.ovh\/index.php\/wp-json\/wp\/v2\/comments?post=1047"}],"version-history":[{"count":16,"href":"https:\/\/timabelou.thuglifenforce2.ovh\/index.php\/wp-json\/wp\/v2\/pages\/1047\/revisions"}],"predecessor-version":[{"id":2520,"href":"https:\/\/timabelou.thuglifenforce2.ovh\/index.php\/wp-json\/wp\/v2\/pages\/1047\/revisions\/2520"}],"wp:attachment":[{"href":"https:\/\/timabelou.thuglifenforce2.ovh\/index.php\/wp-json\/wp\/v2\/media?parent=1047"}],"curies":[{"name":"wp","href":"https:\/\/api.w.org\/{rel}","templated":true}]}}