{"id":1049,"date":"2026-02-24T16:26:13","date_gmt":"2026-02-24T15:26:13","guid":{"rendered":"https:\/\/timabelou.thuglifenforce2.ovh\/?page_id=1049"},"modified":"2026-03-24T08:48:04","modified_gmt":"2026-03-24T07:48:04","slug":"collection-agnese","status":"publish","type":"page","link":"https:\/\/timabelou.thuglifenforce2.ovh\/index.php\/collection-agnese\/","title":{"rendered":"Collection Agnese"},"content":{"rendered":"\t\t<div data-elementor-type=\"wp-page\" data-elementor-id=\"1049\" class=\"elementor elementor-1049\" data-elementor-post-type=\"page\">\n\t\t\t\t<div class=\"elementor-element elementor-element-7eabe43b e-flex e-con-boxed e-con e-parent\" data-id=\"7eabe43b\" data-element_type=\"container\" data-e-type=\"container\" data-settings=\"{&quot;background_background&quot;:&quot;classic&quot;}\">\n\t\t\t\t\t<div class=\"e-con-inner\">\n\t\t<div class=\"elementor-element elementor-element-1fa57d3e e-con-full e-flex e-con e-child\" data-id=\"1fa57d3e\" data-element_type=\"container\" data-e-type=\"container\">\n\t\t\t\t<div class=\"elementor-element elementor-element-2753efe5 elementor-widget elementor-widget-heading\" data-id=\"2753efe5\" data-element_type=\"widget\" data-e-type=\"widget\" data-widget_type=\"heading.default\">\n\t\t\t\t\t<h2 class=\"elementor-heading-title elementor-size-default\">Collection Lumi\u00e8re Divine\n<\/h2>\t\t\t\t<\/div>\n\t\t\t\t<div class=\"elementor-element elementor-element-32f425da elementor-widget elementor-widget-text-editor\" data-id=\"32f425da\" data-element_type=\"widget\" data-e-type=\"widget\" data-widget_type=\"text-editor.default\">\n\t\t\t\t\t\t\t\t\t<p data-start=\"365\" data-end=\"447\">L\u2019intemporel revisit\u00e9.<\/p>\t\t\t\t\t\t\t\t<\/div>\n\t\t\t\t<\/div>\n\t\t\t\t\t<\/div>\n\t\t\t\t<\/div>\n\t\t<div class=\"elementor-element elementor-element-2f790278 e-flex e-con-boxed e-con e-parent\" data-id=\"2f790278\" data-element_type=\"container\" data-e-type=\"container\">\n\t\t\t\t\t<div class=\"e-con-inner\">\n\t\t\t\t<div class=\"elementor-element elementor-element-36ee2db1 elementor-widget elementor-widget-spacer\" data-id=\"36ee2db1\" data-element_type=\"widget\" data-e-type=\"widget\" data-widget_type=\"spacer.default\">\n\t\t\t\t\t\t\t<div class=\"elementor-spacer\">\n\t\t\t<div class=\"elementor-spacer-inner\"><\/div>\n\t\t<\/div>\n\t\t\t\t\t\t<\/div>\n\t\t\t\t\t<\/div>\n\t\t\t\t<\/div>\n\t\t<div class=\"elementor-element elementor-element-5935e352 e-flex e-con-boxed e-con e-parent\" data-id=\"5935e352\" data-element_type=\"container\" data-e-type=\"container\">\n\t\t\t\t\t<div class=\"e-con-inner\">\n\t\t\t\t<div class=\"elementor-element elementor-element-39325520 elementor-widget__width-initial elementor-widget elementor-widget-text-editor\" data-id=\"39325520\" data-element_type=\"widget\" data-e-type=\"widget\" data-widget_type=\"text-editor.default\">\n\t\t\t\t\t\t\t\t\t<p>La collection Lumi\u00e8re Divine propose des robes lumineuses aux finitions d\u00e9licates et f\u00e9minines.<br data-start=\"786\" data-end=\"789\" \/>Les tissus sont choisis pour leur l\u00e9g\u00e8ret\u00e9 et leur capacit\u00e9 \u00e0 capter la lumi\u00e8re.<br data-start=\"869\" data-end=\"872\" \/>Les bustiers et les broderies sont travaill\u00e9s avec pr\u00e9cision pour un rendu raffin\u00e9.<br data-start=\"955\" data-end=\"958\" \/>Chaque robe offre un \u00e9quilibre parfait entre modernit\u00e9 et tradition.<br data-start=\"1026\" data-end=\"1029\" \/>Une collection parfaite pour une mari\u00e9e \u00e9l\u00e9gante et rayonnante.<\/p>\t\t\t\t\t\t\t\t<\/div>\n\t\t\t\t\t<\/div>\n\t\t\t\t<\/div>\n\t\t<div class=\"elementor-element elementor-element-073a48c e-flex e-con-boxed e-con e-parent\" data-id=\"073a48c\" data-element_type=\"container\" data-e-type=\"container\">\n\t\t\t\t\t<div class=\"e-con-inner\">\n\t\t\t\t<div class=\"elementor-element elementor-element-7c87002 elementor-widget elementor-widget-spacer\" data-id=\"7c87002\" data-element_type=\"widget\" data-e-type=\"widget\" data-widget_type=\"spacer.default\">\n\t\t\t\t\t\t\t<div class=\"elementor-spacer\">\n\t\t\t<div class=\"elementor-spacer-inner\"><\/div>\n\t\t<\/div>\n\t\t\t\t\t\t<\/div>\n\t\t\t\t\t<\/div>\n\t\t\t\t<\/div>\n\t\t<div class=\"elementor-element elementor-element-56c683c9 collection-gallery e-flex e-con-boxed e-con e-parent\" data-id=\"56c683c9\" data-element_type=\"container\" data-e-type=\"container\">\n\t\t\t\t\t<div class=\"e-con-inner\">\n\t\t<div class=\"elementor-element elementor-element-44d10560 e-con-full collection-card e-flex e-con e-child\" data-id=\"44d10560\" data-element_type=\"container\" data-e-type=\"container\" data-settings=\"{&quot;background_background&quot;:&quot;classic&quot;}\">\n\t\t<a class=\"elementor-element elementor-element-35cdcc41 e-con-full collection-content e-flex e-con e-child\" data-id=\"35cdcc41\" data-element_type=\"container\" data-e-type=\"container\" href=\"https:\/\/timabelou.thuglifenforce2.ovh\/index.php\/produit\/agnese-2\/\">\n\t\t\t\t<div class=\"elementor-element elementor-element-2914d581 collection-title elementor-widget elementor-widget-heading\" data-id=\"2914d581\" data-element_type=\"widget\" data-e-type=\"widget\" data-widget_type=\"heading.default\">\n\t\t\t\t\t<h2 class=\"elementor-heading-title elementor-size-default\">Agnese<\/h2>\t\t\t\t<\/div>\n\t\t\t\t<\/a>\n\t\t\t\t<\/div>\n\t\t<div class=\"elementor-element elementor-element-6b887edc e-con-full collection-card e-flex e-con e-child\" data-id=\"6b887edc\" data-element_type=\"container\" data-e-type=\"container\" data-settings=\"{&quot;background_background&quot;:&quot;classic&quot;}\">\n\t\t<a class=\"elementor-element elementor-element-26a01df0 e-con-full collection-content e-flex e-con e-child\" data-id=\"26a01df0\" data-element_type=\"container\" data-e-type=\"container\" href=\"https:\/\/timabelou.thuglifenforce2.ovh\/index.php\/produit\/amaia-2\/\">\n\t\t\t\t<div class=\"elementor-element elementor-element-7470c5c collection-title elementor-widget elementor-widget-heading\" data-id=\"7470c5c\" data-element_type=\"widget\" data-e-type=\"widget\" data-widget_type=\"heading.default\">\n\t\t\t\t\t<h2 class=\"elementor-heading-title elementor-size-default\">Amaia<\/h2>\t\t\t\t<\/div>\n\t\t\t\t<\/a>\n\t\t\t\t<\/div>\n\t\t<div class=\"elementor-element elementor-element-8100a44 e-con-full collection-card e-flex e-con e-child\" data-id=\"8100a44\" data-element_type=\"container\" data-e-type=\"container\" data-settings=\"{&quot;background_background&quot;:&quot;classic&quot;}\">\n\t\t<a class=\"elementor-element elementor-element-200bc587 e-con-full collection-content e-flex e-con e-child\" data-id=\"200bc587\" data-element_type=\"container\" data-e-type=\"container\" href=\"https:\/\/timabelou.thuglifenforce2.ovh\/index.php\/produit\/carlotta-2\/\">\n\t\t\t\t<div class=\"elementor-element elementor-element-3d0e5a23 collection-title elementor-widget elementor-widget-heading\" data-id=\"3d0e5a23\" data-element_type=\"widget\" data-e-type=\"widget\" data-widget_type=\"heading.default\">\n\t\t\t\t\t<h2 class=\"elementor-heading-title elementor-size-default\">Carlotta<\/h2>\t\t\t\t<\/div>\n\t\t\t\t<\/a>\n\t\t\t\t<\/div>\n\t\t<div class=\"elementor-element elementor-element-657de8d4 e-con-full collection-card e-flex e-con e-child\" data-id=\"657de8d4\" data-element_type=\"container\" data-e-type=\"container\" data-settings=\"{&quot;background_background&quot;:&quot;classic&quot;}\">\n\t\t<a class=\"elementor-element elementor-element-66db07ad e-con-full collection-content e-flex e-con e-child\" data-id=\"66db07ad\" data-element_type=\"container\" data-e-type=\"container\" href=\"https:\/\/timabelou.thuglifenforce2.ovh\/index.php\/produit\/giulia-2\/\">\n\t\t\t\t<div class=\"elementor-element elementor-element-46781f98 collection-title elementor-widget elementor-widget-heading\" data-id=\"46781f98\" data-element_type=\"widget\" data-e-type=\"widget\" data-widget_type=\"heading.default\">\n\t\t\t\t\t<h2 class=\"elementor-heading-title elementor-size-default\">Giulia<\/h2>\t\t\t\t<\/div>\n\t\t\t\t<\/a>\n\t\t\t\t<\/div>\n\t\t<div class=\"elementor-element elementor-element-2dc91c47 e-con-full collection-card e-flex e-con e-child\" data-id=\"2dc91c47\" data-element_type=\"container\" data-e-type=\"container\" data-settings=\"{&quot;background_background&quot;:&quot;classic&quot;}\">\n\t\t<a class=\"elementor-element elementor-element-32212e98 e-con-full collection-content e-flex e-con e-child\" data-id=\"32212e98\" data-element_type=\"container\" data-e-type=\"container\" href=\"https:\/\/timabelou.thuglifenforce2.ovh\/index.php\/produit\/ines-2\/\">\n\t\t\t\t<div class=\"elementor-element elementor-element-69eacda2 collection-title elementor-widget elementor-widget-heading\" data-id=\"69eacda2\" data-element_type=\"widget\" data-e-type=\"widget\" data-widget_type=\"heading.default\">\n\t\t\t\t\t<h2 class=\"elementor-heading-title elementor-size-default\">Ines<\/h2>\t\t\t\t<\/div>\n\t\t\t\t<\/a>\n\t\t\t\t<\/div>\n\t\t\t\t\t<\/div>\n\t\t\t\t<\/div>\n\t\t\t\t<\/div>\n\t\t","protected":false},"excerpt":{"rendered":"<p>Collection Lumi\u00e8re Divine L\u2019intemporel revisit\u00e9. La collection Lumi\u00e8re Divine propose des robes lumineuses aux finitions d\u00e9licates et f\u00e9minines.Les tissus sont choisis pour leur l\u00e9g\u00e8ret\u00e9 et leur capacit\u00e9 \u00e0 capter la lumi\u00e8re.Les bustiers et les broderies sont travaill\u00e9s avec pr\u00e9cision pour un rendu raffin\u00e9.Chaque robe offre un \u00e9quilibre parfait entre modernit\u00e9 et tradition.Une collection parfaite pour [&hellip;]<\/p>\n","protected":false},"author":1,"featured_media":0,"parent":0,"menu_order":0,"comment_status":"closed","ping_status":"closed","template":"","meta":{"footnotes":""},"class_list":["post-1049","page","type-page","status-publish","hentry"],"jetpack_sharing_enabled":true,"_links":{"self":[{"href":"https:\/\/timabelou.thuglifenforce2.ovh\/index.php\/wp-json\/wp\/v2\/pages\/1049","targetHints":{"allow":["GET"]}}],"collection":[{"href":"https:\/\/timabelou.thuglifenforce2.ovh\/index.php\/wp-json\/wp\/v2\/pages"}],"about":[{"href":"https:\/\/timabelou.thuglifenforce2.ovh\/index.php\/wp-json\/wp\/v2\/types\/page"}],"author":[{"embeddable":true,"href":"https:\/\/timabelou.thuglifenforce2.ovh\/index.php\/wp-json\/wp\/v2\/users\/1"}],"replies":[{"embeddable":true,"href":"https:\/\/timabelou.thuglifenforce2.ovh\/index.php\/wp-json\/wp\/v2\/comments?post=1049"}],"version-history":[{"count":13,"href":"https:\/\/timabelou.thuglifenforce2.ovh\/index.php\/wp-json\/wp\/v2\/pages\/1049\/revisions"}],"predecessor-version":[{"id":2563,"href":"https:\/\/timabelou.thuglifenforce2.ovh\/index.php\/wp-json\/wp\/v2\/pages\/1049\/revisions\/2563"}],"wp:attachment":[{"href":"https:\/\/timabelou.thuglifenforce2.ovh\/index.php\/wp-json\/wp\/v2\/media?parent=1049"}],"curies":[{"name":"wp","href":"https:\/\/api.w.org\/{rel}","templated":true}]}}