{"id":1051,"date":"2026-02-24T16:27:15","date_gmt":"2026-02-24T15:27:15","guid":{"rendered":"https:\/\/timabelou.thuglifenforce2.ovh\/?page_id=1051"},"modified":"2026-03-13T16:28:53","modified_gmt":"2026-03-13T15:28:53","slug":"collection-carlotta","status":"publish","type":"page","link":"https:\/\/timabelou.thuglifenforce2.ovh\/index.php\/collection-carlotta\/","title":{"rendered":"Collection Carlotta"},"content":{"rendered":"\t\t<div data-elementor-type=\"wp-page\" data-elementor-id=\"1051\" class=\"elementor elementor-1051\" data-elementor-post-type=\"page\">\n\t\t\t\t<div class=\"elementor-element elementor-element-5c80c454 e-flex e-con-boxed e-con e-parent\" data-id=\"5c80c454\" data-element_type=\"container\" data-e-type=\"container\" data-settings=\"{&quot;background_background&quot;:&quot;classic&quot;}\">\n\t\t\t\t\t<div class=\"e-con-inner\">\n\t\t<div class=\"elementor-element elementor-element-1ade86e7 e-con-full e-flex e-con e-child\" data-id=\"1ade86e7\" data-element_type=\"container\" data-e-type=\"container\">\n\t\t\t\t<div class=\"elementor-element elementor-element-200f855e elementor-widget elementor-widget-heading\" data-id=\"200f855e\" data-element_type=\"widget\" data-e-type=\"widget\" data-widget_type=\"heading.default\">\n\t\t\t\t\t<h2 class=\"elementor-heading-title elementor-size-default\">Collection Prestige Couture\n<\/h2>\t\t\t\t<\/div>\n\t\t\t\t<div class=\"elementor-element elementor-element-726d7f70 elementor-widget elementor-widget-text-editor\" data-id=\"726d7f70\" data-element_type=\"widget\" data-e-type=\"widget\" data-widget_type=\"text-editor.default\">\n\t\t\t\t\t\t\t\t\t<p data-start=\"261\" data-end=\"309\">Une collection au caract\u00e8re fort et sophistiqu\u00e9.<\/p><p data-start=\"311\" data-end=\"336\">\u00a0<\/p>\t\t\t\t\t\t\t\t<\/div>\n\t\t\t\t<\/div>\n\t\t\t\t\t<\/div>\n\t\t\t\t<\/div>\n\t\t<div class=\"elementor-element elementor-element-cdf3d56 e-flex e-con-boxed e-con e-parent\" data-id=\"cdf3d56\" data-element_type=\"container\" data-e-type=\"container\">\n\t\t\t\t\t<div class=\"e-con-inner\">\n\t\t\t\t<div class=\"elementor-element elementor-element-3bcdcc46 elementor-widget elementor-widget-spacer\" data-id=\"3bcdcc46\" data-element_type=\"widget\" data-e-type=\"widget\" data-widget_type=\"spacer.default\">\n\t\t\t\t\t\t\t<div class=\"elementor-spacer\">\n\t\t\t<div class=\"elementor-spacer-inner\"><\/div>\n\t\t<\/div>\n\t\t\t\t\t\t<\/div>\n\t\t\t\t\t<\/div>\n\t\t\t\t<\/div>\n\t\t<div class=\"elementor-element elementor-element-7886c68c e-flex e-con-boxed e-con e-parent\" data-id=\"7886c68c\" data-element_type=\"container\" data-e-type=\"container\">\n\t\t\t\t\t<div class=\"e-con-inner\">\n\t\t\t\t<div class=\"elementor-element elementor-element-77d687d5 elementor-widget__width-initial elementor-widget elementor-widget-text-editor\" data-id=\"77d687d5\" data-element_type=\"widget\" data-e-type=\"widget\" data-widget_type=\"text-editor.default\">\n\t\t\t\t\t\t\t\t\t<p>La collection Prestige Couture repr\u00e9sente le savoir-faire d\u2019une cr\u00e9ation \u00e9l\u00e9gante et sur mesure.<br data-start=\"1624\" data-end=\"1627\" \/>Les mati\u00e8res nobles sont s\u00e9lectionn\u00e9es pour leur qualit\u00e9 et leur tenue parfaite.<br data-start=\"1707\" data-end=\"1710\" \/>Les lignes sont structur\u00e9es pour sublimer la silhouette avec pr\u00e9cision.<br data-start=\"1781\" data-end=\"1784\" \/>Chaque d\u00e9tail est travaill\u00e9 avec soin pour un rendu exceptionnel.<br data-start=\"1849\" data-end=\"1852\" \/>Une collection pens\u00e9e pour les mari\u00e9es qui veulent une robe unique.<\/p>\t\t\t\t\t\t\t\t<\/div>\n\t\t\t\t\t<\/div>\n\t\t\t\t<\/div>\n\t\t<div class=\"elementor-element elementor-element-cfff1e3 e-flex e-con-boxed e-con e-parent\" data-id=\"cfff1e3\" data-element_type=\"container\" data-e-type=\"container\">\n\t\t\t\t\t<div class=\"e-con-inner\">\n\t\t\t\t<div class=\"elementor-element elementor-element-7018f19 elementor-widget elementor-widget-spacer\" data-id=\"7018f19\" data-element_type=\"widget\" data-e-type=\"widget\" data-widget_type=\"spacer.default\">\n\t\t\t\t\t\t\t<div class=\"elementor-spacer\">\n\t\t\t<div class=\"elementor-spacer-inner\"><\/div>\n\t\t<\/div>\n\t\t\t\t\t\t<\/div>\n\t\t\t\t\t<\/div>\n\t\t\t\t<\/div>\n\t\t<div class=\"elementor-element elementor-element-7fc27ce2 collection-gallery e-flex e-con-boxed e-con e-parent\" data-id=\"7fc27ce2\" data-element_type=\"container\" data-e-type=\"container\">\n\t\t\t\t\t<div class=\"e-con-inner\">\n\t\t<div class=\"elementor-element elementor-element-13f68c57 e-con-full collection-card e-flex e-con e-child\" data-id=\"13f68c57\" data-element_type=\"container\" data-e-type=\"container\" data-settings=\"{&quot;background_background&quot;:&quot;classic&quot;}\">\n\t\t<a class=\"elementor-element elementor-element-41c4c52a e-con-full collection-content e-flex e-con e-child\" data-id=\"41c4c52a\" data-element_type=\"container\" data-e-type=\"container\" href=\"https:\/\/timabelou.thuglifenforce2.ovh\/index.php\/produit\/angie\/\">\n\t\t\t\t<div class=\"elementor-element elementor-element-4e51278c collection-title elementor-widget elementor-widget-heading\" data-id=\"4e51278c\" data-element_type=\"widget\" data-e-type=\"widget\" data-widget_type=\"heading.default\">\n\t\t\t\t\t<h2 class=\"elementor-heading-title elementor-size-default\">Angie<\/h2>\t\t\t\t<\/div>\n\t\t\t\t<\/a>\n\t\t\t\t<\/div>\n\t\t<div class=\"elementor-element elementor-element-4d629aa0 e-con-full collection-card e-flex e-con e-child\" data-id=\"4d629aa0\" data-element_type=\"container\" data-e-type=\"container\" data-settings=\"{&quot;background_background&quot;:&quot;classic&quot;}\">\n\t\t<a class=\"elementor-element elementor-element-732c5616 e-con-full collection-content e-flex e-con e-child\" data-id=\"732c5616\" data-element_type=\"container\" data-e-type=\"container\" href=\"https:\/\/timabelou.thuglifenforce2.ovh\/index.php\/produit\/chouchou\/\">\n\t\t\t\t<div class=\"elementor-element elementor-element-4fb75868 collection-title elementor-widget elementor-widget-heading\" data-id=\"4fb75868\" data-element_type=\"widget\" data-e-type=\"widget\" data-widget_type=\"heading.default\">\n\t\t\t\t\t<h2 class=\"elementor-heading-title elementor-size-default\">Chouchou<\/h2>\t\t\t\t<\/div>\n\t\t\t\t<\/a>\n\t\t\t\t<\/div>\n\t\t<div class=\"elementor-element elementor-element-71c3971c e-con-full collection-card e-flex e-con e-child\" data-id=\"71c3971c\" data-element_type=\"container\" data-e-type=\"container\" data-settings=\"{&quot;background_background&quot;:&quot;classic&quot;}\">\n\t\t<a class=\"elementor-element elementor-element-24c08753 e-con-full collection-content e-flex e-con e-child\" data-id=\"24c08753\" data-element_type=\"container\" data-e-type=\"container\" href=\"https:\/\/timabelou.thuglifenforce2.ovh\/index.php\/produit\/lili\/\">\n\t\t\t\t<div class=\"elementor-element elementor-element-7f98238 collection-title elementor-widget elementor-widget-heading\" data-id=\"7f98238\" data-element_type=\"widget\" data-e-type=\"widget\" data-widget_type=\"heading.default\">\n\t\t\t\t\t<h2 class=\"elementor-heading-title elementor-size-default\">Lili<\/h2>\t\t\t\t<\/div>\n\t\t\t\t<\/a>\n\t\t\t\t<\/div>\n\t\t<div class=\"elementor-element elementor-element-72dc577d e-con-full collection-card e-flex e-con e-child\" data-id=\"72dc577d\" data-element_type=\"container\" data-e-type=\"container\" data-settings=\"{&quot;background_background&quot;:&quot;classic&quot;}\">\n\t\t<a class=\"elementor-element elementor-element-d812885 e-con-full collection-content e-flex e-con e-child\" data-id=\"d812885\" data-element_type=\"container\" data-e-type=\"container\" href=\"https:\/\/timabelou.thuglifenforce2.ovh\/index.php\/produit\/nana\/\">\n\t\t\t\t<div class=\"elementor-element elementor-element-9c27583 collection-title elementor-widget elementor-widget-heading\" data-id=\"9c27583\" data-element_type=\"widget\" data-e-type=\"widget\" data-widget_type=\"heading.default\">\n\t\t\t\t\t<h2 class=\"elementor-heading-title elementor-size-default\">Nana<\/h2>\t\t\t\t<\/div>\n\t\t\t\t<\/a>\n\t\t\t\t<\/div>\n\t\t<div class=\"elementor-element elementor-element-2e9acf76 e-con-full collection-card e-flex e-con e-child\" data-id=\"2e9acf76\" data-element_type=\"container\" data-e-type=\"container\" data-settings=\"{&quot;background_background&quot;:&quot;classic&quot;}\">\n\t\t<a class=\"elementor-element elementor-element-10317845 e-con-full collection-content e-flex e-con e-child\" data-id=\"10317845\" data-element_type=\"container\" data-e-type=\"container\" href=\"https:\/\/timabelou.thuglifenforce2.ovh\/index.php\/produit\/naziha\/\">\n\t\t\t\t<div class=\"elementor-element elementor-element-6f1ed2d4 collection-title elementor-widget elementor-widget-heading\" data-id=\"6f1ed2d4\" data-element_type=\"widget\" data-e-type=\"widget\" data-widget_type=\"heading.default\">\n\t\t\t\t\t<h2 class=\"elementor-heading-title elementor-size-default\">Naziha<\/h2>\t\t\t\t<\/div>\n\t\t\t\t<\/a>\n\t\t\t\t<\/div>\n\t\t\t\t\t<\/div>\n\t\t\t\t<\/div>\n\t\t\t\t<\/div>\n\t\t","protected":false},"excerpt":{"rendered":"<p>Collection Prestige Couture Une collection au caract\u00e8re fort et sophistiqu\u00e9. \u00a0 La collection Prestige Couture repr\u00e9sente le savoir-faire d\u2019une cr\u00e9ation \u00e9l\u00e9gante et sur mesure.Les mati\u00e8res nobles sont s\u00e9lectionn\u00e9es pour leur qualit\u00e9 et leur tenue parfaite.Les lignes sont structur\u00e9es pour sublimer la silhouette avec pr\u00e9cision.Chaque d\u00e9tail est travaill\u00e9 avec soin pour un rendu exceptionnel.Une collection pens\u00e9e [&hellip;]<\/p>\n","protected":false},"author":1,"featured_media":0,"parent":0,"menu_order":0,"comment_status":"closed","ping_status":"closed","template":"","meta":{"footnotes":""},"class_list":["post-1051","page","type-page","status-publish","hentry"],"jetpack_sharing_enabled":true,"_links":{"self":[{"href":"https:\/\/timabelou.thuglifenforce2.ovh\/index.php\/wp-json\/wp\/v2\/pages\/1051","targetHints":{"allow":["GET"]}}],"collection":[{"href":"https:\/\/timabelou.thuglifenforce2.ovh\/index.php\/wp-json\/wp\/v2\/pages"}],"about":[{"href":"https:\/\/timabelou.thuglifenforce2.ovh\/index.php\/wp-json\/wp\/v2\/types\/page"}],"author":[{"embeddable":true,"href":"https:\/\/timabelou.thuglifenforce2.ovh\/index.php\/wp-json\/wp\/v2\/users\/1"}],"replies":[{"embeddable":true,"href":"https:\/\/timabelou.thuglifenforce2.ovh\/index.php\/wp-json\/wp\/v2\/comments?post=1051"}],"version-history":[{"count":10,"href":"https:\/\/timabelou.thuglifenforce2.ovh\/index.php\/wp-json\/wp\/v2\/pages\/1051\/revisions"}],"predecessor-version":[{"id":2532,"href":"https:\/\/timabelou.thuglifenforce2.ovh\/index.php\/wp-json\/wp\/v2\/pages\/1051\/revisions\/2532"}],"wp:attachment":[{"href":"https:\/\/timabelou.thuglifenforce2.ovh\/index.php\/wp-json\/wp\/v2\/media?parent=1051"}],"curies":[{"name":"wp","href":"https:\/\/api.w.org\/{rel}","templated":true}]}}