{"id":22,"date":"2026-02-12T19:31:38","date_gmt":"2026-02-12T18:31:38","guid":{"rendered":"http:\/\/89.163.145.90:8091\/?page_id=22"},"modified":"2026-03-11T16:38:02","modified_gmt":"2026-03-11T15:38:02","slug":"accueil","status":"publish","type":"page","link":"https:\/\/timabelou.thuglifenforce2.ovh\/","title":{"rendered":"Accueil"},"content":{"rendered":"\t\t<div data-elementor-type=\"wp-page\" data-elementor-id=\"22\" class=\"elementor elementor-22\" data-elementor-post-type=\"page\">\n\t\t\t\t<div class=\"elementor-element elementor-element-a1878b3 e-flex e-con-boxed e-con e-parent\" data-id=\"a1878b3\" data-element_type=\"container\" data-e-type=\"container\" data-settings=\"{&quot;background_background&quot;:&quot;classic&quot;}\">\n\t\t\t\t\t<div class=\"e-con-inner\">\n\t\t<div class=\"elementor-element elementor-element-15b1ddb e-con-full e-flex e-con e-child\" data-id=\"15b1ddb\" data-element_type=\"container\" data-e-type=\"container\">\n\t\t<div class=\"elementor-element elementor-element-36e3e08 e-con-full e-flex e-con e-child\" data-id=\"36e3e08\" data-element_type=\"container\" data-e-type=\"container\">\n\t\t\t\t<div class=\"elementor-element elementor-element-bc8d6f9 elementor-widget__width-initial elementor-widget elementor-widget-heading\" data-id=\"bc8d6f9\" data-element_type=\"widget\" data-e-type=\"widget\" data-widget_type=\"heading.default\">\n\t\t\t\t\t<h1 class=\"elementor-heading-title elementor-size-default\">Tima Belou<\/h1>\t\t\t\t<\/div>\n\t\t\t\t<\/div>\n\t\t<div class=\"elementor-element elementor-element-08dc41e e-con-full e-flex e-con e-child\" data-id=\"08dc41e\" data-element_type=\"container\" data-e-type=\"container\">\n\t\t\t\t<div class=\"elementor-element elementor-element-b7ed4aa elementor-widget-tablet__width-initial elementor-widget__width-initial elementor-widget elementor-widget-heading\" data-id=\"b7ed4aa\" data-element_type=\"widget\" data-e-type=\"widget\" data-widget_type=\"heading.default\">\n\t\t\t\t\t<h2 class=\"elementor-heading-title elementor-size-default\">Cr\u00e9atrice de rodes de mari\u00e9e sur-mesure<\/h2>\t\t\t\t<\/div>\n\t\t\t\t<div class=\"elementor-element elementor-element-868684e elementor-widget-mobile_extra__width-initial elementor-widget elementor-widget-button\" data-id=\"868684e\" data-element_type=\"widget\" data-e-type=\"widget\" data-widget_type=\"button.default\">\n\t\t\t\t\t\t\t\t\t\t<a class=\"elementor-button elementor-button-link elementor-size-sm\" href=\"https:\/\/timabelou.thuglifenforce2.ovh\/index.php\/collection\/\">\n\t\t\t\t\t\t<span class=\"elementor-button-content-wrapper\">\n\t\t\t\t\t\t\t\t\t<span class=\"elementor-button-text\">d\u00e9couvrez la collection<\/span>\n\t\t\t\t\t<\/span>\n\t\t\t\t\t<\/a>\n\t\t\t\t\t\t\t\t<\/div>\n\t\t\t\t<\/div>\n\t\t\t\t<\/div>\n\t\t\t\t\t<\/div>\n\t\t\t\t<\/div>\n\t\t<div class=\"elementor-element elementor-element-e946228 e-flex e-con-boxed e-con e-parent\" data-id=\"e946228\" data-element_type=\"container\" data-e-type=\"container\">\n\t\t\t\t\t<div class=\"e-con-inner\">\n\t\t\t\t<div class=\"elementor-element elementor-element-1af6469 elementor-widget elementor-widget-spacer\" data-id=\"1af6469\" data-element_type=\"widget\" data-e-type=\"widget\" data-widget_type=\"spacer.default\">\n\t\t\t\t\t\t\t<div class=\"elementor-spacer\">\n\t\t\t<div class=\"elementor-spacer-inner\"><\/div>\n\t\t<\/div>\n\t\t\t\t\t\t<\/div>\n\t\t\t\t\t<\/div>\n\t\t\t\t<\/div>\n\t\t<div class=\"elementor-element elementor-element-633dfb6 e-flex e-con-boxed e-con e-parent\" data-id=\"633dfb6\" data-element_type=\"container\" data-e-type=\"container\">\n\t\t\t\t\t<div class=\"e-con-inner\">\n\t\t<div class=\"elementor-element elementor-element-f0d022d e-con-full e-flex e-con e-child\" data-id=\"f0d022d\" data-element_type=\"container\" data-e-type=\"container\">\n\t\t<div class=\"elementor-element elementor-element-ea5f276 e-con-full e-flex e-con e-child\" data-id=\"ea5f276\" data-element_type=\"container\" data-e-type=\"container\">\n\t\t\t\t<div class=\"elementor-element elementor-element-16c7136 elementor-widget elementor-widget-image\" data-id=\"16c7136\" data-element_type=\"widget\" data-e-type=\"widget\" data-widget_type=\"image.default\">\n\t\t\t\t\t\t\t\t\t\t\t\t\t\t\t<img fetchpriority=\"high\" decoding=\"async\" width=\"680\" height=\"1024\" src=\"https:\/\/timabelou.thuglifenforce2.ovh\/wp-content\/uploads\/2026\/02\/353A0536-scaled-e1656074979907-680x1024.jpg\" class=\"attachment-large size-large wp-image-43\" alt=\"\" srcset=\"https:\/\/timabelou.thuglifenforce2.ovh\/wp-content\/uploads\/2026\/02\/353A0536-scaled-e1656074979907-680x1024.jpg 680w, https:\/\/timabelou.thuglifenforce2.ovh\/wp-content\/uploads\/2026\/02\/353A0536-scaled-e1656074979907-600x904.jpg 600w, https:\/\/timabelou.thuglifenforce2.ovh\/wp-content\/uploads\/2026\/02\/353A0536-scaled-e1656074979907-199x300.jpg 199w, https:\/\/timabelou.thuglifenforce2.ovh\/wp-content\/uploads\/2026\/02\/353A0536-scaled-e1656074979907-768x1157.jpg 768w, https:\/\/timabelou.thuglifenforce2.ovh\/wp-content\/uploads\/2026\/02\/353A0536-scaled-e1656074979907-1020x1536.jpg 1020w, https:\/\/timabelou.thuglifenforce2.ovh\/wp-content\/uploads\/2026\/02\/353A0536-scaled-e1656074979907-1359x2048.jpg 1359w, https:\/\/timabelou.thuglifenforce2.ovh\/wp-content\/uploads\/2026\/02\/353A0536-scaled-e1656074979907.jpg 1376w\" sizes=\"(max-width: 680px) 100vw, 680px\" \/>\t\t\t\t\t\t\t\t\t\t\t\t\t\t\t<\/div>\n\t\t\t\t<\/div>\n\t\t<div class=\"elementor-element elementor-element-004671a e-con-full e-flex e-con e-child\" data-id=\"004671a\" data-element_type=\"container\" data-e-type=\"container\">\n\t\t<div class=\"elementor-element elementor-element-d29fa17 e-con-full e-flex e-con e-child\" data-id=\"d29fa17\" data-element_type=\"container\" data-e-type=\"container\">\n\t\t\t\t<div class=\"elementor-element elementor-element-5c2df44 elementor-widget__width-initial elementor-widget elementor-widget-heading\" data-id=\"5c2df44\" data-element_type=\"widget\" data-e-type=\"widget\" data-widget_type=\"heading.default\">\n\t\t\t\t\t<h2 class=\"elementor-heading-title elementor-size-default\">Une robe, une histoire, une cr\u00e9ation unique\nTima Belou, incarn\u00e9e par la cr\u00e9atrice Fatima, vous propose de d\u00e9couvrir son univers <\/h2>\t\t\t\t<\/div>\n\t\t\t\t<div class=\"elementor-element elementor-element-826ff8b elementor-widget elementor-widget-spacer\" data-id=\"826ff8b\" data-element_type=\"widget\" data-e-type=\"widget\" data-widget_type=\"spacer.default\">\n\t\t\t\t\t\t\t<div class=\"elementor-spacer\">\n\t\t\t<div class=\"elementor-spacer-inner\"><\/div>\n\t\t<\/div>\n\t\t\t\t\t\t<\/div>\n\t\t\t\t<div class=\"elementor-element elementor-element-779e574 elementor-widget__width-initial elementor-widget elementor-widget-text-editor\" data-id=\"779e574\" data-element_type=\"widget\" data-e-type=\"widget\" data-widget_type=\"text-editor.default\">\n\t\t\t\t\t\t\t\t\t<p>Une Collection par saison qui traduit les envies de la cr\u00e9atrice et mod\u00e9lis\u00e9e chez Tima Belou.La cr\u00e9ation sur mesure de la robe de vos r\u00eaves en co-cr\u00e9ation avec Fatima qui vous accompagne \u00e0 chaque \u00e9tape du projet.Une gamme d&#8217;accessoires pour compl\u00e9ter votre look final ou votre trousseau de mari\u00e9e<\/p>\t\t\t\t\t\t\t\t<\/div>\n\t\t\t\t<\/div>\n\t\t<div class=\"elementor-element elementor-element-7af2912 e-con-full e-flex e-con e-child\" data-id=\"7af2912\" data-element_type=\"container\" data-e-type=\"container\">\n\t\t\t\t<div class=\"elementor-element elementor-element-e3c5334 elementor-widget-mobile_extra__width-initial elementor-widget elementor-widget-button\" data-id=\"e3c5334\" data-element_type=\"widget\" data-e-type=\"widget\" data-widget_type=\"button.default\">\n\t\t\t\t\t\t\t\t\t\t<a class=\"elementor-button elementor-button-link elementor-size-sm\" href=\"https:\/\/timabelou.thuglifenforce2.ovh\/index.php\/mon-lhistoire\/\">\n\t\t\t\t\t\t<span class=\"elementor-button-content-wrapper\">\n\t\t\t\t\t\t\t\t\t<span class=\"elementor-button-text\">mon histoire<\/span>\n\t\t\t\t\t<\/span>\n\t\t\t\t\t<\/a>\n\t\t\t\t\t\t\t\t<\/div>\n\t\t\t\t<div class=\"elementor-element elementor-element-4690d15 elementor-widget-mobile_extra__width-initial elementor-widget elementor-widget-button\" data-id=\"4690d15\" data-element_type=\"widget\" data-e-type=\"widget\" data-widget_type=\"button.default\">\n\t\t\t\t\t\t\t\t\t\t<a class=\"elementor-button elementor-button-link elementor-size-sm\" href=\"https:\/\/timabelou.thuglifenforce2.ovh\/index.php\/mes-creations\/\">\n\t\t\t\t\t\t<span class=\"elementor-button-content-wrapper\">\n\t\t\t\t\t\t\t\t\t<span class=\"elementor-button-text\">mes cr\u00e9ations<\/span>\n\t\t\t\t\t<\/span>\n\t\t\t\t\t<\/a>\n\t\t\t\t\t\t\t\t<\/div>\n\t\t\t\t<\/div>\n\t\t\t\t<\/div>\n\t\t\t\t<\/div>\n\t\t\t\t\t<\/div>\n\t\t\t\t<\/div>\n\t\t<div class=\"elementor-element elementor-element-13fa7ad e-flex e-con-boxed e-con e-parent\" data-id=\"13fa7ad\" data-element_type=\"container\" data-e-type=\"container\">\n\t\t\t\t\t<div class=\"e-con-inner\">\n\t\t<div class=\"elementor-element elementor-element-d903dfd e-con-full e-flex e-con e-child\" data-id=\"d903dfd\" data-element_type=\"container\" data-e-type=\"container\">\n\t\t<div class=\"elementor-element elementor-element-5e8141c e-grid e-con-full e-con e-child\" data-id=\"5e8141c\" data-element_type=\"container\" data-e-type=\"container\">\n\t\t<div class=\"elementor-element elementor-element-1a35dbf e-con-full e-flex e-con e-child\" data-id=\"1a35dbf\" data-element_type=\"container\" data-e-type=\"container\" data-settings=\"{&quot;background_background&quot;:&quot;classic&quot;}\">\n\t\t\t\t<div class=\"elementor-element elementor-element-9fbdf3d elementor-align-center elementor-invisible elementor-widget elementor-widget-button\" data-id=\"9fbdf3d\" data-element_type=\"widget\" data-e-type=\"widget\" data-settings=\"{&quot;_animation&quot;:&quot;fadeIn&quot;}\" data-widget_type=\"button.default\">\n\t\t\t\t\t\t\t\t\t\t<a class=\"elementor-button elementor-button-link elementor-size-sm elementor-animation-grow\" href=\"#\">\n\t\t\t\t\t\t<span class=\"elementor-button-content-wrapper\">\n\t\t\t\t\t\t\t\t\t<span class=\"elementor-button-text\">Sur-mesure<\/span>\n\t\t\t\t\t<\/span>\n\t\t\t\t\t<\/a>\n\t\t\t\t\t\t\t\t<\/div>\n\t\t\t\t<\/div>\n\t\t<div class=\"elementor-element elementor-element-bb7e1b7 e-con-full e-flex e-con e-child\" data-id=\"bb7e1b7\" data-element_type=\"container\" data-e-type=\"container\" data-settings=\"{&quot;background_background&quot;:&quot;classic&quot;}\">\n\t\t\t\t<div class=\"elementor-element elementor-element-dfac321 elementor-align-center elementor-invisible elementor-widget elementor-widget-button\" data-id=\"dfac321\" data-element_type=\"widget\" data-e-type=\"widget\" data-settings=\"{&quot;_animation&quot;:&quot;fadeIn&quot;}\" data-widget_type=\"button.default\">\n\t\t\t\t\t\t\t\t\t\t<a class=\"elementor-button elementor-button-link elementor-size-sm elementor-animation-grow\" href=\"#\">\n\t\t\t\t\t\t<span class=\"elementor-button-content-wrapper\">\n\t\t\t\t\t\t\t\t\t<span class=\"elementor-button-text\">Collections<\/span>\n\t\t\t\t\t<\/span>\n\t\t\t\t\t<\/a>\n\t\t\t\t\t\t\t\t<\/div>\n\t\t\t\t<\/div>\n\t\t<div class=\"elementor-element elementor-element-8298938 e-con-full e-flex e-con e-child\" data-id=\"8298938\" data-element_type=\"container\" data-e-type=\"container\" data-settings=\"{&quot;background_background&quot;:&quot;classic&quot;}\">\n\t\t\t\t<div class=\"elementor-element elementor-element-900a34e elementor-align-center elementor-invisible elementor-widget elementor-widget-button\" data-id=\"900a34e\" data-element_type=\"widget\" data-e-type=\"widget\" data-settings=\"{&quot;_animation&quot;:&quot;fadeIn&quot;}\" data-widget_type=\"button.default\">\n\t\t\t\t\t\t\t\t\t\t<a class=\"elementor-button elementor-button-link elementor-size-sm elementor-animation-grow\" href=\"#\">\n\t\t\t\t\t\t<span class=\"elementor-button-content-wrapper\">\n\t\t\t\t\t\t\t\t\t<span class=\"elementor-button-text\">Accessoires<\/span>\n\t\t\t\t\t<\/span>\n\t\t\t\t\t<\/a>\n\t\t\t\t\t\t\t\t<\/div>\n\t\t\t\t<\/div>\n\t\t\t\t<\/div>\n\t\t\t\t<\/div>\n\t\t\t\t\t<\/div>\n\t\t\t\t<\/div>\n\t\t\t\t<\/div>\n\t\t","protected":false},"excerpt":{"rendered":"<p>Tima Belou Cr\u00e9atrice de rodes de mari\u00e9e sur-mesure d\u00e9couvrez la collection Une robe, une histoire, une cr\u00e9ation unique Tima Belou, incarn\u00e9e par la cr\u00e9atrice Fatima, vous propose de d\u00e9couvrir son univers Une Collection par saison qui traduit les envies de la cr\u00e9atrice et mod\u00e9lis\u00e9e chez Tima Belou.La cr\u00e9ation sur mesure de la robe de vos [&hellip;]<\/p>\n","protected":false},"author":1,"featured_media":0,"parent":0,"menu_order":0,"comment_status":"closed","ping_status":"closed","template":"","meta":{"footnotes":""},"class_list":["post-22","page","type-page","status-publish","hentry"],"jetpack_sharing_enabled":true,"_links":{"self":[{"href":"https:\/\/timabelou.thuglifenforce2.ovh\/index.php\/wp-json\/wp\/v2\/pages\/22","targetHints":{"allow":["GET"]}}],"collection":[{"href":"https:\/\/timabelou.thuglifenforce2.ovh\/index.php\/wp-json\/wp\/v2\/pages"}],"about":[{"href":"https:\/\/timabelou.thuglifenforce2.ovh\/index.php\/wp-json\/wp\/v2\/types\/page"}],"author":[{"embeddable":true,"href":"https:\/\/timabelou.thuglifenforce2.ovh\/index.php\/wp-json\/wp\/v2\/users\/1"}],"replies":[{"embeddable":true,"href":"https:\/\/timabelou.thuglifenforce2.ovh\/index.php\/wp-json\/wp\/v2\/comments?post=22"}],"version-history":[{"count":329,"href":"https:\/\/timabelou.thuglifenforce2.ovh\/index.php\/wp-json\/wp\/v2\/pages\/22\/revisions"}],"predecessor-version":[{"id":2318,"href":"https:\/\/timabelou.thuglifenforce2.ovh\/index.php\/wp-json\/wp\/v2\/pages\/22\/revisions\/2318"}],"wp:attachment":[{"href":"https:\/\/timabelou.thuglifenforce2.ovh\/index.php\/wp-json\/wp\/v2\/media?parent=22"}],"curies":[{"name":"wp","href":"https:\/\/api.w.org\/{rel}","templated":true}]}}