{"id":605,"date":"2026-02-23T13:42:44","date_gmt":"2026-02-23T12:42:44","guid":{"rendered":"https:\/\/timabelou.thuglifenforce2.ovh\/?page_id=605"},"modified":"2026-03-13T16:46:42","modified_gmt":"2026-03-13T15:46:42","slug":"collection","status":"publish","type":"page","link":"https:\/\/timabelou.thuglifenforce2.ovh\/index.php\/collection\/","title":{"rendered":"Collection"},"content":{"rendered":"\t\t<div data-elementor-type=\"wp-page\" data-elementor-id=\"605\" class=\"elementor elementor-605\" data-elementor-post-type=\"page\">\n\t\t\t\t<div class=\"elementor-element elementor-element-afc5eba e-flex e-con-boxed e-con e-parent\" data-id=\"afc5eba\" data-element_type=\"container\" data-e-type=\"container\" data-settings=\"{&quot;background_background&quot;:&quot;classic&quot;}\">\n\t\t\t\t\t<div class=\"e-con-inner\">\n\t\t<div class=\"elementor-element elementor-element-feecb85 e-con-full e-flex e-con e-child\" data-id=\"feecb85\" data-element_type=\"container\" data-e-type=\"container\">\n\t\t\t\t<div class=\"elementor-element elementor-element-8b6fb37 elementor-widget elementor-widget-heading\" data-id=\"8b6fb37\" data-element_type=\"widget\" data-e-type=\"widget\" data-widget_type=\"heading.default\">\n\t\t\t\t\t<h2 class=\"elementor-heading-title elementor-size-default\">Collections<\/h2>\t\t\t\t<\/div>\n\t\t\t\t<div class=\"elementor-element elementor-element-a209f23 elementor-widget__width-initial elementor-widget elementor-widget-text-editor\" data-id=\"a209f23\" data-element_type=\"widget\" data-e-type=\"widget\" data-widget_type=\"text-editor.default\">\n\t\t\t\t\t\t\t\t\t<p>Lorem ipsum dolor sit amet, consectetur adipiscing elit. Ut\u00a0<\/p>\t\t\t\t\t\t\t\t<\/div>\n\t\t\t\t<\/div>\n\t\t\t\t\t<\/div>\n\t\t\t\t<\/div>\n\t\t<div class=\"elementor-element elementor-element-43ae353 e-flex e-con-boxed e-con e-parent\" data-id=\"43ae353\" data-element_type=\"container\" data-e-type=\"container\">\n\t\t\t\t\t<div class=\"e-con-inner\">\n\t\t\t\t<div class=\"elementor-element elementor-element-a58a769 elementor-widget elementor-widget-spacer\" data-id=\"a58a769\" data-element_type=\"widget\" data-e-type=\"widget\" data-widget_type=\"spacer.default\">\n\t\t\t\t\t\t\t<div class=\"elementor-spacer\">\n\t\t\t<div class=\"elementor-spacer-inner\"><\/div>\n\t\t<\/div>\n\t\t\t\t\t\t<\/div>\n\t\t\t\t\t<\/div>\n\t\t\t\t<\/div>\n\t\t<div class=\"elementor-element elementor-element-6cea1b74 e-con-full e-flex e-con e-parent\" data-id=\"6cea1b74\" data-element_type=\"container\" data-e-type=\"container\">\n\t\t<div class=\"elementor-element elementor-element-a19de90 e-grid e-con-boxed e-con e-child\" data-id=\"a19de90\" data-element_type=\"container\" data-e-type=\"container\">\n\t\t\t\t\t<div class=\"e-con-inner\">\n\t\t<div class=\"elementor-element elementor-element-a7df0a1 e-con-full card-container e-flex e-con e-child\" data-id=\"a7df0a1\" data-element_type=\"container\" data-e-type=\"container\">\n\t\t<div class=\"elementor-element elementor-element-8f46423 e-con-full front-card e-flex e-con e-child\" data-id=\"8f46423\" data-element_type=\"container\" data-e-type=\"container\">\n\t\t\t\t<div class=\"elementor-element elementor-element-7f44a50 elementor-widget elementor-widget-image\" data-id=\"7f44a50\" data-element_type=\"widget\" data-e-type=\"widget\" data-widget_type=\"image.default\">\n\t\t\t\t\t\t\t\t\t\t\t\t\t\t\t<img decoding=\"async\" src=\"https:\/\/timabelou.thuglifenforce2.ovh\/wp-content\/uploads\/elementor\/thumbs\/pexels-leeloothefirst-4545092-scaled-rkeiiwn2n7tzoi0vskt8c2suweb67dsohyfi61l5pk.jpg\" title=\"pexels-leeloothefirst-4545092\" alt=\"pexels-leeloothefirst-4545092\" loading=\"lazy\" \/>\t\t\t\t\t\t\t\t\t\t\t\t\t\t\t<\/div>\n\t\t\t\t<\/div>\n\t\t<div class=\"elementor-element elementor-element-799a22e e-con-full back-card e-flex e-con e-child\" data-id=\"799a22e\" data-element_type=\"container\" data-e-type=\"container\">\n\t\t\t\t<div class=\"elementor-element elementor-element-cc3100a elementor-widget elementor-widget-heading\" data-id=\"cc3100a\" data-element_type=\"widget\" data-e-type=\"widget\" data-widget_type=\"heading.default\">\n\t\t\t\t\t<h2 class=\"elementor-heading-title elementor-size-default\">\u00c9ternelle Gr\u00e2ce<\/h2>\t\t\t\t<\/div>\n\t\t\t\t<div class=\"elementor-element elementor-element-e718d6e elementor-widget elementor-widget-spacer\" data-id=\"e718d6e\" data-element_type=\"widget\" data-e-type=\"widget\" data-widget_type=\"spacer.default\">\n\t\t\t\t\t\t\t<div class=\"elementor-spacer\">\n\t\t\t<div class=\"elementor-spacer-inner\"><\/div>\n\t\t<\/div>\n\t\t\t\t\t\t<\/div>\n\t\t\t\t<div class=\"elementor-element elementor-element-ab9f9ee elementor-widget elementor-widget-text-editor\" data-id=\"ab9f9ee\" data-element_type=\"widget\" data-e-type=\"widget\" data-widget_type=\"text-editor.default\">\n\t\t\t\t\t\t\t\t\t<p>La collection \u00c9ternelle Gr\u00e2ce met \u00e0 l\u2019honneur des robes intemporelles aux lignes \u00e9l\u00e9gantes et raffin\u00e9es.<\/p>\t\t\t\t\t\t\t\t<\/div>\n\t\t\t\t<div class=\"elementor-element elementor-element-723d915 elementor-widget-mobile_extra__width-initial elementor-widget elementor-widget-button\" data-id=\"723d915\" data-element_type=\"widget\" data-e-type=\"widget\" data-widget_type=\"button.default\">\n\t\t\t\t\t\t\t\t\t\t<a class=\"elementor-button elementor-button-link elementor-size-sm\" href=\"https:\/\/timabelou.thuglifenforce2.ovh\/index.php\/collection-ines\/\">\n\t\t\t\t\t\t<span class=\"elementor-button-content-wrapper\">\n\t\t\t\t\t\t\t\t\t<span class=\"elementor-button-text\">D\u00e9couvrir<\/span>\n\t\t\t\t\t<\/span>\n\t\t\t\t\t<\/a>\n\t\t\t\t\t\t\t\t<\/div>\n\t\t\t\t<\/div>\n\t\t\t\t<\/div>\n\t\t<div class=\"elementor-element elementor-element-eabdccb e-con-full card-container e-flex e-con e-child\" data-id=\"eabdccb\" data-element_type=\"container\" data-e-type=\"container\">\n\t\t<div class=\"elementor-element elementor-element-6b468d7 e-con-full front-card e-flex e-con e-child\" data-id=\"6b468d7\" data-element_type=\"container\" data-e-type=\"container\">\n\t\t\t\t<div class=\"elementor-element elementor-element-649823e elementor-widget elementor-widget-image\" data-id=\"649823e\" data-element_type=\"widget\" data-e-type=\"widget\" data-widget_type=\"image.default\">\n\t\t\t\t\t\t\t\t\t\t\t\t\t\t\t<img decoding=\"async\" src=\"https:\/\/timabelou.thuglifenforce2.ovh\/wp-content\/uploads\/elementor\/thumbs\/pexels-panditwiguna-2085529-scaled-rkeiiq27bdkzf8afuzyucmgmqp7lpi2k51v3t3uwx4.jpg\" title=\"pexels-panditwiguna-2085529\" alt=\"pexels-panditwiguna-2085529\" loading=\"lazy\" \/>\t\t\t\t\t\t\t\t\t\t\t\t\t\t\t<\/div>\n\t\t\t\t<\/div>\n\t\t<div class=\"elementor-element elementor-element-64b052d e-con-full back-card e-flex e-con e-child\" data-id=\"64b052d\" data-element_type=\"container\" data-e-type=\"container\">\n\t\t\t\t<div class=\"elementor-element elementor-element-e97077d elementor-widget elementor-widget-heading\" data-id=\"e97077d\" data-element_type=\"widget\" data-e-type=\"widget\" data-widget_type=\"heading.default\">\n\t\t\t\t\t<h2 class=\"elementor-heading-title elementor-size-default\">Lumi\u00e8re Divine<\/h2>\t\t\t\t<\/div>\n\t\t\t\t<div class=\"elementor-element elementor-element-fae3010 elementor-widget elementor-widget-spacer\" data-id=\"fae3010\" data-element_type=\"widget\" data-e-type=\"widget\" data-widget_type=\"spacer.default\">\n\t\t\t\t\t\t\t<div class=\"elementor-spacer\">\n\t\t\t<div class=\"elementor-spacer-inner\"><\/div>\n\t\t<\/div>\n\t\t\t\t\t\t<\/div>\n\t\t\t\t<div class=\"elementor-element elementor-element-7579cf2 elementor-widget elementor-widget-text-editor\" data-id=\"7579cf2\" data-element_type=\"widget\" data-e-type=\"widget\" data-widget_type=\"text-editor.default\">\n\t\t\t\t\t\t\t\t\t<p>La collection Lumi\u00e8re Divine propose des robes lumineuses aux finitions d\u00e9licates et f\u00e9minines.<br data-start=\"786\" data-end=\"789\" \/>Les tissus sont choisis pour leur l\u00e9g\u00e8ret\u00e9 et leur capacit\u00e9 \u00e0 capter la lumi\u00e8re<\/p>\t\t\t\t\t\t\t\t<\/div>\n\t\t\t\t<div class=\"elementor-element elementor-element-6c406e2 elementor-widget-mobile_extra__width-initial elementor-widget elementor-widget-button\" data-id=\"6c406e2\" data-element_type=\"widget\" data-e-type=\"widget\" data-widget_type=\"button.default\">\n\t\t\t\t\t\t\t\t\t\t<a class=\"elementor-button elementor-button-link elementor-size-sm\" href=\"https:\/\/timabelou.thuglifenforce2.ovh\/index.php\/collection-agnese\/\">\n\t\t\t\t\t\t<span class=\"elementor-button-content-wrapper\">\n\t\t\t\t\t\t\t\t\t<span class=\"elementor-button-text\">D\u00e9couvrir<\/span>\n\t\t\t\t\t<\/span>\n\t\t\t\t\t<\/a>\n\t\t\t\t\t\t\t\t<\/div>\n\t\t\t\t<\/div>\n\t\t\t\t<\/div>\n\t\t<div class=\"elementor-element elementor-element-8f72479 e-con-full card-container e-flex e-con e-child\" data-id=\"8f72479\" data-element_type=\"container\" data-e-type=\"container\">\n\t\t<div class=\"elementor-element elementor-element-94a41dd e-con-full front-card e-flex e-con e-child\" data-id=\"94a41dd\" data-element_type=\"container\" data-e-type=\"container\">\n\t\t\t\t<div class=\"elementor-element elementor-element-22e2ac3 elementor-widget elementor-widget-image\" data-id=\"22e2ac3\" data-element_type=\"widget\" data-e-type=\"widget\" data-widget_type=\"image.default\">\n\t\t\t\t\t\t\t\t\t\t\t\t\t\t\t<img decoding=\"async\" src=\"https:\/\/timabelou.thuglifenforce2.ovh\/wp-content\/uploads\/elementor\/thumbs\/pexels-kseniachernaya-3952081-scaled-rkeiikf66dd9hkimrxj2xnvv6dzefbg649y6xg39yg.jpg\" title=\"pexels-kseniachernaya-3952081\" alt=\"pexels-kseniachernaya-3952081\" loading=\"lazy\" \/>\t\t\t\t\t\t\t\t\t\t\t\t\t\t\t<\/div>\n\t\t\t\t<\/div>\n\t\t<div class=\"elementor-element elementor-element-a561a65 e-con-full back-card e-flex e-con e-child\" data-id=\"a561a65\" data-element_type=\"container\" data-e-type=\"container\">\n\t\t\t\t<div class=\"elementor-element elementor-element-ebb8730 elementor-widget elementor-widget-heading\" data-id=\"ebb8730\" data-element_type=\"widget\" data-e-type=\"widget\" data-widget_type=\"heading.default\">\n\t\t\t\t\t<h2 class=\"elementor-heading-title elementor-size-default\">Jardin Secret<\/h2>\t\t\t\t<\/div>\n\t\t\t\t<div class=\"elementor-element elementor-element-c8e9c4f elementor-widget elementor-widget-spacer\" data-id=\"c8e9c4f\" data-element_type=\"widget\" data-e-type=\"widget\" data-widget_type=\"spacer.default\">\n\t\t\t\t\t\t\t<div class=\"elementor-spacer\">\n\t\t\t<div class=\"elementor-spacer-inner\"><\/div>\n\t\t<\/div>\n\t\t\t\t\t\t<\/div>\n\t\t\t\t<div class=\"elementor-element elementor-element-2167679 elementor-widget elementor-widget-text-editor\" data-id=\"2167679\" data-element_type=\"widget\" data-e-type=\"widget\" data-widget_type=\"text-editor.default\">\n\t\t\t\t\t\t\t\t\t<p>La collection Jardin Secret s\u2019inspire de la nature et des mariages romantiques en plein air.<br data-start=\"1224\" data-end=\"1227\" \/>Les robes sont fluides, l\u00e9g\u00e8res et orn\u00e9es de dentelles aux motifs floraux<\/p>\t\t\t\t\t\t\t\t<\/div>\n\t\t\t\t<div class=\"elementor-element elementor-element-b0aef2d elementor-widget-mobile_extra__width-initial elementor-widget elementor-widget-button\" data-id=\"b0aef2d\" data-element_type=\"widget\" data-e-type=\"widget\" data-widget_type=\"button.default\">\n\t\t\t\t\t\t\t\t\t\t<a class=\"elementor-button elementor-button-link elementor-size-sm\" href=\"https:\/\/timabelou.thuglifenforce2.ovh\/index.php\/collection-amaia\/\">\n\t\t\t\t\t\t<span class=\"elementor-button-content-wrapper\">\n\t\t\t\t\t\t\t\t\t<span class=\"elementor-button-text\">D\u00e9couvrir<\/span>\n\t\t\t\t\t<\/span>\n\t\t\t\t\t<\/a>\n\t\t\t\t\t\t\t\t<\/div>\n\t\t\t\t<\/div>\n\t\t\t\t<\/div>\n\t\t<div class=\"elementor-element elementor-element-48498b2 e-con-full card-container e-flex e-con e-child\" data-id=\"48498b2\" data-element_type=\"container\" data-e-type=\"container\">\n\t\t<div class=\"elementor-element elementor-element-67d1478 e-con-full front-card e-flex e-con e-child\" data-id=\"67d1478\" data-element_type=\"container\" data-e-type=\"container\" data-settings=\"{&quot;background_background&quot;:&quot;classic&quot;}\">\n\t\t\t\t<div class=\"elementor-element elementor-element-3d34683 elementor-widget elementor-widget-image\" data-id=\"3d34683\" data-element_type=\"widget\" data-e-type=\"widget\" data-widget_type=\"image.default\">\n\t\t\t\t\t\t\t\t\t\t\t\t\t\t\t<img decoding=\"async\" src=\"https:\/\/timabelou.thuglifenforce2.ovh\/wp-content\/uploads\/elementor\/thumbs\/pexels-panditwiguna-2085523-scaled-rkeii2k8kiotcz8ko7t64ae3w2ffd2h9ptjyt6tr8o.jpg\" title=\"pexels-panditwiguna-2085523\" alt=\"pexels-panditwiguna-2085523\" loading=\"lazy\" \/>\t\t\t\t\t\t\t\t\t\t\t\t\t\t\t<\/div>\n\t\t\t\t<\/div>\n\t\t<div class=\"elementor-element elementor-element-37178d4 e-con-full back-card e-flex e-con e-child\" data-id=\"37178d4\" data-element_type=\"container\" data-e-type=\"container\">\n\t\t\t\t<div class=\"elementor-element elementor-element-0d52014 elementor-widget elementor-widget-heading\" data-id=\"0d52014\" data-element_type=\"widget\" data-e-type=\"widget\" data-widget_type=\"heading.default\">\n\t\t\t\t\t<h2 class=\"elementor-heading-title elementor-size-default\">Prestige Couture<\/h2>\t\t\t\t<\/div>\n\t\t\t\t<div class=\"elementor-element elementor-element-a53199b elementor-widget elementor-widget-spacer\" data-id=\"a53199b\" data-element_type=\"widget\" data-e-type=\"widget\" data-widget_type=\"spacer.default\">\n\t\t\t\t\t\t\t<div class=\"elementor-spacer\">\n\t\t\t<div class=\"elementor-spacer-inner\"><\/div>\n\t\t<\/div>\n\t\t\t\t\t\t<\/div>\n\t\t\t\t<div class=\"elementor-element elementor-element-bb3a61c elementor-widget elementor-widget-text-editor\" data-id=\"bb3a61c\" data-element_type=\"widget\" data-e-type=\"widget\" data-widget_type=\"text-editor.default\">\n\t\t\t\t\t\t\t\t\t<p>La collection Prestige Couture repr\u00e9sente le savoir-faire d\u2019une cr\u00e9ation \u00e9l\u00e9gante et sur mesure.<br data-start=\"1624\" data-end=\"1627\" \/>Les mati\u00e8res nobles sont s\u00e9lectionn\u00e9es pour leur qualit\u00e9 et leur tenue parfaite.<\/p>\t\t\t\t\t\t\t\t<\/div>\n\t\t\t\t<div class=\"elementor-element elementor-element-164ef9f elementor-widget-mobile_extra__width-initial elementor-widget elementor-widget-button\" data-id=\"164ef9f\" data-element_type=\"widget\" data-e-type=\"widget\" data-widget_type=\"button.default\">\n\t\t\t\t\t\t\t\t\t\t<a class=\"elementor-button elementor-button-link elementor-size-sm\" href=\"https:\/\/timabelou.thuglifenforce2.ovh\/index.php\/collection-giulia\/\">\n\t\t\t\t\t\t<span class=\"elementor-button-content-wrapper\">\n\t\t\t\t\t\t\t\t\t<span class=\"elementor-button-text\">D\u00e9couvrir<\/span>\n\t\t\t\t\t<\/span>\n\t\t\t\t\t<\/a>\n\t\t\t\t\t\t\t\t<\/div>\n\t\t\t\t<\/div>\n\t\t\t\t<\/div>\n\t\t<div class=\"elementor-element elementor-element-1de7a6b e-con-full card-container e-flex e-con e-child\" data-id=\"1de7a6b\" data-element_type=\"container\" data-e-type=\"container\">\n\t\t<div class=\"elementor-element elementor-element-d1d65f9 e-con-full front-card e-flex e-con e-child\" data-id=\"d1d65f9\" data-element_type=\"container\" data-e-type=\"container\">\n\t\t\t\t<div class=\"elementor-element elementor-element-ef30c48 elementor-widget elementor-widget-image\" data-id=\"ef30c48\" data-element_type=\"widget\" data-e-type=\"widget\" data-widget_type=\"image.default\">\n\t\t\t\t\t\t\t\t\t\t\t\t\t\t\t<img decoding=\"async\" src=\"https:\/\/timabelou.thuglifenforce2.ovh\/wp-content\/uploads\/elementor\/thumbs\/pexels-esma-atak-46104031-20370059-scaled-rkeihwx7fih3fbgrl5depbtcbr782vuvp1n1xj24a0.jpg\" title=\"pexels-esma-atak-46104031-20370059\" alt=\"pexels-esma-atak-46104031-20370059\" loading=\"lazy\" \/>\t\t\t\t\t\t\t\t\t\t\t\t\t\t\t<\/div>\n\t\t\t\t<\/div>\n\t\t<div class=\"elementor-element elementor-element-eee00a1 e-con-full back-card e-flex e-con e-child\" data-id=\"eee00a1\" data-element_type=\"container\" data-e-type=\"container\">\n\t\t\t\t<div class=\"elementor-element elementor-element-f27c29d elementor-widget elementor-widget-heading\" data-id=\"f27c29d\" data-element_type=\"widget\" data-e-type=\"widget\" data-widget_type=\"heading.default\">\n\t\t\t\t\t<h2 class=\"elementor-heading-title elementor-size-default\">R\u00eave d\u2019Amour<\/h2>\t\t\t\t<\/div>\n\t\t\t\t<div class=\"elementor-element elementor-element-1967d9c elementor-widget elementor-widget-spacer\" data-id=\"1967d9c\" data-element_type=\"widget\" data-e-type=\"widget\" data-widget_type=\"spacer.default\">\n\t\t\t\t\t\t\t<div class=\"elementor-spacer\">\n\t\t\t<div class=\"elementor-spacer-inner\"><\/div>\n\t\t<\/div>\n\t\t\t\t\t\t<\/div>\n\t\t\t\t<div class=\"elementor-element elementor-element-d36f5fa elementor-widget elementor-widget-text-editor\" data-id=\"d36f5fa\" data-element_type=\"widget\" data-e-type=\"widget\" data-widget_type=\"text-editor.default\">\n\t\t\t\t\t\t\t\t\t<p>La collection R\u00eave d\u2019Amour propose des robes douces et romantiques pleines de l\u00e9g\u00e8ret\u00e9.<br data-start=\"2045\" data-end=\"2048\" \/>Les tissus fluides apportent confort et \u00e9l\u00e9gance \u00e0 chaque mouvement.<\/p>\t\t\t\t\t\t\t\t<\/div>\n\t\t\t\t<div class=\"elementor-element elementor-element-4626e85 elementor-widget-mobile_extra__width-initial elementor-widget elementor-widget-button\" data-id=\"4626e85\" data-element_type=\"widget\" data-e-type=\"widget\" data-widget_type=\"button.default\">\n\t\t\t\t\t\t\t\t\t\t<a class=\"elementor-button elementor-button-link elementor-size-sm\" href=\"https:\/\/timabelou.thuglifenforce2.ovh\/index.php\/collection-carlotta\/\">\n\t\t\t\t\t\t<span class=\"elementor-button-content-wrapper\">\n\t\t\t\t\t\t\t\t\t<span class=\"elementor-button-text\">D\u00e9couvrir<\/span>\n\t\t\t\t\t<\/span>\n\t\t\t\t\t<\/a>\n\t\t\t\t\t\t\t\t<\/div>\n\t\t\t\t<\/div>\n\t\t\t\t<\/div>\n\t\t<div class=\"elementor-element elementor-element-6efa5e3 e-con-full card-container e-flex e-con e-child\" data-id=\"6efa5e3\" data-element_type=\"container\" data-e-type=\"container\">\n\t\t<div class=\"elementor-element elementor-element-d094de0 e-con-full front-card e-flex e-con e-child\" data-id=\"d094de0\" data-element_type=\"container\" data-e-type=\"container\">\n\t\t\t\t<div class=\"elementor-element elementor-element-1e93b38 elementor-widget elementor-widget-image\" data-id=\"1e93b38\" data-element_type=\"widget\" data-e-type=\"widget\" data-widget_type=\"image.default\">\n\t\t\t\t\t\t\t\t\t\t\t\t\t\t\t<img decoding=\"async\" src=\"https:\/\/timabelou.thuglifenforce2.ovh\/wp-content\/uploads\/elementor\/thumbs\/pexels-pixabay-356375-scaled-rkeihitmkzxsl618vha05xdfez4pvfawn3urqdn0vc.jpg\" title=\"pexels-pixabay-356375\" alt=\"pexels-pixabay-356375\" loading=\"lazy\" \/>\t\t\t\t\t\t\t\t\t\t\t\t\t\t\t<\/div>\n\t\t\t\t<\/div>\n\t\t<div class=\"elementor-element elementor-element-260d547 e-con-full back-card e-flex e-con e-child\" data-id=\"260d547\" data-element_type=\"container\" data-e-type=\"container\">\n\t\t\t\t<div class=\"elementor-element elementor-element-c703148 elementor-widget elementor-widget-heading\" data-id=\"c703148\" data-element_type=\"widget\" data-e-type=\"widget\" data-widget_type=\"heading.default\">\n\t\t\t\t\t<h2 class=\"elementor-heading-title elementor-size-default\">R\u00eave d\u2019Amour<\/h2>\t\t\t\t<\/div>\n\t\t\t\t<div class=\"elementor-element elementor-element-7792335 elementor-widget elementor-widget-spacer\" data-id=\"7792335\" data-element_type=\"widget\" data-e-type=\"widget\" data-widget_type=\"spacer.default\">\n\t\t\t\t\t\t\t<div class=\"elementor-spacer\">\n\t\t\t<div class=\"elementor-spacer-inner\"><\/div>\n\t\t<\/div>\n\t\t\t\t\t\t<\/div>\n\t\t\t\t<div class=\"elementor-element elementor-element-ac33506 elementor-widget elementor-widget-text-editor\" data-id=\"ac33506\" data-element_type=\"widget\" data-e-type=\"widget\" data-widget_type=\"text-editor.default\">\n\t\t\t\t\t\t\t\t\t<p>La collection R\u00eave d\u2019Amour propose des robes douces et romantiques pleines de l\u00e9g\u00e8ret\u00e9.<br data-start=\"2045\" data-end=\"2048\" \/>Les tissus fluides apportent confort et \u00e9l\u00e9gance \u00e0 chaque mouvement.<\/p>\t\t\t\t\t\t\t\t<\/div>\n\t\t\t\t<div class=\"elementor-element elementor-element-226a242 elementor-widget-mobile_extra__width-initial elementor-widget elementor-widget-button\" data-id=\"226a242\" data-element_type=\"widget\" data-e-type=\"widget\" data-widget_type=\"button.default\">\n\t\t\t\t\t\t\t\t\t\t<a class=\"elementor-button elementor-button-link elementor-size-sm\" href=\"https:\/\/timabelou.thuglifenforce2.ovh\/index.php\/collection-ines\/\">\n\t\t\t\t\t\t<span class=\"elementor-button-content-wrapper\">\n\t\t\t\t\t\t\t\t\t<span class=\"elementor-button-text\">D\u00e9couvrir<\/span>\n\t\t\t\t\t<\/span>\n\t\t\t\t\t<\/a>\n\t\t\t\t\t\t\t\t<\/div>\n\t\t\t\t<\/div>\n\t\t\t\t<\/div>\n\t\t\t\t\t<\/div>\n\t\t\t\t<\/div>\n\t\t\t\t<\/div>\n\t\t<div class=\"elementor-element elementor-element-a1eee62 e-flex e-con-boxed e-con e-parent\" data-id=\"a1eee62\" data-element_type=\"container\" data-e-type=\"container\">\n\t\t\t\t\t<div class=\"e-con-inner\">\n\t\t\t\t<div class=\"elementor-element elementor-element-86e57d7 elementor-widget elementor-widget-spacer\" data-id=\"86e57d7\" data-element_type=\"widget\" data-e-type=\"widget\" data-widget_type=\"spacer.default\">\n\t\t\t\t\t\t\t<div class=\"elementor-spacer\">\n\t\t\t<div class=\"elementor-spacer-inner\"><\/div>\n\t\t<\/div>\n\t\t\t\t\t\t<\/div>\n\t\t\t\t\t<\/div>\n\t\t\t\t<\/div>\n\t\t\t\t<\/div>\n\t\t","protected":false},"excerpt":{"rendered":"<p>Collections Lorem ipsum dolor sit amet, consectetur adipiscing elit. Ut\u00a0 \u00c9ternelle Gr\u00e2ce La collection \u00c9ternelle Gr\u00e2ce met \u00e0 l\u2019honneur des robes intemporelles aux lignes \u00e9l\u00e9gantes et raffin\u00e9es. D\u00e9couvrir Lumi\u00e8re Divine La collection Lumi\u00e8re Divine propose des robes lumineuses aux finitions d\u00e9licates et f\u00e9minines.Les tissus sont choisis pour leur l\u00e9g\u00e8ret\u00e9 et leur capacit\u00e9 \u00e0 capter la [&hellip;]<\/p>\n","protected":false},"author":1,"featured_media":0,"parent":0,"menu_order":0,"comment_status":"closed","ping_status":"closed","template":"","meta":{"footnotes":""},"class_list":["post-605","page","type-page","status-publish","hentry"],"jetpack_sharing_enabled":true,"_links":{"self":[{"href":"https:\/\/timabelou.thuglifenforce2.ovh\/index.php\/wp-json\/wp\/v2\/pages\/605","targetHints":{"allow":["GET"]}}],"collection":[{"href":"https:\/\/timabelou.thuglifenforce2.ovh\/index.php\/wp-json\/wp\/v2\/pages"}],"about":[{"href":"https:\/\/timabelou.thuglifenforce2.ovh\/index.php\/wp-json\/wp\/v2\/types\/page"}],"author":[{"embeddable":true,"href":"https:\/\/timabelou.thuglifenforce2.ovh\/index.php\/wp-json\/wp\/v2\/users\/1"}],"replies":[{"embeddable":true,"href":"https:\/\/timabelou.thuglifenforce2.ovh\/index.php\/wp-json\/wp\/v2\/comments?post=605"}],"version-history":[{"count":500,"href":"https:\/\/timabelou.thuglifenforce2.ovh\/index.php\/wp-json\/wp\/v2\/pages\/605\/revisions"}],"predecessor-version":[{"id":2590,"href":"https:\/\/timabelou.thuglifenforce2.ovh\/index.php\/wp-json\/wp\/v2\/pages\/605\/revisions\/2590"}],"wp:attachment":[{"href":"https:\/\/timabelou.thuglifenforce2.ovh\/index.php\/wp-json\/wp\/v2\/media?parent=605"}],"curies":[{"name":"wp","href":"https:\/\/api.w.org\/{rel}","templated":true}]}}