{"id":975,"date":"2026-02-24T14:56:04","date_gmt":"2026-02-24T13:56:04","guid":{"rendered":"https:\/\/timabelou.thuglifenforce2.ovh\/?page_id=975"},"modified":"2026-03-13T16:47:23","modified_gmt":"2026-03-13T15:47:23","slug":"collection-ines","status":"publish","type":"page","link":"https:\/\/timabelou.thuglifenforce2.ovh\/index.php\/collection-ines\/","title":{"rendered":"Collection Ines"},"content":{"rendered":"\t\t<div data-elementor-type=\"wp-page\" data-elementor-id=\"975\" class=\"elementor elementor-975\" data-elementor-post-type=\"page\">\n\t\t\t\t<div class=\"elementor-element elementor-element-927570b e-flex e-con-boxed e-con e-parent\" data-id=\"927570b\" data-element_type=\"container\" data-e-type=\"container\" data-settings=\"{&quot;background_background&quot;:&quot;classic&quot;}\">\n\t\t\t\t\t<div class=\"e-con-inner\">\n\t\t<div class=\"elementor-element elementor-element-83d832b e-con-full e-flex e-con e-child\" data-id=\"83d832b\" data-element_type=\"container\" data-e-type=\"container\">\n\t\t\t\t<div class=\"elementor-element elementor-element-cc1dd15 elementor-widget elementor-widget-heading\" data-id=\"cc1dd15\" data-element_type=\"widget\" data-e-type=\"widget\" data-widget_type=\"heading.default\">\n\t\t\t\t\t<h2 class=\"elementor-heading-title elementor-size-default\">Collection \u00c9ternelle Gr\u00e2ce\n<\/h2>\t\t\t\t<\/div>\n\t\t\t\t<div class=\"elementor-element elementor-element-5b9a11f elementor-widget elementor-widget-text-editor\" data-id=\"5b9a11f\" data-element_type=\"widget\" data-e-type=\"widget\" data-widget_type=\"text-editor.default\">\n\t\t\t\t\t\t\t\t\t<p data-start=\"365\" data-end=\"447\">Une collection douce et lumineuse, pens\u00e9e pour r\u00e9v\u00e9ler la f\u00e9minit\u00e9 avec subtilit\u00e9<\/p>\t\t\t\t\t\t\t\t<\/div>\n\t\t\t\t<\/div>\n\t\t\t\t\t<\/div>\n\t\t\t\t<\/div>\n\t\t<div class=\"elementor-element elementor-element-f139549 e-flex e-con-boxed e-con e-parent\" data-id=\"f139549\" data-element_type=\"container\" data-e-type=\"container\">\n\t\t\t\t\t<div class=\"e-con-inner\">\n\t\t\t\t<div class=\"elementor-element elementor-element-7a255cb elementor-widget elementor-widget-spacer\" data-id=\"7a255cb\" data-element_type=\"widget\" data-e-type=\"widget\" data-widget_type=\"spacer.default\">\n\t\t\t\t\t\t\t<div class=\"elementor-spacer\">\n\t\t\t<div class=\"elementor-spacer-inner\"><\/div>\n\t\t<\/div>\n\t\t\t\t\t\t<\/div>\n\t\t\t\t\t<\/div>\n\t\t\t\t<\/div>\n\t\t<div class=\"elementor-element elementor-element-9924a20 e-flex e-con-boxed e-con e-parent\" data-id=\"9924a20\" data-element_type=\"container\" data-e-type=\"container\">\n\t\t\t\t\t<div class=\"e-con-inner\">\n\t\t\t\t<div class=\"elementor-element elementor-element-dccc12c elementor-widget__width-initial elementor-widget elementor-widget-text-editor\" data-id=\"dccc12c\" data-element_type=\"widget\" data-e-type=\"widget\" data-widget_type=\"text-editor.default\">\n\t\t\t\t\t\t\t\t\t<p data-start=\"280\" data-end=\"426\">La collection \u00c9ternelle Gr\u00e2ce met \u00e0 l\u2019honneur des robes intemporelles aux lignes \u00e9l\u00e9gantes et raffin\u00e9es.<br data-start=\"294\" data-end=\"297\" \/>Chaque mod\u00e8le est con\u00e7u avec des mati\u00e8res nobles pour offrir confort et l\u00e9g\u00e8ret\u00e9 tout au long de la journ\u00e9e.<br data-start=\"405\" data-end=\"408\" \/>Les d\u00e9tails en dentelle et les finitions d\u00e9licates apportent une touche de haute couture.<br data-start=\"497\" data-end=\"500\" \/>Les coupes sont pens\u00e9es pour sublimer chaque silhouette avec harmonie.<br data-start=\"570\" data-end=\"573\" \/>Une collection id\u00e9ale pour les mari\u00e9es qui recherchent \u00e9l\u00e9gance et simplicit\u00e9.<\/p>\t\t\t\t\t\t\t\t<\/div>\n\t\t\t\t\t<\/div>\n\t\t\t\t<\/div>\n\t\t<div class=\"elementor-element elementor-element-0a7839a e-flex e-con-boxed e-con e-parent\" data-id=\"0a7839a\" data-element_type=\"container\" data-e-type=\"container\">\n\t\t\t\t\t<div class=\"e-con-inner\">\n\t\t\t\t<div class=\"elementor-element elementor-element-87c12dc elementor-widget elementor-widget-spacer\" data-id=\"87c12dc\" data-element_type=\"widget\" data-e-type=\"widget\" data-widget_type=\"spacer.default\">\n\t\t\t\t\t\t\t<div class=\"elementor-spacer\">\n\t\t\t<div class=\"elementor-spacer-inner\"><\/div>\n\t\t<\/div>\n\t\t\t\t\t\t<\/div>\n\t\t\t\t\t<\/div>\n\t\t\t\t<\/div>\n\t\t<div class=\"elementor-element elementor-element-f49a26b collection-gallery e-flex e-con-boxed e-con e-parent\" data-id=\"f49a26b\" data-element_type=\"container\" data-e-type=\"container\">\n\t\t\t\t\t<div class=\"e-con-inner\">\n\t\t<div class=\"elementor-element elementor-element-832e3e8 e-con-full collection-card e-flex e-con e-child\" data-id=\"832e3e8\" data-element_type=\"container\" data-e-type=\"container\" data-settings=\"{&quot;background_background&quot;:&quot;classic&quot;}\">\n\t\t<a class=\"elementor-element elementor-element-976547c e-con-full collection-content e-flex e-con e-child\" data-id=\"976547c\" data-element_type=\"container\" data-e-type=\"container\" href=\"https:\/\/timabelou.thuglifenforce2.ovh\/index.php\/produit\/alice\/\">\n\t\t\t\t<div class=\"elementor-element elementor-element-ad3318f collection-title elementor-widget elementor-widget-heading\" data-id=\"ad3318f\" data-element_type=\"widget\" data-e-type=\"widget\" data-widget_type=\"heading.default\">\n\t\t\t\t\t<h2 class=\"elementor-heading-title elementor-size-default\">Alice<\/h2>\t\t\t\t<\/div>\n\t\t\t\t<\/a>\n\t\t\t\t<\/div>\n\t\t<div class=\"elementor-element elementor-element-e8af76e e-con-full collection-card e-flex e-con e-child\" data-id=\"e8af76e\" data-element_type=\"container\" data-e-type=\"container\" data-settings=\"{&quot;background_background&quot;:&quot;classic&quot;}\">\n\t\t<a class=\"elementor-element elementor-element-ca44727 e-con-full collection-content e-flex e-con e-child\" data-id=\"ca44727\" data-element_type=\"container\" data-e-type=\"container\" href=\"https:\/\/timabelou.thuglifenforce2.ovh\/index.php\/produit\/anouk\/\">\n\t\t\t\t<div class=\"elementor-element elementor-element-2dfc289 collection-title elementor-widget elementor-widget-heading\" data-id=\"2dfc289\" data-element_type=\"widget\" data-e-type=\"widget\" data-widget_type=\"heading.default\">\n\t\t\t\t\t<h2 class=\"elementor-heading-title elementor-size-default\">Anouk<\/h2>\t\t\t\t<\/div>\n\t\t\t\t<\/a>\n\t\t\t\t<\/div>\n\t\t<div class=\"elementor-element elementor-element-4be1117 e-con-full collection-card e-flex e-con e-child\" data-id=\"4be1117\" data-element_type=\"container\" data-e-type=\"container\" data-settings=\"{&quot;background_background&quot;:&quot;classic&quot;}\">\n\t\t<a class=\"elementor-element elementor-element-364c4c3 e-con-full collection-content e-flex e-con e-child\" data-id=\"364c4c3\" data-element_type=\"container\" data-e-type=\"container\" href=\"https:\/\/timabelou.thuglifenforce2.ovh\/index.php\/produit\/ariel\/\">\n\t\t\t\t<div class=\"elementor-element elementor-element-a0d583b collection-title elementor-widget elementor-widget-heading\" data-id=\"a0d583b\" data-element_type=\"widget\" data-e-type=\"widget\" data-widget_type=\"heading.default\">\n\t\t\t\t\t<h2 class=\"elementor-heading-title elementor-size-default\">Ariel<\/h2>\t\t\t\t<\/div>\n\t\t\t\t<\/a>\n\t\t\t\t<\/div>\n\t\t<div class=\"elementor-element elementor-element-60b1c76 e-con-full collection-card e-flex e-con e-child\" data-id=\"60b1c76\" data-element_type=\"container\" data-e-type=\"container\" data-settings=\"{&quot;background_background&quot;:&quot;classic&quot;}\">\n\t\t<a class=\"elementor-element elementor-element-2f359e4 e-con-full collection-content e-flex e-con e-child\" data-id=\"2f359e4\" data-element_type=\"container\" data-e-type=\"container\" href=\"https:\/\/timabelou.thuglifenforce2.ovh\/index.php\/produit\/belle\/\">\n\t\t\t\t<div class=\"elementor-element elementor-element-211379d collection-title elementor-widget elementor-widget-heading\" data-id=\"211379d\" data-element_type=\"widget\" data-e-type=\"widget\" data-widget_type=\"heading.default\">\n\t\t\t\t\t<h2 class=\"elementor-heading-title elementor-size-default\">Belle<\/h2>\t\t\t\t<\/div>\n\t\t\t\t<\/a>\n\t\t\t\t<\/div>\n\t\t<div class=\"elementor-element elementor-element-216abce e-con-full collection-card e-flex e-con e-child\" data-id=\"216abce\" data-element_type=\"container\" data-e-type=\"container\" data-settings=\"{&quot;background_background&quot;:&quot;classic&quot;}\">\n\t\t<a class=\"elementor-element elementor-element-052ce6e e-con-full collection-content e-flex e-con e-child\" data-id=\"052ce6e\" data-element_type=\"container\" data-e-type=\"container\" href=\"https:\/\/timabelou.thuglifenforce2.ovh\/index.php\/produit\/blanche\/\">\n\t\t\t\t<div class=\"elementor-element elementor-element-976d169 collection-title elementor-widget elementor-widget-heading\" data-id=\"976d169\" data-element_type=\"widget\" data-e-type=\"widget\" data-widget_type=\"heading.default\">\n\t\t\t\t\t<h2 class=\"elementor-heading-title elementor-size-default\">Blanche<\/h2>\t\t\t\t<\/div>\n\t\t\t\t<\/a>\n\t\t\t\t<\/div>\n\t\t\t\t\t<\/div>\n\t\t\t\t<\/div>\n\t\t<div class=\"elementor-element elementor-element-3116e39 e-flex e-con-boxed e-con e-parent\" data-id=\"3116e39\" data-element_type=\"container\" data-e-type=\"container\">\n\t\t\t\t\t<div class=\"e-con-inner\">\n\t\t\t\t<div class=\"elementor-element elementor-element-831e356 elementor-widget elementor-widget-spacer\" data-id=\"831e356\" data-element_type=\"widget\" data-e-type=\"widget\" data-widget_type=\"spacer.default\">\n\t\t\t\t\t\t\t<div class=\"elementor-spacer\">\n\t\t\t<div class=\"elementor-spacer-inner\"><\/div>\n\t\t<\/div>\n\t\t\t\t\t\t<\/div>\n\t\t\t\t\t<\/div>\n\t\t\t\t<\/div>\n\t\t\t\t<\/div>\n\t\t","protected":false},"excerpt":{"rendered":"<p>Collection \u00c9ternelle Gr\u00e2ce Une collection douce et lumineuse, pens\u00e9e pour r\u00e9v\u00e9ler la f\u00e9minit\u00e9 avec subtilit\u00e9 La collection \u00c9ternelle Gr\u00e2ce met \u00e0 l\u2019honneur des robes intemporelles aux lignes \u00e9l\u00e9gantes et raffin\u00e9es.Chaque mod\u00e8le est con\u00e7u avec des mati\u00e8res nobles pour offrir confort et l\u00e9g\u00e8ret\u00e9 tout au long de la journ\u00e9e.Les d\u00e9tails en dentelle et les finitions d\u00e9licates [&hellip;]<\/p>\n","protected":false},"author":1,"featured_media":0,"parent":0,"menu_order":0,"comment_status":"closed","ping_status":"closed","template":"","meta":{"footnotes":""},"class_list":["post-975","page","type-page","status-publish","hentry"],"jetpack_sharing_enabled":true,"_links":{"self":[{"href":"https:\/\/timabelou.thuglifenforce2.ovh\/index.php\/wp-json\/wp\/v2\/pages\/975","targetHints":{"allow":["GET"]}}],"collection":[{"href":"https:\/\/timabelou.thuglifenforce2.ovh\/index.php\/wp-json\/wp\/v2\/pages"}],"about":[{"href":"https:\/\/timabelou.thuglifenforce2.ovh\/index.php\/wp-json\/wp\/v2\/types\/page"}],"author":[{"embeddable":true,"href":"https:\/\/timabelou.thuglifenforce2.ovh\/index.php\/wp-json\/wp\/v2\/users\/1"}],"replies":[{"embeddable":true,"href":"https:\/\/timabelou.thuglifenforce2.ovh\/index.php\/wp-json\/wp\/v2\/comments?post=975"}],"version-history":[{"count":152,"href":"https:\/\/timabelou.thuglifenforce2.ovh\/index.php\/wp-json\/wp\/v2\/pages\/975\/revisions"}],"predecessor-version":[{"id":2545,"href":"https:\/\/timabelou.thuglifenforce2.ovh\/index.php\/wp-json\/wp\/v2\/pages\/975\/revisions\/2545"}],"wp:attachment":[{"href":"https:\/\/timabelou.thuglifenforce2.ovh\/index.php\/wp-json\/wp\/v2\/media?parent=975"}],"curies":[{"name":"wp","href":"https:\/\/api.w.org\/{rel}","templated":true}]}}