{"id":1708,"date":"2026-03-10T10:52:39","date_gmt":"2026-03-10T09:52:39","guid":{"rendered":"https:\/\/timabelou.thuglifenforce2.ovh\/?post_type=product&#038;p=1708"},"modified":"2026-03-10T10:54:47","modified_gmt":"2026-03-10T09:54:47","slug":"bagel-ivoire","status":"publish","type":"product","link":"https:\/\/timabelou.thuglifenforce2.ovh\/index.php\/produit\/bagel-ivoire\/","title":{"rendered":"Bagel Ivoire"},"content":{"rendered":"<p>Bagel notre chouchou de la saison s&#8217;habille d&#8217;une languette de faux cuir blanc et d&#8217;une perle nacr\u00e9e. Ce chouchou est r\u00e9alis\u00e9 en Satin. Id\u00e9al pour un cadeau \u00e0 la mari\u00e9e ou aux demoiselles d&#8217;honneur. Le satin prendra soin de vos cheveux sans les ass\u00e9cher ni les abimer.<\/p>\n<p>Tissu principal : 100% polyester<\/p>\n<p>Perle synth\u00e9tique<\/p>\n<p>Languette de faux cuir : 100% polyester<\/p>\n<p>Entretien : lavage \u00e0 la main et \u00e0 froid uniquement pour ne pas abimer la perle .<\/p>\n<p>&nbsp;<\/p>\n","protected":false},"excerpt":{"rendered":"<p>Chouchou Bagel en satin ivoire orn\u00e9e d&#8217;une perle d\u00e9corative. accessoire de t\u00eate pour mari\u00e9 ou demoiselles d&#8217;honneur.<\/p>\n","protected":false},"featured_media":1811,"comment_status":"closed","ping_status":"closed","template":"","meta":[],"product_brand":[],"product_cat":[26],"product_tag":[31],"class_list":{"0":"post-1708","1":"product","2":"type-product","3":"status-publish","4":"has-post-thumbnail","6":"product_cat-accessoires","7":"product_tag-pe23","9":"first","10":"instock","11":"shipping-taxable","12":"purchasable","13":"product-type-simple"},"jetpack_sharing_enabled":true,"_links":{"self":[{"href":"https:\/\/timabelou.thuglifenforce2.ovh\/index.php\/wp-json\/wp\/v2\/product\/1708","targetHints":{"allow":["GET"]}}],"collection":[{"href":"https:\/\/timabelou.thuglifenforce2.ovh\/index.php\/wp-json\/wp\/v2\/product"}],"about":[{"href":"https:\/\/timabelou.thuglifenforce2.ovh\/index.php\/wp-json\/wp\/v2\/types\/product"}],"replies":[{"embeddable":true,"href":"https:\/\/timabelou.thuglifenforce2.ovh\/index.php\/wp-json\/wp\/v2\/comments?post=1708"}],"version-history":[{"count":1,"href":"https:\/\/timabelou.thuglifenforce2.ovh\/index.php\/wp-json\/wp\/v2\/product\/1708\/revisions"}],"predecessor-version":[{"id":1812,"href":"https:\/\/timabelou.thuglifenforce2.ovh\/index.php\/wp-json\/wp\/v2\/product\/1708\/revisions\/1812"}],"wp:featuredmedia":[{"embeddable":true,"href":"https:\/\/timabelou.thuglifenforce2.ovh\/index.php\/wp-json\/wp\/v2\/media\/1811"}],"wp:attachment":[{"href":"https:\/\/timabelou.thuglifenforce2.ovh\/index.php\/wp-json\/wp\/v2\/media?parent=1708"}],"wp:term":[{"taxonomy":"product_brand","embeddable":true,"href":"https:\/\/timabelou.thuglifenforce2.ovh\/index.php\/wp-json\/wp\/v2\/product_brand?post=1708"},{"taxonomy":"product_cat","embeddable":true,"href":"https:\/\/timabelou.thuglifenforce2.ovh\/index.php\/wp-json\/wp\/v2\/product_cat?post=1708"},{"taxonomy":"product_tag","embeddable":true,"href":"https:\/\/timabelou.thuglifenforce2.ovh\/index.php\/wp-json\/wp\/v2\/product_tag?post=1708"}],"curies":[{"name":"wp","href":"https:\/\/api.w.org\/{rel}","templated":true}]}}