{"id":1709,"date":"2026-03-10T10:52:40","date_gmt":"2026-03-10T09:52:40","guid":{"rendered":"https:\/\/timabelou.thuglifenforce2.ovh\/?post_type=product&#038;p=1709"},"modified":"2026-03-10T10:53:58","modified_gmt":"2026-03-10T09:53:58","slug":"fara","status":"publish","type":"product","link":"https:\/\/timabelou.thuglifenforce2.ovh\/index.php\/produit\/fara\/","title":{"rendered":"Fara"},"content":{"rendered":"<p>Fara est notre sert-t\u00eate de la saison, lui aussi enti\u00e8rement fait \u00e0 la maison, Fara vous donnera l&#8217;impression de porter une couronne.<\/p>\n<p>Aussi l\u00e9g\u00e8re qu&#8217;une plume vous ne le sentirez pas. Vous pouvez r\u00e9gler la pression qu&#8217;il vous apporte.<\/p>\n<p>Couleurs : Argent \/ Nacre<\/p>\n","protected":false},"excerpt":{"rendered":"<p>Bijou de t\u00eate Fara notre serre-t\u00eate pour coiffure de mari\u00e9e r\u00e9alis\u00e9 \u00e0 la main. Fara est confectionn\u00e9 en filament m\u00e9tallique argent\u00e9<\/p>\n<p>&nbsp;<\/p>\n","protected":false},"featured_media":1773,"comment_status":"closed","ping_status":"closed","template":"","meta":[],"product_brand":[],"product_cat":[26],"product_tag":[31],"class_list":{"0":"post-1709","1":"product","2":"type-product","3":"status-publish","4":"has-post-thumbnail","6":"product_cat-accessoires","7":"product_tag-pe23","9":"first","10":"instock","11":"shipping-taxable","12":"purchasable","13":"product-type-simple"},"jetpack_sharing_enabled":true,"_links":{"self":[{"href":"https:\/\/timabelou.thuglifenforce2.ovh\/index.php\/wp-json\/wp\/v2\/product\/1709","targetHints":{"allow":["GET"]}}],"collection":[{"href":"https:\/\/timabelou.thuglifenforce2.ovh\/index.php\/wp-json\/wp\/v2\/product"}],"about":[{"href":"https:\/\/timabelou.thuglifenforce2.ovh\/index.php\/wp-json\/wp\/v2\/types\/product"}],"replies":[{"embeddable":true,"href":"https:\/\/timabelou.thuglifenforce2.ovh\/index.php\/wp-json\/wp\/v2\/comments?post=1709"}],"version-history":[{"count":1,"href":"https:\/\/timabelou.thuglifenforce2.ovh\/index.php\/wp-json\/wp\/v2\/product\/1709\/revisions"}],"predecessor-version":[{"id":1774,"href":"https:\/\/timabelou.thuglifenforce2.ovh\/index.php\/wp-json\/wp\/v2\/product\/1709\/revisions\/1774"}],"wp:featuredmedia":[{"embeddable":true,"href":"https:\/\/timabelou.thuglifenforce2.ovh\/index.php\/wp-json\/wp\/v2\/media\/1773"}],"wp:attachment":[{"href":"https:\/\/timabelou.thuglifenforce2.ovh\/index.php\/wp-json\/wp\/v2\/media?parent=1709"}],"wp:term":[{"taxonomy":"product_brand","embeddable":true,"href":"https:\/\/timabelou.thuglifenforce2.ovh\/index.php\/wp-json\/wp\/v2\/product_brand?post=1709"},{"taxonomy":"product_cat","embeddable":true,"href":"https:\/\/timabelou.thuglifenforce2.ovh\/index.php\/wp-json\/wp\/v2\/product_cat?post=1709"},{"taxonomy":"product_tag","embeddable":true,"href":"https:\/\/timabelou.thuglifenforce2.ovh\/index.php\/wp-json\/wp\/v2\/product_tag?post=1709"}],"curies":[{"name":"wp","href":"https:\/\/api.w.org\/{rel}","templated":true}]}}