{"id":1710,"date":"2026-03-10T10:52:40","date_gmt":"2026-03-10T09:52:40","guid":{"rendered":"https:\/\/timabelou.thuglifenforce2.ovh\/?post_type=product&#038;p=1710"},"modified":"2026-03-10T10:53:40","modified_gmt":"2026-03-10T09:53:40","slug":"sarah","status":"publish","type":"product","link":"https:\/\/timabelou.thuglifenforce2.ovh\/index.php\/produit\/sarah\/","title":{"rendered":"Sarah"},"content":{"rendered":"<p>Notre trousse de toilette Sarah est r\u00e9alis\u00e9e en simili cuir blanc pour toute imperm\u00e9abilit\u00e9. Sa broderie personnalisable orn\u00e9e de perles fera de cette trousse un objet unique.<\/p>\n<p>Tissu principal : 100% polyester, simili cuir de vache<\/p>\n<p>Doublure : 100% polyester<\/p>\n<p>Entretien : Laver retourn\u00e9 en machine \u00e0 froid, repassage interdit en contacte direct<\/p>\n<p>Dimensions : H 20 cm x L 28 cm x Profondeur \u00e0 la base 8,5 cm<\/p>\n","protected":false},"excerpt":{"rendered":"<p>Trousse de toilette Sarah. Must have du trousseau de mari\u00e9, Sarah saura recueillir le n\u00e9cessaire pour le jour J. R\u00e9alis\u00e9 en simili cuir Sarah est solide et ne craint pas les taches du quotidien.<\/p>\n","protected":false},"featured_media":1758,"comment_status":"closed","ping_status":"closed","template":"","meta":[],"product_brand":[],"product_cat":[26],"product_tag":[31],"class_list":{"0":"post-1710","1":"product","2":"type-product","3":"status-publish","4":"has-post-thumbnail","6":"product_cat-accessoires","7":"product_tag-pe23","9":"first","10":"instock","11":"shipping-taxable","12":"purchasable","13":"product-type-simple"},"jetpack_sharing_enabled":true,"_links":{"self":[{"href":"https:\/\/timabelou.thuglifenforce2.ovh\/index.php\/wp-json\/wp\/v2\/product\/1710","targetHints":{"allow":["GET"]}}],"collection":[{"href":"https:\/\/timabelou.thuglifenforce2.ovh\/index.php\/wp-json\/wp\/v2\/product"}],"about":[{"href":"https:\/\/timabelou.thuglifenforce2.ovh\/index.php\/wp-json\/wp\/v2\/types\/product"}],"replies":[{"embeddable":true,"href":"https:\/\/timabelou.thuglifenforce2.ovh\/index.php\/wp-json\/wp\/v2\/comments?post=1710"}],"version-history":[{"count":1,"href":"https:\/\/timabelou.thuglifenforce2.ovh\/index.php\/wp-json\/wp\/v2\/product\/1710\/revisions"}],"predecessor-version":[{"id":1759,"href":"https:\/\/timabelou.thuglifenforce2.ovh\/index.php\/wp-json\/wp\/v2\/product\/1710\/revisions\/1759"}],"wp:featuredmedia":[{"embeddable":true,"href":"https:\/\/timabelou.thuglifenforce2.ovh\/index.php\/wp-json\/wp\/v2\/media\/1758"}],"wp:attachment":[{"href":"https:\/\/timabelou.thuglifenforce2.ovh\/index.php\/wp-json\/wp\/v2\/media?parent=1710"}],"wp:term":[{"taxonomy":"product_brand","embeddable":true,"href":"https:\/\/timabelou.thuglifenforce2.ovh\/index.php\/wp-json\/wp\/v2\/product_brand?post=1710"},{"taxonomy":"product_cat","embeddable":true,"href":"https:\/\/timabelou.thuglifenforce2.ovh\/index.php\/wp-json\/wp\/v2\/product_cat?post=1710"},{"taxonomy":"product_tag","embeddable":true,"href":"https:\/\/timabelou.thuglifenforce2.ovh\/index.php\/wp-json\/wp\/v2\/product_tag?post=1710"}],"curies":[{"name":"wp","href":"https:\/\/api.w.org\/{rel}","templated":true}]}}