{"id":1711,"date":"2026-03-10T10:52:41","date_gmt":"2026-03-10T09:52:41","guid":{"rendered":"https:\/\/timabelou.thuglifenforce2.ovh\/?post_type=product&#038;p=1711"},"modified":"2026-03-12T14:08:07","modified_gmt":"2026-03-12T13:08:07","slug":"chouchou","status":"publish","type":"product","link":"https:\/\/timabelou.thuglifenforce2.ovh\/index.php\/produit\/chouchou\/","title":{"rendered":"Chouchou"},"content":{"rendered":"<p>Chouchou est une robe courte compos\u00e9e de deux parties. La robe du dessous est ajust\u00e9e de la poitrine \u00e0 la taille pour vous mettre en valeur.<\/p>\n<p>La robe de dessus est en tulle brod\u00e9 plus ample afin de donner \u00e0 cette robe un c\u00f4t\u00e9 a\u00e9rien. Col montant d\u00e9licat, et longue ouverture dans le dos ajoute du d\u00e9tail.<\/p>\n<p>Tulle brod\u00e9 : 100% coton<\/p>\n<p>Tissu principal : 88% polyester 12% \u00e9lasthannes<\/p>\n<p>Doublure : 100% viscose<\/p>\n<p>Entretien : Nettoyage \u00e0 sec uniquement<\/p>\n<p>C\u00e9line mesure 1,73 m, elle porte des chaussures avec 12 cm de talon.<\/p>\n<p>Toutes nos robes sont ajustables en longueur.<\/p>\n","protected":false},"excerpt":{"rendered":"<p>Robe courte Chouchou pour mariage civil chic ou pour une c\u00e9r\u00e9monie moderne constitu\u00e9 d&#8217;une sous-robe ajust\u00e9e et dos creus\u00e9, sur-robe en tulle brod\u00e9e avec une ouverture milieu dos et un col montant.<\/p>\n","protected":false},"featured_media":1742,"comment_status":"closed","ping_status":"closed","template":"","meta":[],"product_brand":[],"product_cat":[56],"product_tag":[31],"class_list":{"0":"post-1711","1":"product","2":"type-product","3":"status-publish","4":"has-post-thumbnail","6":"product_cat-collection-4","7":"product_tag-pe23","9":"first","10":"instock","11":"sale","12":"sold-individually","13":"shipping-taxable","14":"purchasable","15":"product-type-variable"},"jetpack_sharing_enabled":true,"_links":{"self":[{"href":"https:\/\/timabelou.thuglifenforce2.ovh\/index.php\/wp-json\/wp\/v2\/product\/1711","targetHints":{"allow":["GET"]}}],"collection":[{"href":"https:\/\/timabelou.thuglifenforce2.ovh\/index.php\/wp-json\/wp\/v2\/product"}],"about":[{"href":"https:\/\/timabelou.thuglifenforce2.ovh\/index.php\/wp-json\/wp\/v2\/types\/product"}],"replies":[{"embeddable":true,"href":"https:\/\/timabelou.thuglifenforce2.ovh\/index.php\/wp-json\/wp\/v2\/comments?post=1711"}],"version-history":[{"count":1,"href":"https:\/\/timabelou.thuglifenforce2.ovh\/index.php\/wp-json\/wp\/v2\/product\/1711\/revisions"}],"predecessor-version":[{"id":1743,"href":"https:\/\/timabelou.thuglifenforce2.ovh\/index.php\/wp-json\/wp\/v2\/product\/1711\/revisions\/1743"}],"wp:featuredmedia":[{"embeddable":true,"href":"https:\/\/timabelou.thuglifenforce2.ovh\/index.php\/wp-json\/wp\/v2\/media\/1742"}],"wp:attachment":[{"href":"https:\/\/timabelou.thuglifenforce2.ovh\/index.php\/wp-json\/wp\/v2\/media?parent=1711"}],"wp:term":[{"taxonomy":"product_brand","embeddable":true,"href":"https:\/\/timabelou.thuglifenforce2.ovh\/index.php\/wp-json\/wp\/v2\/product_brand?post=1711"},{"taxonomy":"product_cat","embeddable":true,"href":"https:\/\/timabelou.thuglifenforce2.ovh\/index.php\/wp-json\/wp\/v2\/product_cat?post=1711"},{"taxonomy":"product_tag","embeddable":true,"href":"https:\/\/timabelou.thuglifenforce2.ovh\/index.php\/wp-json\/wp\/v2\/product_tag?post=1711"}],"curies":[{"name":"wp","href":"https:\/\/api.w.org\/{rel}","templated":true}]}}