{"id":1717,"date":"2026-03-10T10:52:43","date_gmt":"2026-03-10T09:52:43","guid":{"rendered":"https:\/\/timabelou.thuglifenforce2.ovh\/?post_type=product&#038;p=1717"},"modified":"2026-03-10T10:53:52","modified_gmt":"2026-03-10T09:53:52","slug":"leila","status":"publish","type":"product","link":"https:\/\/timabelou.thuglifenforce2.ovh\/index.php\/produit\/leila\/","title":{"rendered":"Leila"},"content":{"rendered":"<p>Leila est notre peigne \u00e0 cheveux de la saison. Enti\u00e8rement confectionn\u00e9 \u00e0 la main il habillera vos coiffures de mari\u00e9s de la mani\u00e8re la plus d\u00e9licate qu&#8217;il soit . Ses filaments dor\u00e9s r\u00e9chaufferont vos chignons.<\/p>\n<p>\u00c0 apposer de la mani\u00e8re qu&#8217;il vous plaira au-dessus, sur le c\u00f4t\u00e9, ou sous votre chignon .<\/p>\n<p>Couleur Or \/ Nacre<\/p>\n","protected":false},"excerpt":{"rendered":"<p>Accessoire de t\u00eate Leila. Peigne pour coiffure de mari\u00e9e r\u00e9alis\u00e9 de mani\u00e8re artisanale. Leila peut se porter de plusieurs mani\u00e8res.<\/p>\n<p>&nbsp;<\/p>\n","protected":false},"featured_media":1769,"comment_status":"closed","ping_status":"closed","template":"","meta":[],"product_brand":[],"product_cat":[26],"product_tag":[31],"class_list":{"0":"post-1717","1":"product","2":"type-product","3":"status-publish","4":"has-post-thumbnail","6":"product_cat-accessoires","7":"product_tag-pe23","9":"first","10":"instock","11":"shipping-taxable","12":"purchasable","13":"product-type-simple"},"jetpack_sharing_enabled":true,"_links":{"self":[{"href":"https:\/\/timabelou.thuglifenforce2.ovh\/index.php\/wp-json\/wp\/v2\/product\/1717","targetHints":{"allow":["GET"]}}],"collection":[{"href":"https:\/\/timabelou.thuglifenforce2.ovh\/index.php\/wp-json\/wp\/v2\/product"}],"about":[{"href":"https:\/\/timabelou.thuglifenforce2.ovh\/index.php\/wp-json\/wp\/v2\/types\/product"}],"replies":[{"embeddable":true,"href":"https:\/\/timabelou.thuglifenforce2.ovh\/index.php\/wp-json\/wp\/v2\/comments?post=1717"}],"version-history":[{"count":1,"href":"https:\/\/timabelou.thuglifenforce2.ovh\/index.php\/wp-json\/wp\/v2\/product\/1717\/revisions"}],"predecessor-version":[{"id":1770,"href":"https:\/\/timabelou.thuglifenforce2.ovh\/index.php\/wp-json\/wp\/v2\/product\/1717\/revisions\/1770"}],"wp:featuredmedia":[{"embeddable":true,"href":"https:\/\/timabelou.thuglifenforce2.ovh\/index.php\/wp-json\/wp\/v2\/media\/1769"}],"wp:attachment":[{"href":"https:\/\/timabelou.thuglifenforce2.ovh\/index.php\/wp-json\/wp\/v2\/media?parent=1717"}],"wp:term":[{"taxonomy":"product_brand","embeddable":true,"href":"https:\/\/timabelou.thuglifenforce2.ovh\/index.php\/wp-json\/wp\/v2\/product_brand?post=1717"},{"taxonomy":"product_cat","embeddable":true,"href":"https:\/\/timabelou.thuglifenforce2.ovh\/index.php\/wp-json\/wp\/v2\/product_cat?post=1717"},{"taxonomy":"product_tag","embeddable":true,"href":"https:\/\/timabelou.thuglifenforce2.ovh\/index.php\/wp-json\/wp\/v2\/product_tag?post=1717"}],"curies":[{"name":"wp","href":"https:\/\/api.w.org\/{rel}","templated":true}]}}