{"id":1718,"date":"2026-03-10T10:52:44","date_gmt":"2026-03-10T09:52:44","guid":{"rendered":"https:\/\/timabelou.thuglifenforce2.ovh\/?post_type=product&#038;p=1718"},"modified":"2026-03-12T14:07:40","modified_gmt":"2026-03-12T13:07:40","slug":"angie","status":"publish","type":"product","link":"https:\/\/timabelou.thuglifenforce2.ovh\/index.php\/produit\/angie\/","title":{"rendered":"Angie"},"content":{"rendered":"<p>Angie est la petite soeur de la robe Naziha.<\/p>\n<p>La superposition de tissus avec son tulle d\u00e9licatement brod\u00e9 rajoute \u00e0 ce col montant un look diff\u00e9rent.<\/p>\n<p>Doux jeux de transparence sur le bas de la robe, les motifs habillent vos jambes et les longueurs les mettent en valeur.<\/p>\n<p>Tulle brod\u00e9 : 100% coton<\/p>\n<p>Tissu principal : 88% polyester 12% \u00e9lasthannes<\/p>\n<p>Doublure : 100% viscose<\/p>\n<p>Entretien : Nettoyage \u00e0 sec uniquement<\/p>\n<p>C\u00e9line mesure 1,73 m, elle porte des chaussures avec 12 cm de talon.<\/p>\n<p>Toutes nos robes sont ajustables en longueur.<\/p>\n<p>&nbsp;<\/p>\n","protected":false},"excerpt":{"rendered":"<p>Robe longue Angie. Robe pour le civil ou votre c\u00e9r\u00e9monie, Angie joue le jeu de la transparence avec deux couches de tissus donc une de tulle brod\u00e9e. Col montant pour la touche raffin\u00e9e.<\/p>\n","protected":false},"featured_media":1788,"comment_status":"closed","ping_status":"closed","template":"","meta":[],"product_brand":[],"product_cat":[56],"product_tag":[31],"class_list":{"0":"post-1718","1":"product","2":"type-product","3":"status-publish","4":"has-post-thumbnail","6":"product_cat-collection-4","7":"product_tag-pe23","9":"first","10":"instock","11":"sale","12":"sold-individually","13":"shipping-taxable","14":"purchasable","15":"product-type-variable"},"jetpack_sharing_enabled":true,"_links":{"self":[{"href":"https:\/\/timabelou.thuglifenforce2.ovh\/index.php\/wp-json\/wp\/v2\/product\/1718","targetHints":{"allow":["GET"]}}],"collection":[{"href":"https:\/\/timabelou.thuglifenforce2.ovh\/index.php\/wp-json\/wp\/v2\/product"}],"about":[{"href":"https:\/\/timabelou.thuglifenforce2.ovh\/index.php\/wp-json\/wp\/v2\/types\/product"}],"replies":[{"embeddable":true,"href":"https:\/\/timabelou.thuglifenforce2.ovh\/index.php\/wp-json\/wp\/v2\/comments?post=1718"}],"version-history":[{"count":1,"href":"https:\/\/timabelou.thuglifenforce2.ovh\/index.php\/wp-json\/wp\/v2\/product\/1718\/revisions"}],"predecessor-version":[{"id":1789,"href":"https:\/\/timabelou.thuglifenforce2.ovh\/index.php\/wp-json\/wp\/v2\/product\/1718\/revisions\/1789"}],"wp:featuredmedia":[{"embeddable":true,"href":"https:\/\/timabelou.thuglifenforce2.ovh\/index.php\/wp-json\/wp\/v2\/media\/1788"}],"wp:attachment":[{"href":"https:\/\/timabelou.thuglifenforce2.ovh\/index.php\/wp-json\/wp\/v2\/media?parent=1718"}],"wp:term":[{"taxonomy":"product_brand","embeddable":true,"href":"https:\/\/timabelou.thuglifenforce2.ovh\/index.php\/wp-json\/wp\/v2\/product_brand?post=1718"},{"taxonomy":"product_cat","embeddable":true,"href":"https:\/\/timabelou.thuglifenforce2.ovh\/index.php\/wp-json\/wp\/v2\/product_cat?post=1718"},{"taxonomy":"product_tag","embeddable":true,"href":"https:\/\/timabelou.thuglifenforce2.ovh\/index.php\/wp-json\/wp\/v2\/product_tag?post=1718"}],"curies":[{"name":"wp","href":"https:\/\/api.w.org\/{rel}","templated":true}]}}