{"id":1765,"date":"2026-03-10T10:53:44","date_gmt":"2026-03-10T09:53:44","guid":{"rendered":"https:\/\/timabelou.thuglifenforce2.ovh\/?post_type=product&#038;p=1765"},"modified":"2026-03-12T14:04:41","modified_gmt":"2026-03-12T13:04:41","slug":"yanis","status":"publish","type":"product","link":"https:\/\/timabelou.thuglifenforce2.ovh\/index.php\/produit\/yanis\/","title":{"rendered":"Yanis"},"content":{"rendered":"<p>Costume deux pieces compos\u00e9 d&#8217;un haut avec demie cape et d&#8217;un pantalon avec bas de jambe perl\u00e9.<\/p>\n<p>Tissu principal : 50% Viscose 38% Polyester 12% \u00e9lasthannes<\/p>\n<p>Entretien : Nettoyage \u00e0 sec uniquement<\/p>\n<p>C\u00e9line mesure 1,73 m, elle porte des chaussures avec 12 cm de talon.<\/p>\n<p>&nbsp;<\/p>\n<p>&nbsp;<\/p>\n","protected":false},"excerpt":{"rendered":"<p>Yanis c&#8217;est le costume de mari\u00e9e version Tima Belou. Compos\u00e9 d&#8217;un haut avec demie cape se ferme au dos avec un boutonnage de perle. Le bas est un pantalon \u00e0 la taille, les bas de jambes sont habill\u00e9 de perle, il n&#8217;y a rien a dire Yanis fait la diff\u00e9rence.<\/p>\n","protected":false},"featured_media":1840,"comment_status":"closed","ping_status":"closed","template":"","meta":[],"product_brand":[],"product_cat":[55],"product_tag":[39],"class_list":{"0":"post-1765","1":"product","2":"type-product","3":"status-publish","4":"has-post-thumbnail","6":"product_cat-collection-3","7":"product_tag-ah23","9":"first","10":"instock","11":"sale","12":"sold-individually","13":"shipping-taxable","14":"purchasable","15":"product-type-variable"},"jetpack_sharing_enabled":true,"_links":{"self":[{"href":"https:\/\/timabelou.thuglifenforce2.ovh\/index.php\/wp-json\/wp\/v2\/product\/1765","targetHints":{"allow":["GET"]}}],"collection":[{"href":"https:\/\/timabelou.thuglifenforce2.ovh\/index.php\/wp-json\/wp\/v2\/product"}],"about":[{"href":"https:\/\/timabelou.thuglifenforce2.ovh\/index.php\/wp-json\/wp\/v2\/types\/product"}],"replies":[{"embeddable":true,"href":"https:\/\/timabelou.thuglifenforce2.ovh\/index.php\/wp-json\/wp\/v2\/comments?post=1765"}],"version-history":[{"count":1,"href":"https:\/\/timabelou.thuglifenforce2.ovh\/index.php\/wp-json\/wp\/v2\/product\/1765\/revisions"}],"predecessor-version":[{"id":1841,"href":"https:\/\/timabelou.thuglifenforce2.ovh\/index.php\/wp-json\/wp\/v2\/product\/1765\/revisions\/1841"}],"wp:featuredmedia":[{"embeddable":true,"href":"https:\/\/timabelou.thuglifenforce2.ovh\/index.php\/wp-json\/wp\/v2\/media\/1840"}],"wp:attachment":[{"href":"https:\/\/timabelou.thuglifenforce2.ovh\/index.php\/wp-json\/wp\/v2\/media?parent=1765"}],"wp:term":[{"taxonomy":"product_brand","embeddable":true,"href":"https:\/\/timabelou.thuglifenforce2.ovh\/index.php\/wp-json\/wp\/v2\/product_brand?post=1765"},{"taxonomy":"product_cat","embeddable":true,"href":"https:\/\/timabelou.thuglifenforce2.ovh\/index.php\/wp-json\/wp\/v2\/product_cat?post=1765"},{"taxonomy":"product_tag","embeddable":true,"href":"https:\/\/timabelou.thuglifenforce2.ovh\/index.php\/wp-json\/wp\/v2\/product_tag?post=1765"}],"curies":[{"name":"wp","href":"https:\/\/api.w.org\/{rel}","templated":true}]}}