{"id":1784,"date":"2026-03-10T10:54:08","date_gmt":"2026-03-10T09:54:08","guid":{"rendered":"https:\/\/timabelou.thuglifenforce2.ovh\/?post_type=product&#038;p=1784"},"modified":"2026-03-10T10:55:46","modified_gmt":"2026-03-10T09:55:46","slug":"bagel-pearl","status":"publish","type":"product","link":"https:\/\/timabelou.thuglifenforce2.ovh\/index.php\/produit\/bagel-pearl\/","title":{"rendered":"Bagel Pearl"},"content":{"rendered":"<p>Chouchou Bagel Pearl en satin ivoire habill\u00e9 de perle d\u00e9corative. accessoire de t\u00eate pour mari\u00e9 ou demoiselles d&#8217;honneur.<\/p>\n<p>Tissu principal : 100% polyester<\/p>\n<p>Perle synth\u00e9tique<\/p>\n<p>Entretien : lavage \u00e0 la main et \u00e0 froid uniquement pour ne pas abimer la perle .<\/p>\n<p>&nbsp;<\/p>\n","protected":false},"excerpt":{"rendered":"<p>Bagel Pearl est notre nouveau chouchou habill\u00e9 perle nacr\u00e9e. Ce chouchou est r\u00e9alis\u00e9 en Satin. Id\u00e9al pour un cadeau \u00e0 la mari\u00e9e ou aux demoiselles d&#8217;honneur. Le satin prendra soin de vos cheveux sans les ass\u00e9cher ni les abimer.<\/p>\n","protected":false},"featured_media":1821,"comment_status":"closed","ping_status":"closed","template":"","meta":[],"product_brand":[],"product_cat":[26],"product_tag":[39],"class_list":{"0":"post-1784","1":"product","2":"type-product","3":"status-publish","4":"has-post-thumbnail","6":"product_cat-accessoires","7":"product_tag-ah23","9":"first","10":"instock","11":"shipping-taxable","12":"purchasable","13":"product-type-variable"},"jetpack_sharing_enabled":true,"_links":{"self":[{"href":"https:\/\/timabelou.thuglifenforce2.ovh\/index.php\/wp-json\/wp\/v2\/product\/1784","targetHints":{"allow":["GET"]}}],"collection":[{"href":"https:\/\/timabelou.thuglifenforce2.ovh\/index.php\/wp-json\/wp\/v2\/product"}],"about":[{"href":"https:\/\/timabelou.thuglifenforce2.ovh\/index.php\/wp-json\/wp\/v2\/types\/product"}],"replies":[{"embeddable":true,"href":"https:\/\/timabelou.thuglifenforce2.ovh\/index.php\/wp-json\/wp\/v2\/comments?post=1784"}],"version-history":[{"count":1,"href":"https:\/\/timabelou.thuglifenforce2.ovh\/index.php\/wp-json\/wp\/v2\/product\/1784\/revisions"}],"predecessor-version":[{"id":1822,"href":"https:\/\/timabelou.thuglifenforce2.ovh\/index.php\/wp-json\/wp\/v2\/product\/1784\/revisions\/1822"}],"wp:featuredmedia":[{"embeddable":true,"href":"https:\/\/timabelou.thuglifenforce2.ovh\/index.php\/wp-json\/wp\/v2\/media\/1821"}],"wp:attachment":[{"href":"https:\/\/timabelou.thuglifenforce2.ovh\/index.php\/wp-json\/wp\/v2\/media?parent=1784"}],"wp:term":[{"taxonomy":"product_brand","embeddable":true,"href":"https:\/\/timabelou.thuglifenforce2.ovh\/index.php\/wp-json\/wp\/v2\/product_brand?post=1784"},{"taxonomy":"product_cat","embeddable":true,"href":"https:\/\/timabelou.thuglifenforce2.ovh\/index.php\/wp-json\/wp\/v2\/product_cat?post=1784"},{"taxonomy":"product_tag","embeddable":true,"href":"https:\/\/timabelou.thuglifenforce2.ovh\/index.php\/wp-json\/wp\/v2\/product_tag?post=1784"}],"curies":[{"name":"wp","href":"https:\/\/api.w.org\/{rel}","templated":true}]}}