{"id":1856,"date":"2026-03-10T10:55:52","date_gmt":"2026-03-10T09:55:52","guid":{"rendered":"https:\/\/timabelou.thuglifenforce2.ovh\/?post_type=product&#038;p=1856"},"modified":"2026-03-10T10:57:29","modified_gmt":"2026-03-10T09:57:29","slug":"carlotta-2","status":"publish","type":"product","link":"https:\/\/timabelou.thuglifenforce2.ovh\/index.php\/produit\/carlotta-2\/","title":{"rendered":"Carlotta"},"content":{"rendered":"<p>Robe Courte Carlotta<\/p>\n<p>Tissu principal : 80% Viscose 20%Polyester<\/p>\n<p>Doublure : 100% viscose<\/p>\n<p>Entretien : Nettoyage \u00e0 sec uniquement<\/p>\n<p>Lucie mesure 1,80 m, elle porte des chaussures avec 12 cm de talon.<\/p>\n<p>&nbsp;<\/p>\n<p>&nbsp;<\/p>\n","protected":false},"excerpt":{"rendered":"<p>Carlotta est s\u00e9duisante, sont d\u00e9tails d&#8217;ouverture et sont noeud en satin lui rajoute cette touche qui lui donne tout son caract\u00e8re.<\/p>\n","protected":false},"featured_media":1906,"comment_status":"closed","ping_status":"closed","template":"","meta":[],"product_brand":[],"product_cat":[30],"product_tag":[44],"class_list":{"0":"post-1856","1":"product","2":"type-product","3":"status-publish","4":"has-post-thumbnail","6":"product_cat-collection","7":"product_tag-ss24","9":"first","10":"instock","11":"sale","12":"sold-individually","13":"shipping-taxable","14":"purchasable","15":"product-type-variable"},"jetpack_sharing_enabled":true,"_links":{"self":[{"href":"https:\/\/timabelou.thuglifenforce2.ovh\/index.php\/wp-json\/wp\/v2\/product\/1856","targetHints":{"allow":["GET"]}}],"collection":[{"href":"https:\/\/timabelou.thuglifenforce2.ovh\/index.php\/wp-json\/wp\/v2\/product"}],"about":[{"href":"https:\/\/timabelou.thuglifenforce2.ovh\/index.php\/wp-json\/wp\/v2\/types\/product"}],"replies":[{"embeddable":true,"href":"https:\/\/timabelou.thuglifenforce2.ovh\/index.php\/wp-json\/wp\/v2\/comments?post=1856"}],"version-history":[{"count":1,"href":"https:\/\/timabelou.thuglifenforce2.ovh\/index.php\/wp-json\/wp\/v2\/product\/1856\/revisions"}],"predecessor-version":[{"id":1907,"href":"https:\/\/timabelou.thuglifenforce2.ovh\/index.php\/wp-json\/wp\/v2\/product\/1856\/revisions\/1907"}],"wp:featuredmedia":[{"embeddable":true,"href":"https:\/\/timabelou.thuglifenforce2.ovh\/index.php\/wp-json\/wp\/v2\/media\/1906"}],"wp:attachment":[{"href":"https:\/\/timabelou.thuglifenforce2.ovh\/index.php\/wp-json\/wp\/v2\/media?parent=1856"}],"wp:term":[{"taxonomy":"product_brand","embeddable":true,"href":"https:\/\/timabelou.thuglifenforce2.ovh\/index.php\/wp-json\/wp\/v2\/product_brand?post=1856"},{"taxonomy":"product_cat","embeddable":true,"href":"https:\/\/timabelou.thuglifenforce2.ovh\/index.php\/wp-json\/wp\/v2\/product_cat?post=1856"},{"taxonomy":"product_tag","embeddable":true,"href":"https:\/\/timabelou.thuglifenforce2.ovh\/index.php\/wp-json\/wp\/v2\/product_tag?post=1856"}],"curies":[{"name":"wp","href":"https:\/\/api.w.org\/{rel}","templated":true}]}}