{"id":1857,"date":"2026-03-10T10:55:53","date_gmt":"2026-03-10T09:55:53","guid":{"rendered":"https:\/\/timabelou.thuglifenforce2.ovh\/?post_type=product&#038;p=1857"},"modified":"2026-03-10T10:58:21","modified_gmt":"2026-03-10T09:58:21","slug":"carmen","status":"publish","type":"product","link":"https:\/\/timabelou.thuglifenforce2.ovh\/index.php\/produit\/carmen\/","title":{"rendered":"Carmen"},"content":{"rendered":"<p>Paire de pince \u00e0 cheveux Carmen \u00e0 fleur et orn\u00e9 de strass<\/p>\n<p>Ornement enti\u00e8rement r\u00e9alis\u00e9 et mont\u00e9 \u00e0 la main<\/p>\n<p>Couleurs : Nacre strass<\/p>\n<p>Mati\u00e8re : Filament m\u00e9tallique, gel nacr\u00e9, strass de synth\u00e8se<\/p>\n","protected":false},"excerpt":{"rendered":"<p>Pinces \u00e0 cheveux Carmen confectionn\u00e9 et mont\u00e9 \u00e0 la main.<\/p>\n<p>Carmen est vendu par 2, le d\u00e9tail des fleurs et du strass en son centre rend ces pinces parfaites pour vos chignons.<\/p>\n<p>&nbsp;<\/p>\n","protected":false},"featured_media":1935,"comment_status":"closed","ping_status":"closed","template":"","meta":[],"product_brand":[],"product_cat":[26],"product_tag":[44],"class_list":{"0":"post-1857","1":"product","2":"type-product","3":"status-publish","4":"has-post-thumbnail","6":"product_cat-accessoires","7":"product_tag-ss24","9":"first","10":"instock","11":"shipping-taxable","12":"purchasable","13":"product-type-simple"},"jetpack_sharing_enabled":true,"_links":{"self":[{"href":"https:\/\/timabelou.thuglifenforce2.ovh\/index.php\/wp-json\/wp\/v2\/product\/1857","targetHints":{"allow":["GET"]}}],"collection":[{"href":"https:\/\/timabelou.thuglifenforce2.ovh\/index.php\/wp-json\/wp\/v2\/product"}],"about":[{"href":"https:\/\/timabelou.thuglifenforce2.ovh\/index.php\/wp-json\/wp\/v2\/types\/product"}],"replies":[{"embeddable":true,"href":"https:\/\/timabelou.thuglifenforce2.ovh\/index.php\/wp-json\/wp\/v2\/comments?post=1857"}],"version-history":[{"count":1,"href":"https:\/\/timabelou.thuglifenforce2.ovh\/index.php\/wp-json\/wp\/v2\/product\/1857\/revisions"}],"predecessor-version":[{"id":1936,"href":"https:\/\/timabelou.thuglifenforce2.ovh\/index.php\/wp-json\/wp\/v2\/product\/1857\/revisions\/1936"}],"wp:featuredmedia":[{"embeddable":true,"href":"https:\/\/timabelou.thuglifenforce2.ovh\/index.php\/wp-json\/wp\/v2\/media\/1935"}],"wp:attachment":[{"href":"https:\/\/timabelou.thuglifenforce2.ovh\/index.php\/wp-json\/wp\/v2\/media?parent=1857"}],"wp:term":[{"taxonomy":"product_brand","embeddable":true,"href":"https:\/\/timabelou.thuglifenforce2.ovh\/index.php\/wp-json\/wp\/v2\/product_brand?post=1857"},{"taxonomy":"product_cat","embeddable":true,"href":"https:\/\/timabelou.thuglifenforce2.ovh\/index.php\/wp-json\/wp\/v2\/product_cat?post=1857"},{"taxonomy":"product_tag","embeddable":true,"href":"https:\/\/timabelou.thuglifenforce2.ovh\/index.php\/wp-json\/wp\/v2\/product_tag?post=1857"}],"curies":[{"name":"wp","href":"https:\/\/api.w.org\/{rel}","templated":true}]}}