{"id":1858,"date":"2026-03-10T10:55:53","date_gmt":"2026-03-10T09:55:53","guid":{"rendered":"https:\/\/timabelou.thuglifenforce2.ovh\/?post_type=product&#038;p=1858"},"modified":"2026-03-10T10:58:07","modified_gmt":"2026-03-10T09:58:07","slug":"maria","status":"publish","type":"product","link":"https:\/\/timabelou.thuglifenforce2.ovh\/index.php\/produit\/maria\/","title":{"rendered":"Maria"},"content":{"rendered":"<p>Maria ornement de t\u00eate \u00e0 fleur et orn\u00e9 de strass<\/p>\n<p>Ornement enti\u00e8rement r\u00e9alis\u00e9 et mont\u00e9 \u00e0 la main<\/p>\n<p>Couleurs : Nacre strass<\/p>\n<p>Mati\u00e8re : Filament m\u00e9talique, gel nacr\u00e9, strass de synth\u00e8se<\/p>\n","protected":false},"excerpt":{"rendered":"<p>Ornement de t\u00eate Maria ce bijoux enti\u00e8rement fait \u00e0 la main jusqu&#8217;a la r\u00e9alisation de chaque fleur ne peut que rendre ce bijoux unique.<\/p>\n<p>Ce bijoux de t\u00eate est mall\u00e9able, vous pourrez lui faire suivre la courbe qui vous plaira, il se fixe tr\u00e8s facilement avec des \u00e9pingle \u00e0 cheveux, tr\u00e8s l\u00e9ger vous ne le sentirez pas tout au long de votre journ\u00e9e.<\/p>\n<p>&nbsp;<\/p>\n","protected":false},"featured_media":1932,"comment_status":"closed","ping_status":"closed","template":"","meta":[],"product_brand":[],"product_cat":[26],"product_tag":[44],"class_list":{"0":"post-1858","1":"product","2":"type-product","3":"status-publish","4":"has-post-thumbnail","6":"product_cat-accessoires","7":"product_tag-ss24","9":"first","10":"instock","11":"shipping-taxable","12":"purchasable","13":"product-type-simple"},"jetpack_sharing_enabled":true,"_links":{"self":[{"href":"https:\/\/timabelou.thuglifenforce2.ovh\/index.php\/wp-json\/wp\/v2\/product\/1858","targetHints":{"allow":["GET"]}}],"collection":[{"href":"https:\/\/timabelou.thuglifenforce2.ovh\/index.php\/wp-json\/wp\/v2\/product"}],"about":[{"href":"https:\/\/timabelou.thuglifenforce2.ovh\/index.php\/wp-json\/wp\/v2\/types\/product"}],"replies":[{"embeddable":true,"href":"https:\/\/timabelou.thuglifenforce2.ovh\/index.php\/wp-json\/wp\/v2\/comments?post=1858"}],"version-history":[{"count":1,"href":"https:\/\/timabelou.thuglifenforce2.ovh\/index.php\/wp-json\/wp\/v2\/product\/1858\/revisions"}],"predecessor-version":[{"id":1933,"href":"https:\/\/timabelou.thuglifenforce2.ovh\/index.php\/wp-json\/wp\/v2\/product\/1858\/revisions\/1933"}],"wp:featuredmedia":[{"embeddable":true,"href":"https:\/\/timabelou.thuglifenforce2.ovh\/index.php\/wp-json\/wp\/v2\/media\/1932"}],"wp:attachment":[{"href":"https:\/\/timabelou.thuglifenforce2.ovh\/index.php\/wp-json\/wp\/v2\/media?parent=1858"}],"wp:term":[{"taxonomy":"product_brand","embeddable":true,"href":"https:\/\/timabelou.thuglifenforce2.ovh\/index.php\/wp-json\/wp\/v2\/product_brand?post=1858"},{"taxonomy":"product_cat","embeddable":true,"href":"https:\/\/timabelou.thuglifenforce2.ovh\/index.php\/wp-json\/wp\/v2\/product_cat?post=1858"},{"taxonomy":"product_tag","embeddable":true,"href":"https:\/\/timabelou.thuglifenforce2.ovh\/index.php\/wp-json\/wp\/v2\/product_tag?post=1858"}],"curies":[{"name":"wp","href":"https:\/\/api.w.org\/{rel}","templated":true}]}}