{"id":1900,"date":"2026-03-10T10:56:56","date_gmt":"2026-03-10T09:56:56","guid":{"rendered":"https:\/\/timabelou.thuglifenforce2.ovh\/?post_type=product&#038;p=1900"},"modified":"2026-03-12T14:02:58","modified_gmt":"2026-03-12T13:02:58","slug":"lelina","status":"publish","type":"product","link":"https:\/\/timabelou.thuglifenforce2.ovh\/index.php\/produit\/lelina\/","title":{"rendered":"L\u00e9lina"},"content":{"rendered":"<p>Robe courte Babydoll L\u00e9lina<\/p>\n<p>Chez Tima Belou on aime vous laisse vivre dans vos robe c&#8217;est pourquoi nous avons cr\u00e9er L\u00e9lina.Faite dans un satin d\u00e9licat la fluidit\u00e9 de son mouvement va vous aller \u00e0 merveille. On \u00e0 aussi cr\u00e9er L\u00e9lina pour qu&#8217;elle soit s\u00e9ductrice avec sont d\u00e9collet\u00e9 en coeur, pas de panique pour le maintient on vous cr\u00e9e un petit bustier int\u00e9rieur pour que vous vous sentier \u00e0 l&#8217;aise. Des petites manches volante et vous \u00eates pr\u00eate \u00e0 dire oui \u00e0 v\u00f4tre Ken.<\/p>\n<p>L\u00e9lina est mignonne mais aussi faite en France, encore mieux sont tissus provient du circuit upcycl\u00e9 pour une consommation encore plus raisonn\u00e9. Cerise sur le g\u00e2teau L\u00e9lina est propos\u00e9 en semi s\u00fbr-mesure pour une robe ajust\u00e9 au millim\u00e8tre pr\u00eat.<\/p>\n<p>&nbsp;<\/p>\n<p>Tissu principal : 80% Polyester &#8211; 20%Cotton<\/p>\n<p>Bustier : 80% Polyester &#8211; 20%Cotton<\/p>\n<p>Entretien : Nettoyage \u00e0 sec uniquement<\/p>\n<p>Lucie mesure 1,80 m, elle porte des chaussures avec 12 cm de talon.<\/p>\n","protected":false},"excerpt":{"rendered":"<p>Robe courte Babydoll L\u00e9lina<\/p>\n<p>On reste dans le mood Babydoll avec L\u00e9lina et on vous propose une version fluide et l\u00e9g\u00e8re comme on sait si bien le faire.<\/p>\n","protected":false},"featured_media":2002,"comment_status":"closed","ping_status":"closed","template":"","meta":[],"product_brand":[],"product_cat":[54],"product_tag":[45],"class_list":{"0":"post-1900","1":"product","2":"type-product","3":"status-publish","4":"has-post-thumbnail","6":"product_cat-collection-2","7":"product_tag-ss25","8":"product_shipping_class-robes-ile-de-france","10":"first","11":"instock","12":"sale","13":"sold-individually","14":"shipping-taxable","15":"purchasable","16":"product-type-variable"},"jetpack_sharing_enabled":true,"_links":{"self":[{"href":"https:\/\/timabelou.thuglifenforce2.ovh\/index.php\/wp-json\/wp\/v2\/product\/1900","targetHints":{"allow":["GET"]}}],"collection":[{"href":"https:\/\/timabelou.thuglifenforce2.ovh\/index.php\/wp-json\/wp\/v2\/product"}],"about":[{"href":"https:\/\/timabelou.thuglifenforce2.ovh\/index.php\/wp-json\/wp\/v2\/types\/product"}],"replies":[{"embeddable":true,"href":"https:\/\/timabelou.thuglifenforce2.ovh\/index.php\/wp-json\/wp\/v2\/comments?post=1900"}],"version-history":[{"count":1,"href":"https:\/\/timabelou.thuglifenforce2.ovh\/index.php\/wp-json\/wp\/v2\/product\/1900\/revisions"}],"predecessor-version":[{"id":2003,"href":"https:\/\/timabelou.thuglifenforce2.ovh\/index.php\/wp-json\/wp\/v2\/product\/1900\/revisions\/2003"}],"wp:featuredmedia":[{"embeddable":true,"href":"https:\/\/timabelou.thuglifenforce2.ovh\/index.php\/wp-json\/wp\/v2\/media\/2002"}],"wp:attachment":[{"href":"https:\/\/timabelou.thuglifenforce2.ovh\/index.php\/wp-json\/wp\/v2\/media?parent=1900"}],"wp:term":[{"taxonomy":"product_brand","embeddable":true,"href":"https:\/\/timabelou.thuglifenforce2.ovh\/index.php\/wp-json\/wp\/v2\/product_brand?post=1900"},{"taxonomy":"product_cat","embeddable":true,"href":"https:\/\/timabelou.thuglifenforce2.ovh\/index.php\/wp-json\/wp\/v2\/product_cat?post=1900"},{"taxonomy":"product_tag","embeddable":true,"href":"https:\/\/timabelou.thuglifenforce2.ovh\/index.php\/wp-json\/wp\/v2\/product_tag?post=1900"}],"curies":[{"name":"wp","href":"https:\/\/api.w.org\/{rel}","templated":true}]}}