{"id":1918,"date":"2026-03-10T10:57:37","date_gmt":"2026-03-10T09:57:37","guid":{"rendered":"https:\/\/timabelou.thuglifenforce2.ovh\/?post_type=product&#038;p=1918"},"modified":"2026-03-12T14:04:18","modified_gmt":"2026-03-12T13:04:18","slug":"peggy","status":"publish","type":"product","link":"https:\/\/timabelou.thuglifenforce2.ovh\/index.php\/produit\/peggy\/","title":{"rendered":"Peggy"},"content":{"rendered":"<p>Robe courte chic Peggy<\/p>\n<p>On vous la d\u00e9ssin\u00e9 cette robe courte, mignonne au possible pour un mariage chic<\/p>\n<p>On a voulu Peggy, mignonne, courte et fun. Son dos nue \u00e0 volant c&#8217;est le d\u00e9tail de cette robe. De face son col montant nou\u00e9 avec un ruban de satin vous donne un look clean et moderne, au dos c&#8217;est une allure d\u00e9sirable qui vous accueil. La robe courte Peggy est la vision fun de la robe civil, port\u00e9 avec une veste tailleur ou un gros gilet en mohair croyez nous vous allez faire mouche.<\/p>\n<p>Bien s\u00fbre Peggy est faite en France avec des mati\u00e8re issus du circuit upcycl\u00e9 pour une d\u00e9marche plus responsable. Ajustez la longueur de votre robe comme vous le souhaitez car elle est propos\u00e9 en semi sur-mesure.<\/p>\n<p>&nbsp;<\/p>\n<p>Tissu principal : 60% Viscose &#8211; 20%Cotton &#8211; 20 Polyester<\/p>\n<p>Doublure : 100% viscose<\/p>\n<p>Entretien : Nettoyage \u00e0 sec uniquement<\/p>\n<p>Lucie mesure 1,80 m, elle porte des chaussures avec 12 cm de talon.<\/p>\n","protected":false},"excerpt":{"rendered":"<p>Robe courte chic Peggy<\/p>\n<p>Peggy est aussi mignonne que moderne, on aime son dos nue, son d\u00e9tail de volant et son col montant.<\/p>\n","protected":false},"featured_media":1983,"comment_status":"closed","ping_status":"closed","template":"","meta":[],"product_brand":[],"product_cat":[54],"product_tag":[45],"class_list":{"0":"post-1918","1":"product","2":"type-product","3":"status-publish","4":"has-post-thumbnail","6":"product_cat-collection-2","7":"product_tag-ss25","8":"product_shipping_class-robes-ile-de-france","10":"first","11":"instock","12":"sale","13":"sold-individually","14":"shipping-taxable","15":"purchasable","16":"product-type-variable"},"jetpack_sharing_enabled":true,"_links":{"self":[{"href":"https:\/\/timabelou.thuglifenforce2.ovh\/index.php\/wp-json\/wp\/v2\/product\/1918","targetHints":{"allow":["GET"]}}],"collection":[{"href":"https:\/\/timabelou.thuglifenforce2.ovh\/index.php\/wp-json\/wp\/v2\/product"}],"about":[{"href":"https:\/\/timabelou.thuglifenforce2.ovh\/index.php\/wp-json\/wp\/v2\/types\/product"}],"replies":[{"embeddable":true,"href":"https:\/\/timabelou.thuglifenforce2.ovh\/index.php\/wp-json\/wp\/v2\/comments?post=1918"}],"version-history":[{"count":1,"href":"https:\/\/timabelou.thuglifenforce2.ovh\/index.php\/wp-json\/wp\/v2\/product\/1918\/revisions"}],"predecessor-version":[{"id":1984,"href":"https:\/\/timabelou.thuglifenforce2.ovh\/index.php\/wp-json\/wp\/v2\/product\/1918\/revisions\/1984"}],"wp:featuredmedia":[{"embeddable":true,"href":"https:\/\/timabelou.thuglifenforce2.ovh\/index.php\/wp-json\/wp\/v2\/media\/1983"}],"wp:attachment":[{"href":"https:\/\/timabelou.thuglifenforce2.ovh\/index.php\/wp-json\/wp\/v2\/media?parent=1918"}],"wp:term":[{"taxonomy":"product_brand","embeddable":true,"href":"https:\/\/timabelou.thuglifenforce2.ovh\/index.php\/wp-json\/wp\/v2\/product_brand?post=1918"},{"taxonomy":"product_cat","embeddable":true,"href":"https:\/\/timabelou.thuglifenforce2.ovh\/index.php\/wp-json\/wp\/v2\/product_cat?post=1918"},{"taxonomy":"product_tag","embeddable":true,"href":"https:\/\/timabelou.thuglifenforce2.ovh\/index.php\/wp-json\/wp\/v2\/product_tag?post=1918"}],"curies":[{"name":"wp","href":"https:\/\/api.w.org\/{rel}","templated":true}]}}