{"id":1927,"date":"2026-03-10T10:57:47","date_gmt":"2026-03-10T09:57:47","guid":{"rendered":"https:\/\/timabelou.thuglifenforce2.ovh\/?post_type=product&#038;p=1927"},"modified":"2026-03-12T14:02:05","modified_gmt":"2026-03-12T13:02:05","slug":"alba","status":"publish","type":"product","link":"https:\/\/timabelou.thuglifenforce2.ovh\/index.php\/produit\/alba\/","title":{"rendered":"Alba"},"content":{"rendered":"<p>Robe courte Alba<\/p>\n<p>On a voulu Alba avec un esprit Babydoll, son allure clean avec son encolure en ras de cou, vous ajouter \u00e0 ca son volant en bas de robe et vous avez la robe babydoll parfaite mais attention, Alba se tourne et vous devenez femme fatale avec son dos nue. On a rassembl\u00e9 tous les d\u00e9tails qui feront de vous une mari\u00e9e moderne et fatale.<\/p>\n<p>Alba a \u00e9t\u00e9 r\u00e9alis\u00e9 en tissus issu du circuit Upcycl\u00e9 et bien-sur cette beaut\u00e9 est faite en France et toujours en semi s\u00fbr-mesure pour que Alba puisse vous aller \u00e0 la perfection.<\/p>\n<p>Tissu principal : 60% Viscose &#8211; 20%Cotton &#8211; 20 Polyester<\/p>\n<p>Doublure : 100% viscose<\/p>\n<p>Entretien : Nettoyage \u00e0 sec uniquement<\/p>\n<p>Lucie mesure 1,80 m, elle porte des chaussures avec 12 cm de talon.<\/p>\n","protected":false},"excerpt":{"rendered":"<p>Robe courte Alba<\/p>\n<p>Un look babydool parfait pour une future mari\u00e9e qui respire la fra\u00eecheur et la modernit\u00e9 tout en gardant un c\u00f4t\u00e9 femme fatale.<\/p>\n","protected":false},"featured_media":1993,"comment_status":"closed","ping_status":"closed","template":"","meta":[],"product_brand":[],"product_cat":[54],"product_tag":[45],"class_list":{"0":"post-1927","1":"product","2":"type-product","3":"status-publish","4":"has-post-thumbnail","6":"product_cat-collection-2","7":"product_tag-ss25","8":"product_shipping_class-robes-ile-de-france","10":"first","11":"instock","12":"sale","13":"sold-individually","14":"shipping-taxable","15":"purchasable","16":"product-type-variable"},"jetpack_sharing_enabled":true,"_links":{"self":[{"href":"https:\/\/timabelou.thuglifenforce2.ovh\/index.php\/wp-json\/wp\/v2\/product\/1927","targetHints":{"allow":["GET"]}}],"collection":[{"href":"https:\/\/timabelou.thuglifenforce2.ovh\/index.php\/wp-json\/wp\/v2\/product"}],"about":[{"href":"https:\/\/timabelou.thuglifenforce2.ovh\/index.php\/wp-json\/wp\/v2\/types\/product"}],"replies":[{"embeddable":true,"href":"https:\/\/timabelou.thuglifenforce2.ovh\/index.php\/wp-json\/wp\/v2\/comments?post=1927"}],"version-history":[{"count":1,"href":"https:\/\/timabelou.thuglifenforce2.ovh\/index.php\/wp-json\/wp\/v2\/product\/1927\/revisions"}],"predecessor-version":[{"id":1994,"href":"https:\/\/timabelou.thuglifenforce2.ovh\/index.php\/wp-json\/wp\/v2\/product\/1927\/revisions\/1994"}],"wp:featuredmedia":[{"embeddable":true,"href":"https:\/\/timabelou.thuglifenforce2.ovh\/index.php\/wp-json\/wp\/v2\/media\/1993"}],"wp:attachment":[{"href":"https:\/\/timabelou.thuglifenforce2.ovh\/index.php\/wp-json\/wp\/v2\/media?parent=1927"}],"wp:term":[{"taxonomy":"product_brand","embeddable":true,"href":"https:\/\/timabelou.thuglifenforce2.ovh\/index.php\/wp-json\/wp\/v2\/product_brand?post=1927"},{"taxonomy":"product_cat","embeddable":true,"href":"https:\/\/timabelou.thuglifenforce2.ovh\/index.php\/wp-json\/wp\/v2\/product_cat?post=1927"},{"taxonomy":"product_tag","embeddable":true,"href":"https:\/\/timabelou.thuglifenforce2.ovh\/index.php\/wp-json\/wp\/v2\/product_tag?post=1927"}],"curies":[{"name":"wp","href":"https:\/\/api.w.org\/{rel}","templated":true}]}}