{"id":1948,"date":"2026-03-10T10:58:48","date_gmt":"2026-03-10T09:58:48","guid":{"rendered":"https:\/\/timabelou.thuglifenforce2.ovh\/?post_type=product&#038;p=1948"},"modified":"2026-03-12T13:59:31","modified_gmt":"2026-03-12T12:59:31","slug":"alice","status":"publish","type":"product","link":"https:\/\/timabelou.thuglifenforce2.ovh\/index.php\/produit\/alice\/","title":{"rendered":"Alice"},"content":{"rendered":"<p>Alice joue la carte de la s\u00e9duction cette saison.<\/p>\n<p>Son d\u00e9collet\u00e9 profond, sa taille marqu\u00e9 et son dos d\u00e9gag\u00e9 ont un faux aire de Marilyn Monroe vous ne trouvez pas ? Pour cette robe Tima Belou a voulu d\u00e9gager de la sensualit\u00e9, de la l\u00e9g\u00e8ret\u00e9 tout en respectant l&#8217;ADN Tima Belou tout en vous donnant une allure de star.<\/p>\n<p>On ne change pas nos habitudes cette beaut\u00e9 est faite en France, et est propos\u00e9 en semi sur mesure pour que cette robe vous aille comme un gant.<\/p>\n<p>Tissu principal : 70% Viscose &#8211; 10%Cotton &#8211; 30%Polyester<\/p>\n<p>Doublure : 100% viscose<\/p>\n<p>Entretien : Nettoyage \u00e0 sec uniquement<\/p>\n<p>Lucie mesure 1,80 m, elle porte des chaussures avec 11 cm de talon.<\/p>\n","protected":false},"excerpt":{"rendered":"<p>Robe longue Alice<\/p>\n<p>Ayez ce look Tapis rouge \u00e0 votre mariage, s\u00e9duisez l&#8217;assembl\u00e9&#8221; et laissez\u00a0 Alice r\u00e9v\u00e9ler la s\u00e9ductrice qui sommeil en vous.<\/p>\n","protected":false},"featured_media":2015,"comment_status":"closed","ping_status":"closed","template":"","meta":[],"product_brand":[],"product_cat":[53],"product_tag":[45],"class_list":{"0":"post-1948","1":"product","2":"type-product","3":"status-publish","4":"has-post-thumbnail","6":"product_cat-collection-1","7":"product_tag-ss25","8":"product_shipping_class-robes-ile-de-france","10":"first","11":"instock","12":"sold-individually","13":"shipping-taxable","14":"purchasable","15":"product-type-variable"},"jetpack_sharing_enabled":true,"_links":{"self":[{"href":"https:\/\/timabelou.thuglifenforce2.ovh\/index.php\/wp-json\/wp\/v2\/product\/1948","targetHints":{"allow":["GET"]}}],"collection":[{"href":"https:\/\/timabelou.thuglifenforce2.ovh\/index.php\/wp-json\/wp\/v2\/product"}],"about":[{"href":"https:\/\/timabelou.thuglifenforce2.ovh\/index.php\/wp-json\/wp\/v2\/types\/product"}],"replies":[{"embeddable":true,"href":"https:\/\/timabelou.thuglifenforce2.ovh\/index.php\/wp-json\/wp\/v2\/comments?post=1948"}],"version-history":[{"count":1,"href":"https:\/\/timabelou.thuglifenforce2.ovh\/index.php\/wp-json\/wp\/v2\/product\/1948\/revisions"}],"predecessor-version":[{"id":2016,"href":"https:\/\/timabelou.thuglifenforce2.ovh\/index.php\/wp-json\/wp\/v2\/product\/1948\/revisions\/2016"}],"wp:featuredmedia":[{"embeddable":true,"href":"https:\/\/timabelou.thuglifenforce2.ovh\/index.php\/wp-json\/wp\/v2\/media\/2015"}],"wp:attachment":[{"href":"https:\/\/timabelou.thuglifenforce2.ovh\/index.php\/wp-json\/wp\/v2\/media?parent=1948"}],"wp:term":[{"taxonomy":"product_brand","embeddable":true,"href":"https:\/\/timabelou.thuglifenforce2.ovh\/index.php\/wp-json\/wp\/v2\/product_brand?post=1948"},{"taxonomy":"product_cat","embeddable":true,"href":"https:\/\/timabelou.thuglifenforce2.ovh\/index.php\/wp-json\/wp\/v2\/product_cat?post=1948"},{"taxonomy":"product_tag","embeddable":true,"href":"https:\/\/timabelou.thuglifenforce2.ovh\/index.php\/wp-json\/wp\/v2\/product_tag?post=1948"}],"curies":[{"name":"wp","href":"https:\/\/api.w.org\/{rel}","templated":true}]}}