{"id":1951,"date":"2026-03-10T10:58:55","date_gmt":"2026-03-10T09:58:55","guid":{"rendered":"https:\/\/timabelou.thuglifenforce2.ovh\/?post_type=product&#038;p=1951"},"modified":"2026-03-12T14:00:48","modified_gmt":"2026-03-12T13:00:48","slug":"belle","status":"publish","type":"product","link":"https:\/\/timabelou.thuglifenforce2.ovh\/index.php\/produit\/belle\/","title":{"rendered":"Belle"},"content":{"rendered":"<p>&#8220;Belle c&#8217;est un mot qu&#8217;on dirait invent\u00e9 pour elle&#8221;<\/p>\n<p>Robe courte Belle bi-mati\u00e8re qui d\u00e9gage de la fragilit\u00e9 et un caract\u00e8re bien tremp\u00e9, laissez vous charmer par son volume libre, la douceur du geste de la mousseline et son dos qui feinte de s&#8217;\u00e9crouler. Danser avec l\u00e9g\u00e8ret\u00e9 et libert\u00e9 dans cette robe.<\/p>\n<p>On ne change pas nos habitudes cette beaut\u00e9 est faite en France, et est propos\u00e9 en semi sur mesure pour que cette robe vous aille comme un gant.<\/p>\n<p>Tissu principal : 70% Viscose &#8211; 10%Cotton &#8211; 30%Polyester<\/p>\n<p>Tissus mousseline : 100% Polyester<\/p>\n<p>Doublure : 100% viscose<\/p>\n<p>Entretien : Nettoyage \u00e0 sec uniquement<\/p>\n<p>Lucie mesure 1,80 m, elle porte des chaussures avec 11 cm de talon.<\/p>\n","protected":false},"excerpt":{"rendered":"<p>Robe courte Belle<\/p>\n<p>Belle casse les codes de la robe de mari\u00e9e. Elle envoute par sa douceur et son jeux de mati\u00e8re. Son dos vous offre une image moins douce que ce qu&#8217;elle y parait.<\/p>\n","protected":false},"featured_media":2048,"comment_status":"closed","ping_status":"closed","template":"","meta":[],"product_brand":[],"product_cat":[53],"product_tag":[45],"class_list":{"0":"post-1951","1":"product","2":"type-product","3":"status-publish","4":"has-post-thumbnail","6":"product_cat-collection-1","7":"product_tag-ss25","8":"product_shipping_class-robes-ile-de-france","10":"first","11":"instock","12":"sold-individually","13":"shipping-taxable","14":"purchasable","15":"product-type-variable"},"jetpack_sharing_enabled":true,"_links":{"self":[{"href":"https:\/\/timabelou.thuglifenforce2.ovh\/index.php\/wp-json\/wp\/v2\/product\/1951","targetHints":{"allow":["GET"]}}],"collection":[{"href":"https:\/\/timabelou.thuglifenforce2.ovh\/index.php\/wp-json\/wp\/v2\/product"}],"about":[{"href":"https:\/\/timabelou.thuglifenforce2.ovh\/index.php\/wp-json\/wp\/v2\/types\/product"}],"replies":[{"embeddable":true,"href":"https:\/\/timabelou.thuglifenforce2.ovh\/index.php\/wp-json\/wp\/v2\/comments?post=1951"}],"version-history":[{"count":1,"href":"https:\/\/timabelou.thuglifenforce2.ovh\/index.php\/wp-json\/wp\/v2\/product\/1951\/revisions"}],"predecessor-version":[{"id":2049,"href":"https:\/\/timabelou.thuglifenforce2.ovh\/index.php\/wp-json\/wp\/v2\/product\/1951\/revisions\/2049"}],"wp:featuredmedia":[{"embeddable":true,"href":"https:\/\/timabelou.thuglifenforce2.ovh\/index.php\/wp-json\/wp\/v2\/media\/2048"}],"wp:attachment":[{"href":"https:\/\/timabelou.thuglifenforce2.ovh\/index.php\/wp-json\/wp\/v2\/media?parent=1951"}],"wp:term":[{"taxonomy":"product_brand","embeddable":true,"href":"https:\/\/timabelou.thuglifenforce2.ovh\/index.php\/wp-json\/wp\/v2\/product_brand?post=1951"},{"taxonomy":"product_cat","embeddable":true,"href":"https:\/\/timabelou.thuglifenforce2.ovh\/index.php\/wp-json\/wp\/v2\/product_cat?post=1951"},{"taxonomy":"product_tag","embeddable":true,"href":"https:\/\/timabelou.thuglifenforce2.ovh\/index.php\/wp-json\/wp\/v2\/product_tag?post=1951"}],"curies":[{"name":"wp","href":"https:\/\/api.w.org\/{rel}","templated":true}]}}