{"id":2012,"date":"2026-03-10T11:02:23","date_gmt":"2026-03-10T10:02:23","guid":{"rendered":"https:\/\/timabelou.thuglifenforce2.ovh\/?post_type=product&#038;p=2012"},"modified":"2026-03-12T14:13:43","modified_gmt":"2026-03-12T13:13:43","slug":"lucie","status":"publish","type":"product","link":"https:\/\/timabelou.thuglifenforce2.ovh\/index.php\/produit\/lucie\/","title":{"rendered":"Lucie"},"content":{"rendered":"<p>Robe longue Lucie bijoux<\/p>\n<p>Tima Belou vous pr\u00e9sente la robe Lucie, qui a dit de \u00e9l\u00e9gance et sobri\u00e9t\u00e9 n&#8217;allait pas ensemble ? La robe longue de cette saison se veut simple mais travaill\u00e9 dans le d\u00e9tails, La poitrine accentu\u00e9 par son bijoux de sous poitrine , ses perles dansent avec vous et brilles avec vous.\u00a0 Laissez vos yeux se balader et vous y trouverez d&#8217;autres d\u00e9tails. Pour cette Collection Tima Belou vous a cr\u00e9er la robe Bijoux, ce bijoux qui fini votre allure, qui vous habille d&#8217;un rien<\/p>\n<p>La belle Lillie est fabriqu\u00e9 avec amour et minutie. On ne change pas nos habitudes cette beaut\u00e9 est faite en France, et est propos\u00e9 en semi sur mesure pour que cette robe vous aille comme un gant.<\/p>\n<p>Tissu principal : 60% Viscose &#8211; 40%Polyester<\/p>\n<p>Doublure : 100% viscose<\/p>\n<p>Entretien : Nettoyage \u00e0 sec uniquement<\/p>\n<p>La mannequin L\u00e9lina mesure 1,68 m, elle porte des chaussures avec 12 cm de talon.<\/p>\n","protected":false},"excerpt":{"rendered":"<p>Robe longue Lucie avec ornement Bijoux.<\/p>\n<p>Pour cette Collection Tima Belou vous a cr\u00e9er la robe Bijoux, ce bijoux qui fini votre allure, qui vous habille d&#8217;un rien<\/p>\n","protected":false},"featured_media":2069,"comment_status":"closed","ping_status":"closed","template":"","meta":[],"product_brand":[],"product_cat":[57],"product_tag":[47],"class_list":{"0":"post-2012","1":"product","2":"type-product","3":"status-publish","4":"has-post-thumbnail","6":"product_cat-collection-5","7":"product_tag-ss26","8":"product_shipping_class-robes-ile-de-france","10":"first","11":"instock","12":"sold-individually","13":"shipping-taxable","14":"purchasable","15":"product-type-variable"},"jetpack_sharing_enabled":true,"_links":{"self":[{"href":"https:\/\/timabelou.thuglifenforce2.ovh\/index.php\/wp-json\/wp\/v2\/product\/2012","targetHints":{"allow":["GET"]}}],"collection":[{"href":"https:\/\/timabelou.thuglifenforce2.ovh\/index.php\/wp-json\/wp\/v2\/product"}],"about":[{"href":"https:\/\/timabelou.thuglifenforce2.ovh\/index.php\/wp-json\/wp\/v2\/types\/product"}],"replies":[{"embeddable":true,"href":"https:\/\/timabelou.thuglifenforce2.ovh\/index.php\/wp-json\/wp\/v2\/comments?post=2012"}],"version-history":[{"count":1,"href":"https:\/\/timabelou.thuglifenforce2.ovh\/index.php\/wp-json\/wp\/v2\/product\/2012\/revisions"}],"predecessor-version":[{"id":2070,"href":"https:\/\/timabelou.thuglifenforce2.ovh\/index.php\/wp-json\/wp\/v2\/product\/2012\/revisions\/2070"}],"wp:featuredmedia":[{"embeddable":true,"href":"https:\/\/timabelou.thuglifenforce2.ovh\/index.php\/wp-json\/wp\/v2\/media\/2069"}],"wp:attachment":[{"href":"https:\/\/timabelou.thuglifenforce2.ovh\/index.php\/wp-json\/wp\/v2\/media?parent=2012"}],"wp:term":[{"taxonomy":"product_brand","embeddable":true,"href":"https:\/\/timabelou.thuglifenforce2.ovh\/index.php\/wp-json\/wp\/v2\/product_brand?post=2012"},{"taxonomy":"product_cat","embeddable":true,"href":"https:\/\/timabelou.thuglifenforce2.ovh\/index.php\/wp-json\/wp\/v2\/product_cat?post=2012"},{"taxonomy":"product_tag","embeddable":true,"href":"https:\/\/timabelou.thuglifenforce2.ovh\/index.php\/wp-json\/wp\/v2\/product_tag?post=2012"}],"curies":[{"name":"wp","href":"https:\/\/api.w.org\/{rel}","templated":true}]}}