{"id":2013,"date":"2026-03-10T11:02:24","date_gmt":"2026-03-10T10:02:24","guid":{"rendered":"https:\/\/timabelou.thuglifenforce2.ovh\/?post_type=product&#038;p=2013"},"modified":"2026-03-12T14:15:04","modified_gmt":"2026-03-12T13:15:04","slug":"delphine","status":"publish","type":"product","link":"https:\/\/timabelou.thuglifenforce2.ovh\/index.php\/produit\/delphine\/","title":{"rendered":"Delphine"},"content":{"rendered":"<p>Robe Delphine<\/p>\n<p>Pour cette seconde robe longue de la saison Tima Belou \u00e0 choisi de vous pr\u00e9senter Delphine, une robe compos\u00e9 qui allie allure et modernit\u00e9. Un dos ouvert, une fente avec d\u00e9tail, que l&#8217;on vous voie de Face ou de dos vous laissez \u00e0 voir et \u00e0 d\u00e9couvrir. Delphine se couvre de bijoux, ce bijoux de la collection.<\/p>\n<p>Tima Belou d\u00e9poussi\u00e8re l&#8217;image de la robe de mari\u00e9e et vous propose cette belle Delphine qui vous offre une coupe moderne et une vision du mariage plus douce et l\u00e9g\u00e8re. Une jupe qui monte \u00e0 la taille et vous cr\u00e9er une superbe silhouette, un top dos nu dans lequel vous vous sentez \u00e0 votre aise<\/p>\n<p>La belle Delphine est fabriqu\u00e9 avec amour et minutie. On ne change pas nos habitudes cette beaut\u00e9 est faite en France, et est propos\u00e9 en semi sur mesure pour que cette robe vous aille comme un gant.<\/p>\n<p>Tissu principal : 60% Viscose &#8211; 40%Polyester<\/p>\n<p>Doublure : 100% viscose<\/p>\n<p>Entretien : Nettoyage \u00e0 sec uniquement<\/p>\n<p>La mannequin L\u00e9lina mesure 1,68 m, elle porte des chaussures avec 12 cm de talon.<\/p>\n","protected":false},"excerpt":{"rendered":"<p>Robe longue Delphine avec ornement Bijoux.<\/p>\n<p>Tima Belou d\u00e9poussi\u00e8re la robe de mari\u00e9 et vous propose une alternative \u00e9l\u00e9gante tout en sobri\u00e9t\u00e9, la belle Delphine<\/p>\n","protected":false},"featured_media":2075,"comment_status":"closed","ping_status":"closed","template":"","meta":[],"product_brand":[],"product_cat":[57],"product_tag":[47],"class_list":{"0":"post-2013","1":"product","2":"type-product","3":"status-publish","4":"has-post-thumbnail","6":"product_cat-collection-5","7":"product_tag-ss26","8":"product_shipping_class-robes-ile-de-france","10":"first","11":"instock","12":"sold-individually","13":"shipping-taxable","14":"purchasable","15":"product-type-variable"},"jetpack_sharing_enabled":true,"_links":{"self":[{"href":"https:\/\/timabelou.thuglifenforce2.ovh\/index.php\/wp-json\/wp\/v2\/product\/2013","targetHints":{"allow":["GET"]}}],"collection":[{"href":"https:\/\/timabelou.thuglifenforce2.ovh\/index.php\/wp-json\/wp\/v2\/product"}],"about":[{"href":"https:\/\/timabelou.thuglifenforce2.ovh\/index.php\/wp-json\/wp\/v2\/types\/product"}],"replies":[{"embeddable":true,"href":"https:\/\/timabelou.thuglifenforce2.ovh\/index.php\/wp-json\/wp\/v2\/comments?post=2013"}],"version-history":[{"count":1,"href":"https:\/\/timabelou.thuglifenforce2.ovh\/index.php\/wp-json\/wp\/v2\/product\/2013\/revisions"}],"predecessor-version":[{"id":2076,"href":"https:\/\/timabelou.thuglifenforce2.ovh\/index.php\/wp-json\/wp\/v2\/product\/2013\/revisions\/2076"}],"wp:featuredmedia":[{"embeddable":true,"href":"https:\/\/timabelou.thuglifenforce2.ovh\/index.php\/wp-json\/wp\/v2\/media\/2075"}],"wp:attachment":[{"href":"https:\/\/timabelou.thuglifenforce2.ovh\/index.php\/wp-json\/wp\/v2\/media?parent=2013"}],"wp:term":[{"taxonomy":"product_brand","embeddable":true,"href":"https:\/\/timabelou.thuglifenforce2.ovh\/index.php\/wp-json\/wp\/v2\/product_brand?post=2013"},{"taxonomy":"product_cat","embeddable":true,"href":"https:\/\/timabelou.thuglifenforce2.ovh\/index.php\/wp-json\/wp\/v2\/product_cat?post=2013"},{"taxonomy":"product_tag","embeddable":true,"href":"https:\/\/timabelou.thuglifenforce2.ovh\/index.php\/wp-json\/wp\/v2\/product_tag?post=2013"}],"curies":[{"name":"wp","href":"https:\/\/api.w.org\/{rel}","templated":true}]}}