{"id":2036,"date":"2026-03-10T11:03:38","date_gmt":"2026-03-10T10:03:38","guid":{"rendered":"https:\/\/timabelou.thuglifenforce2.ovh\/?post_type=product&#038;p=2036"},"modified":"2026-03-12T14:14:37","modified_gmt":"2026-03-12T13:14:37","slug":"lillie","status":"publish","type":"product","link":"https:\/\/timabelou.thuglifenforce2.ovh\/index.php\/produit\/lillie\/","title":{"rendered":"Lillie"},"content":{"rendered":"<p>Robe courte Lillie<\/p>\n<p>Tima Belou a imagin\u00e9e pour vous Lillie, On l&#8217;a voulu \u00e9l\u00e9gante, mettant votre silhouette en valeur tout en mettant l&#8217;accent sur des d\u00e9tails bijoux qui fait le charme de cette collection. Lillie reste d\u00e9licate avec sa pluie de perle qui habille vos bras et que nous avons fait amovible pour vous laisser le choix de les porter ou non. Si nous devions r\u00e9sum\u00e9 Lillie une coupe qui met votre silhouette en valeur et vous pare de bijoux<\/p>\n<p>La belle Lillie est fabriqu\u00e9 avec amour et minutie. On ne change pas nos habitudes cette beaut\u00e9 est faite en France, et est propos\u00e9 en semi sur mesure pour que cette robe vous aille comme un gant.<\/p>\n<p>Tissu principal : 60% Viscose &#8211; 40%Polyester<\/p>\n<p>Doublure : 100% viscose<\/p>\n<p>Entretien : Nettoyage \u00e0 sec uniquement<\/p>\n<p>La mannequin L\u00e9lina mesure 1,68 m, elle porte des chaussures avec 12 cm de talon.<\/p>\n","protected":false},"excerpt":{"rendered":"<p>Une robe courte nomm\u00e9 Lillie qui a du charme, des d\u00e9tails de bijoux viennent parfaire cette robe cr\u00e9er pour vous.<\/p>\n","protected":false},"featured_media":2081,"comment_status":"closed","ping_status":"closed","template":"","meta":[],"product_brand":[],"product_cat":[57],"product_tag":[45],"class_list":{"0":"post-2036","1":"product","2":"type-product","3":"status-publish","4":"has-post-thumbnail","6":"product_cat-collection-5","7":"product_tag-ss25","8":"product_shipping_class-robes-ile-de-france","10":"first","11":"instock","12":"sold-individually","13":"shipping-taxable","14":"purchasable","15":"product-type-variable"},"jetpack_sharing_enabled":true,"_links":{"self":[{"href":"https:\/\/timabelou.thuglifenforce2.ovh\/index.php\/wp-json\/wp\/v2\/product\/2036","targetHints":{"allow":["GET"]}}],"collection":[{"href":"https:\/\/timabelou.thuglifenforce2.ovh\/index.php\/wp-json\/wp\/v2\/product"}],"about":[{"href":"https:\/\/timabelou.thuglifenforce2.ovh\/index.php\/wp-json\/wp\/v2\/types\/product"}],"replies":[{"embeddable":true,"href":"https:\/\/timabelou.thuglifenforce2.ovh\/index.php\/wp-json\/wp\/v2\/comments?post=2036"}],"version-history":[{"count":1,"href":"https:\/\/timabelou.thuglifenforce2.ovh\/index.php\/wp-json\/wp\/v2\/product\/2036\/revisions"}],"predecessor-version":[{"id":2082,"href":"https:\/\/timabelou.thuglifenforce2.ovh\/index.php\/wp-json\/wp\/v2\/product\/2036\/revisions\/2082"}],"wp:featuredmedia":[{"embeddable":true,"href":"https:\/\/timabelou.thuglifenforce2.ovh\/index.php\/wp-json\/wp\/v2\/media\/2081"}],"wp:attachment":[{"href":"https:\/\/timabelou.thuglifenforce2.ovh\/index.php\/wp-json\/wp\/v2\/media?parent=2036"}],"wp:term":[{"taxonomy":"product_brand","embeddable":true,"href":"https:\/\/timabelou.thuglifenforce2.ovh\/index.php\/wp-json\/wp\/v2\/product_brand?post=2036"},{"taxonomy":"product_cat","embeddable":true,"href":"https:\/\/timabelou.thuglifenforce2.ovh\/index.php\/wp-json\/wp\/v2\/product_cat?post=2036"},{"taxonomy":"product_tag","embeddable":true,"href":"https:\/\/timabelou.thuglifenforce2.ovh\/index.php\/wp-json\/wp\/v2\/product_tag?post=2036"}],"curies":[{"name":"wp","href":"https:\/\/api.w.org\/{rel}","templated":true}]}}