{"id":2037,"date":"2026-03-10T11:03:40","date_gmt":"2026-03-10T10:03:40","guid":{"rendered":"https:\/\/timabelou.thuglifenforce2.ovh\/?post_type=product&#038;p=2037"},"modified":"2026-03-12T14:12:12","modified_gmt":"2026-03-12T13:12:12","slug":"melina","status":"publish","type":"product","link":"https:\/\/timabelou.thuglifenforce2.ovh\/index.php\/produit\/melina\/","title":{"rendered":"Melina"},"content":{"rendered":"<p>Robe longueur midi Melina<\/p>\n<p>Nous somme tomb\u00e9s amoureuse de Melina vec des d\u00e9tails de bijoux. Une robe longueur midi, de la justesse de sa coupe. Si l&#8217;\u00e9l\u00e9gance devait avoir une robe on lui mettrait la robe Melina. Le d\u00e9tails de ses chaine l\u00e9g\u00e8res qui suivent vos mouvement apporte la douceur manquante \u00e0 son style si sobre et travaill\u00e9. Si il lui manquait un peu de s\u00e9duction c&#8217;est que vous ne l&#8217;avez pas vue de profile, Sa fente lat\u00e9ral qui remonte haut sur la cuisse attire votre regarde. On oublie pas le d\u00e9tail bijoux de la collection avec sa ligne de perle qui tombe d\u00e9licatement sur votre bras.<\/p>\n<p>Chaque perles est enfil\u00e9 \u00e0 la main une par une, chaque chaine est appos\u00e9 minutieusement<\/p>\n<p>Robe Melina avec d\u00e9tails de bijoux<\/p>\n<p>La belle M\u00e9lina est fabriqu\u00e9 avec amour et minutie. On ne change pas nos habitudes cette beaut\u00e9 est faite en France, et est propos\u00e9 en semi sur mesure pour que cette robe vous aille comme un gant.<\/p>\n<p>Tissu principal : 60% Viscose &#8211; 40%Polyester<\/p>\n<p>Doublure : 100% viscose<\/p>\n<p>Entretien : Nettoyage \u00e0 sec uniquement<\/p>\n<p>La mannequin L\u00e9lina mesure 1,68 m, elle porte des chaussures avec 12 cm de talon.<\/p>\n","protected":false},"excerpt":{"rendered":"<p>Tima Belou a le plaisir de vous pr\u00e9senter sa robe nomm\u00e9 Melina avec d\u00e9tails de bijoux, une robe sobre et \u00e9l\u00e9gante qui vous charme avec ses d\u00e9tails de chaine et de perles.<\/p>\n","protected":false},"featured_media":2088,"comment_status":"closed","ping_status":"closed","template":"","meta":[],"product_brand":[],"product_cat":[57],"product_tag":[45],"class_list":{"0":"post-2037","1":"product","2":"type-product","3":"status-publish","4":"has-post-thumbnail","6":"product_cat-collection-5","7":"product_tag-ss25","8":"product_shipping_class-robes-ile-de-france","10":"first","11":"instock","12":"sold-individually","13":"shipping-taxable","14":"purchasable","15":"product-type-variable"},"jetpack_sharing_enabled":true,"_links":{"self":[{"href":"https:\/\/timabelou.thuglifenforce2.ovh\/index.php\/wp-json\/wp\/v2\/product\/2037","targetHints":{"allow":["GET"]}}],"collection":[{"href":"https:\/\/timabelou.thuglifenforce2.ovh\/index.php\/wp-json\/wp\/v2\/product"}],"about":[{"href":"https:\/\/timabelou.thuglifenforce2.ovh\/index.php\/wp-json\/wp\/v2\/types\/product"}],"replies":[{"embeddable":true,"href":"https:\/\/timabelou.thuglifenforce2.ovh\/index.php\/wp-json\/wp\/v2\/comments?post=2037"}],"version-history":[{"count":1,"href":"https:\/\/timabelou.thuglifenforce2.ovh\/index.php\/wp-json\/wp\/v2\/product\/2037\/revisions"}],"predecessor-version":[{"id":2089,"href":"https:\/\/timabelou.thuglifenforce2.ovh\/index.php\/wp-json\/wp\/v2\/product\/2037\/revisions\/2089"}],"wp:featuredmedia":[{"embeddable":true,"href":"https:\/\/timabelou.thuglifenforce2.ovh\/index.php\/wp-json\/wp\/v2\/media\/2088"}],"wp:attachment":[{"href":"https:\/\/timabelou.thuglifenforce2.ovh\/index.php\/wp-json\/wp\/v2\/media?parent=2037"}],"wp:term":[{"taxonomy":"product_brand","embeddable":true,"href":"https:\/\/timabelou.thuglifenforce2.ovh\/index.php\/wp-json\/wp\/v2\/product_brand?post=2037"},{"taxonomy":"product_cat","embeddable":true,"href":"https:\/\/timabelou.thuglifenforce2.ovh\/index.php\/wp-json\/wp\/v2\/product_cat?post=2037"},{"taxonomy":"product_tag","embeddable":true,"href":"https:\/\/timabelou.thuglifenforce2.ovh\/index.php\/wp-json\/wp\/v2\/product_tag?post=2037"}],"curies":[{"name":"wp","href":"https:\/\/api.w.org\/{rel}","templated":true}]}}