{"id":2038,"date":"2026-03-10T11:03:42","date_gmt":"2026-03-10T10:03:42","guid":{"rendered":"https:\/\/timabelou.thuglifenforce2.ovh\/?post_type=product&#038;p=2038"},"modified":"2026-03-12T14:11:33","modified_gmt":"2026-03-12T13:11:33","slug":"wendy","status":"publish","type":"product","link":"https:\/\/timabelou.thuglifenforce2.ovh\/index.php\/produit\/wendy\/","title":{"rendered":"Wendy"},"content":{"rendered":"<p>Une robe de valeur nomm\u00e9e Wendy<\/p>\n<p>Nous avons cr\u00e9er Wendy avec beaucoup de tendresse et d&#8217;\u00e9l\u00e9gance. Nous habillons Wendy d&#8217;une coupe robe courte, nous la parsemons de d\u00e9coupes bien plac\u00e9s. Nous avons choisis une Wendy courte, une Wendy qui aime le d\u00e9calage de sa fente pour vous mettre \u00e0 l&#8217;aise. Nous adorons sont d\u00e9tails de bijoux en perles sur le buste.<\/p>\n<p>Nous aimons cette robe pour son sens du d\u00e9tail, ses bijoux pos\u00e9 justement et avec pr\u00e9cision.<\/p>\n<p>La belle Wendyest fabriqu\u00e9 \u00e0 Paris avec amour et minutie et la commande. On ne change pas nos habitudes cette beaut\u00e9 est faite en France, et est propos\u00e9 en semi sur mesure pour que cette robe vous aille comme un gant.<\/p>\n<p>Tissu principal : 60% Viscose &#8211; 40%Polyester<\/p>\n<p>Doublure : 100% viscose<\/p>\n<p>Entretien : Nettoyage \u00e0 sec uniquement<\/p>\n<p>La mannequin L\u00e9lina mesure 1,68 m, elle porte des chaussures avec 12 cm de talon.<\/p>\n","protected":false},"excerpt":{"rendered":"<p>Une robe courte nomm\u00e9 Wendy qui a du charme, des d\u00e9tails de bijoux viennent parfaire cette robe cr\u00e9er pour vous.<\/p>\n","protected":false},"featured_media":2094,"comment_status":"closed","ping_status":"closed","template":"","meta":[],"product_brand":[],"product_cat":[57],"product_tag":[45],"class_list":{"0":"post-2038","1":"product","2":"type-product","3":"status-publish","4":"has-post-thumbnail","6":"product_cat-collection-5","7":"product_tag-ss25","8":"product_shipping_class-robes-ile-de-france","10":"first","11":"instock","12":"sold-individually","13":"shipping-taxable","14":"purchasable","15":"product-type-variable"},"jetpack_sharing_enabled":true,"_links":{"self":[{"href":"https:\/\/timabelou.thuglifenforce2.ovh\/index.php\/wp-json\/wp\/v2\/product\/2038","targetHints":{"allow":["GET"]}}],"collection":[{"href":"https:\/\/timabelou.thuglifenforce2.ovh\/index.php\/wp-json\/wp\/v2\/product"}],"about":[{"href":"https:\/\/timabelou.thuglifenforce2.ovh\/index.php\/wp-json\/wp\/v2\/types\/product"}],"replies":[{"embeddable":true,"href":"https:\/\/timabelou.thuglifenforce2.ovh\/index.php\/wp-json\/wp\/v2\/comments?post=2038"}],"version-history":[{"count":2,"href":"https:\/\/timabelou.thuglifenforce2.ovh\/index.php\/wp-json\/wp\/v2\/product\/2038\/revisions"}],"predecessor-version":[{"id":2360,"href":"https:\/\/timabelou.thuglifenforce2.ovh\/index.php\/wp-json\/wp\/v2\/product\/2038\/revisions\/2360"}],"wp:featuredmedia":[{"embeddable":true,"href":"https:\/\/timabelou.thuglifenforce2.ovh\/index.php\/wp-json\/wp\/v2\/media\/2094"}],"wp:attachment":[{"href":"https:\/\/timabelou.thuglifenforce2.ovh\/index.php\/wp-json\/wp\/v2\/media?parent=2038"}],"wp:term":[{"taxonomy":"product_brand","embeddable":true,"href":"https:\/\/timabelou.thuglifenforce2.ovh\/index.php\/wp-json\/wp\/v2\/product_brand?post=2038"},{"taxonomy":"product_cat","embeddable":true,"href":"https:\/\/timabelou.thuglifenforce2.ovh\/index.php\/wp-json\/wp\/v2\/product_cat?post=2038"},{"taxonomy":"product_tag","embeddable":true,"href":"https:\/\/timabelou.thuglifenforce2.ovh\/index.php\/wp-json\/wp\/v2\/product_tag?post=2038"}],"curies":[{"name":"wp","href":"https:\/\/api.w.org\/{rel}","templated":true}]}}